{"id":11189,"date":"2022-10-07T11:22:30","date_gmt":"2022-10-07T11:22:30","guid":{"rendered":"https:\/\/www.palmaequipmentrental.com\/product\/ocf-beauty-dish-white-2\/"},"modified":"2023-10-11T14:32:58","modified_gmt":"2023-10-11T14:32:58","slug":"ocf-beauty-dish-white-2","status":"publish","type":"product","link":"https:\/\/palmaequipmentrental.com\/es\/photo-video-equipment-mallorca\/ocf-beauty-dish-white-2\/","title":{"rendered":"Profoto OCF Beauty Dish Blanco 2&#8242;"},"content":{"rendered":"<p><strong>Profoto OCF Beauty Dish Blanco 2&#8242; (61cm).<\/strong><br \/>\nUn Beauty Dish port\u00e1til y plegable\u00a0con un di\u00e1metro de 2&#8217;\/61cm para flashes OCF de Profoto.<\/p>\n<p>Nuestro OCF Beauty Dish viene con:<\/p>\n<ul>\n<li><strong>Speedring OCF.<\/strong><\/li>\n<li><strong>Placa deflectora.<\/strong><\/li>\n<li><strong>Tela difusora opcional.<\/strong><\/li>\n<\/ul>\n<p>El OCF Beauty Dish es una versi\u00f3n plegable y m\u00e1s port\u00e1til del cl\u00e1sico reflector de luz suave de Profoto. Crea una luz cremosa y a la vez n\u00edtida, a menudo denominada \u00abluz Beauty\u00bb. El Beauty Dish blanco proporciona una luz m\u00e1s suave y ligeramente m\u00e1s uniforme que su hom\u00f3logo plateado.<\/p>\n<p><strong>Es importante tener en cuenta:<\/strong><br \/>\nS\u00f3lo se recomienda para los flashes fuera de c\u00e1mara Profoto con luz de modelado LED como; B1X, B2 y el antiguo B1.<\/p>\n<p>No se puede utilizar con los monolights D1 y D2 ni con los cabezales est\u00e1ndar.<\/p>\n","protected":false},"excerpt":{"rendered":"<p>Profoto OCF Beauty Dish Blanco 2&#8242; (61cm). Un Beauty Dish port\u00e1til y plegable\u00a0con un di\u00e1metro de 2&#8217;\/61cm para flashes OCF de Profoto. Nuestro OCF Beauty Dish viene con: Speedring OCF. Placa deflectora. Tela difusora opcional. El OCF Beauty Dish es una versi\u00f3n plegable y m\u00e1s port\u00e1til del cl\u00e1sico reflector de luz suave de Profoto. Crea una luz cremosa y a [&hellip;]<\/p>\n","protected":false},"featured_media":11186,"template":"","meta":[],"product_cat":[787,235],"product_tag":[],"class_list":{"0":"post-11189","1":"product","2":"type-product","3":"status-publish","4":"has-post-thumbnail","6":"product_cat-ocf-modeladores-de-luz","7":"product_cat-ventanas-softboxes","9":"first","10":"instock","11":"shipping-taxable","12":"purchasable","13":"product-type-simple"},"_links":{"self":[{"href":"https:\/\/palmaequipmentrental.com\/es\/wp-json\/wp\/v2\/product\/11189","targetHints":{"allow":["GET"]}}],"collection":[{"href":"https:\/\/palmaequipmentrental.com\/es\/wp-json\/wp\/v2\/product"}],"about":[{"href":"https:\/\/palmaequipmentrental.com\/es\/wp-json\/wp\/v2\/types\/product"}],"wp:featuredmedia":[{"embeddable":true,"href":"https:\/\/palmaequipmentrental.com\/es\/wp-json\/wp\/v2\/media\/11186"}],"wp:attachment":[{"href":"https:\/\/palmaequipmentrental.com\/es\/wp-json\/wp\/v2\/media?parent=11189"}],"wp:term":[{"taxonomy":"product_cat","embeddable":true,"href":"https:\/\/palmaequipmentrental.com\/es\/wp-json\/wp\/v2\/product_cat?post=11189"},{"taxonomy":"product_tag","embeddable":true,"href":"https:\/\/palmaequipmentrental.com\/es\/wp-json\/wp\/v2\/product_tag?post=11189"}],"curies":[{"name":"wp","href":"https:\/\/api.w.org\/{rel}","templated":true}]}}