{"id":11198,"date":"2022-10-07T11:58:38","date_gmt":"2022-10-07T11:58:38","guid":{"rendered":"https:\/\/www.palmaequipmentrental.com\/product\/ocf-magnum-reflector\/"},"modified":"2023-10-11T14:32:28","modified_gmt":"2023-10-11T14:32:28","slug":"ocf-magnum-reflector","status":"publish","type":"product","link":"https:\/\/palmaequipmentrental.com\/es\/photo-video-equipment-mallorca\/ocf-magnum-reflector\/","title":{"rendered":"Profoto OCF Magnum Reflector"},"content":{"rendered":"<p><strong>Reflector Profoto OCF Magnum.<\/strong><br \/>\nDise\u00f1ado para sacar la m\u00e1xima potencia de los flashes de frente plano de Profoto.<\/p>\n<p>Es una gran opci\u00f3n si est\u00e1s fotografiando en exteriores. Puede utilizarlo sin las restricciones de calor de la luz de modelado que afectan a otros modificadores OCF.<br \/>\nA\u00f1ade casi 2 f-stops de salida de luz efectiva y un amplio rango de ajuste del \u00e1ngulo del haz.<\/p>\n<p><strong>Es importante tener en cuenta:<\/strong><\/p>\n<p>S\u00f3lo se recomienda para las luces con frontal plano de Profoto. Flash m\u00e1ximo de 1000Ws. Luz de modelado de 300 W como m\u00e1ximo. No puede utilizarse con antorchas ProHeads, Pro-B Heads, Acute\/D4 Heads o AcuteB Heads.<\/p>\n<p><strong>Caracter\u00edsticas:<\/strong><\/p>\n<ul>\n<li>Hasta 2 f-stops m\u00e1s de salida de luz.<\/li>\n<li>Crea una distribuci\u00f3n uniforme de la luz con una ca\u00edda suave.<\/li>\n<li>Dispersi\u00f3n de la luz ajustable 40-80\u2070 con monoluces Profoto<\/li>\n<li>Funci\u00f3n de zoom para ajustar la dispersi\u00f3n de la luz: da forma a la luz simplemente deslizando el reflector hacia delante y<\/li>\n<li>hacia atr\u00e1s en el cabezal.<\/li>\n<li>Dise\u00f1o compacto y ligero para su uso en exteriores.<\/li>\n<\/ul>\n","protected":false},"excerpt":{"rendered":"<p>Reflector Profoto OCF Magnum. Dise\u00f1ado para sacar la m\u00e1xima potencia de los flashes de frente plano de Profoto. Es una gran opci\u00f3n si est\u00e1s fotografiando en exteriores. Puede utilizarlo sin las restricciones de calor de la luz de modelado que afectan a otros modificadores OCF. A\u00f1ade casi 2 f-stops de salida de luz efectiva y un amplio rango de ajuste [&hellip;]<\/p>\n","protected":false},"featured_media":11195,"template":"","meta":[],"product_cat":[787],"product_tag":[],"class_list":{"0":"post-11198","1":"product","2":"type-product","3":"status-publish","4":"has-post-thumbnail","6":"product_cat-ocf-modeladores-de-luz","8":"first","9":"instock","10":"shipping-taxable","11":"purchasable","12":"product-type-simple"},"_links":{"self":[{"href":"https:\/\/palmaequipmentrental.com\/es\/wp-json\/wp\/v2\/product\/11198","targetHints":{"allow":["GET"]}}],"collection":[{"href":"https:\/\/palmaequipmentrental.com\/es\/wp-json\/wp\/v2\/product"}],"about":[{"href":"https:\/\/palmaequipmentrental.com\/es\/wp-json\/wp\/v2\/types\/product"}],"wp:featuredmedia":[{"embeddable":true,"href":"https:\/\/palmaequipmentrental.com\/es\/wp-json\/wp\/v2\/media\/11195"}],"wp:attachment":[{"href":"https:\/\/palmaequipmentrental.com\/es\/wp-json\/wp\/v2\/media?parent=11198"}],"wp:term":[{"taxonomy":"product_cat","embeddable":true,"href":"https:\/\/palmaequipmentrental.com\/es\/wp-json\/wp\/v2\/product_cat?post=11198"},{"taxonomy":"product_tag","embeddable":true,"href":"https:\/\/palmaequipmentrental.com\/es\/wp-json\/wp\/v2\/product_tag?post=11198"}],"curies":[{"name":"wp","href":"https:\/\/api.w.org\/{rel}","templated":true}]}}