{"id":11518,"date":"2022-10-25T12:20:46","date_gmt":"2022-10-25T12:20:47","guid":{"rendered":"https:\/\/www.palmaequipmentrental.com\/?post_type=product&#038;p=11518"},"modified":"2025-08-05T12:21:22","modified_gmt":"2025-08-05T12:21:22","slug":"hollyland-mars-400s-pro-kit","status":"publish","type":"product","link":"https:\/\/palmaequipmentrental.com\/es\/photo-video-equipment-mallorca\/hollyland-mars-400s-pro-kit\/","title":{"rendered":"Hollyland Mars 400S Pro Kit"},"content":{"rendered":"<p>Nuestro <strong>kit de transmisi\u00f3n inal\u00e1mbrica Hollyland Mars 400 Pr<\/strong>o incluye:<\/p>\n<ul>\n<li>1x\u00a0 ReceptorHollyland Mars 400 Pro<\/li>\n<li>1x\u00a0 Transmisor Hollyland Mars 400 Pro<\/li>\n<li>4x\u00a0 Areales Hollyland Mars 400 Pro<\/li>\n<li>2x\u00a0 Bater\u00edas Sony NP-F550<\/li>\n<li>2x Cargador de bater\u00eda para Sony F550<\/li>\n<li>1x\u00a0 Cable HyperThin HDMI a HDMI<\/li>\n<\/ul>\n<p>Transmite hasta 1080p 60 de v\u00eddeo inal\u00e1mbrico desde tu gimbal, c\u00e1mara sin espejo o DSLR a tu equipo de monitorizaci\u00f3n a trav\u00e9s de HDMI y SDI con una latencia extremadamente baja de 0,1s y una transmisi\u00f3n en l\u00ednea de visi\u00f3n de hasta 400&#8242; (122m).<\/p>\n<p><strong>Caracter\u00edsticas:<\/strong><\/p>\n<ul>\n<li>Transmite hasta 1080p 60 de v\u00eddeo SDI o HDMI<\/li>\n<li>Distancia de transmisi\u00f3n de 400&#8242; (122m) al receptor, 300&#8242; a la aplicaci\u00f3n<\/li>\n<li>Monitorizaci\u00f3n en tiempo real a trav\u00e9s de la aplicaci\u00f3n HollyView<\/li>\n<li>Transmite simult\u00e1neamente a dos receptores, a un receptor y dos aplicaciones, o a cuatro aplicaciones<\/li>\n<li>Entradas HDMI y SDI en el transmisor y salidas HDMI y SDI en el receptor<\/li>\n<li>Dos antenas en el transmisor y dos en el receptor<\/li>\n<li>Alimentaci\u00f3n a trav\u00e9s de la bater\u00eda NP-F550 incluida, el adaptador de corriente o la entrada USB Type-C<\/li>\n<li>Adaptador de zapata integrado con rosca de montaje de 1\/4&#8243;-20<\/li>\n<li>Instala el firmware opcional de escaneo de canales a trav\u00e9s de la app HollyView para encontrar la se\u00f1al m\u00e1s potente<\/li>\n<\/ul>\n<p><a href=\"https:\/\/youtu.be\/qZ9rJ0oofCg\">Check our video!<\/a><\/p>\n","protected":false},"excerpt":{"rendered":"<p>Nuestro kit de transmisi\u00f3n inal\u00e1mbrica Hollyland Mars 400 Pro incluye: 1x\u00a0 ReceptorHollyland Mars 400 Pro 1x\u00a0 Transmisor Hollyland Mars 400 Pro 4x\u00a0 Areales Hollyland Mars 400 Pro 2x\u00a0 Bater\u00edas Sony NP-F550 2x Cargador de bater\u00eda para Sony F550 1x\u00a0 Cable HyperThin HDMI a HDMI Transmite hasta 1080p 60 de v\u00eddeo inal\u00e1mbrico desde tu gimbal, c\u00e1mara sin espejo o DSLR a [&hellip;]<\/p>\n","protected":false},"featured_media":11521,"template":"","meta":[],"product_cat":[198,200,462],"product_tag":[],"class_list":{"0":"post-11518","1":"product","2":"type-product","3":"status-publish","4":"has-post-thumbnail","6":"product_cat-accesorios-de-camara-2","7":"product_cat-monitors-es","8":"product_cat-monitores","10":"first","11":"instock","12":"shipping-taxable","13":"purchasable","14":"product-type-simple"},"_links":{"self":[{"href":"https:\/\/palmaequipmentrental.com\/es\/wp-json\/wp\/v2\/product\/11518","targetHints":{"allow":["GET"]}}],"collection":[{"href":"https:\/\/palmaequipmentrental.com\/es\/wp-json\/wp\/v2\/product"}],"about":[{"href":"https:\/\/palmaequipmentrental.com\/es\/wp-json\/wp\/v2\/types\/product"}],"wp:featuredmedia":[{"embeddable":true,"href":"https:\/\/palmaequipmentrental.com\/es\/wp-json\/wp\/v2\/media\/11521"}],"wp:attachment":[{"href":"https:\/\/palmaequipmentrental.com\/es\/wp-json\/wp\/v2\/media?parent=11518"}],"wp:term":[{"taxonomy":"product_cat","embeddable":true,"href":"https:\/\/palmaequipmentrental.com\/es\/wp-json\/wp\/v2\/product_cat?post=11518"},{"taxonomy":"product_tag","embeddable":true,"href":"https:\/\/palmaequipmentrental.com\/es\/wp-json\/wp\/v2\/product_tag?post=11518"}],"curies":[{"name":"wp","href":"https:\/\/api.w.org\/{rel}","templated":true}]}}