{"id":11571,"date":"2022-11-04T09:49:02","date_gmt":"2022-11-04T09:49:03","guid":{"rendered":"https:\/\/www.palmaequipmentrental.com\/?post_type=product&#038;p=11571"},"modified":"2025-06-19T16:53:38","modified_gmt":"2025-06-19T16:53:38","slug":"pinza-cardellini-center-jaw-2","status":"publish","type":"product","link":"https:\/\/palmaequipmentrental.com\/es\/photo-video-equipment-mallorca\/pinza-cardellini-center-jaw-2\/","title":{"rendered":"Pinza Cardellini Center Jaw 2&#8243;"},"content":{"rendered":"<p>Eleva tu producci\u00f3n con la abrazadera Cardellini de mand\u00edbula central de 2&#8243;, ahora disponible en Palma Equipment Rental, un recurso de confianza para profesionales en Palma de Mallorca y en todas las Islas Baleares. Esta abrazadera es una combinaci\u00f3n perfecta de funcionalidad y versatilidad, convirti\u00e9ndola en una herramienta vital para sesiones de moda y publicidad que exigen precisi\u00f3n y facilidad.<\/p>\n<p>Detalles T\u00e9cnicos:<\/p>\n<ul>\n<li>Ancho de la mand\u00edbula: Aproximadamente 5.08 cm (2&#8243;)<\/li>\n<li>Dise\u00f1o de mand\u00edbula central para un agarre equilibrado y centrado<\/li>\n<li>Agarre fuerte y ajustable para una amplia gama de usos<\/li>\n<li>Mand\u00edbulas engomadas para garantizar un soporte seguro y sin da\u00f1os<\/li>\n<li>Ideal para montar c\u00e1maras, luces y accesorios en posiciones desafiantes<\/li>\n<\/ul>\n<p>\u00bfPor qu\u00e9 la necesitas? La abrazadera Cardellini de mand\u00edbula central de 2&#8243; est\u00e1 dise\u00f1ada para profesionales que valoran la eficiencia y la estabilidad en cada toma.<\/p>\n<p>Palma Equipment Rental es m\u00e1s que un proveedor de equipos promedio; somos un socio en tu viaje creativo. Nuestro extenso inventario incluye marcas l\u00edderes en la industria como Sony y Red, asegurando que tengas acceso a las mejores herramientas para tu proyecto. Con nuestro soporte t\u00e9cnico 24\/7, compromiso con la flexibilidad y servicio amigable, nos aseguramos de que tu visi\u00f3n creativa est\u00e9 completamente respaldada.<\/p>\n","protected":false},"excerpt":{"rendered":"<p>Eleva tu producci\u00f3n con la abrazadera Cardellini de mand\u00edbula central de 2&#8243;, ahora disponible en Palma Equipment Rental, un recurso de confianza para profesionales en Palma de Mallorca y en todas las Islas Baleares. Esta abrazadera es una combinaci\u00f3n perfecta de funcionalidad y versatilidad, convirti\u00e9ndola en una herramienta vital para sesiones de moda y publicidad que exigen precisi\u00f3n y facilidad. [&hellip;]<\/p>\n","protected":false},"featured_media":11574,"template":"","meta":[],"product_cat":[225,226],"product_tag":[],"class_list":{"0":"post-11571","1":"product","2":"type-product","3":"status-publish","4":"has-post-thumbnail","6":"product_cat-clamps-es","7":"product_cat-clamps2012-03-30-09-44-10-es","9":"first","10":"instock","11":"shipping-taxable","12":"purchasable","13":"product-type-simple"},"_links":{"self":[{"href":"https:\/\/palmaequipmentrental.com\/es\/wp-json\/wp\/v2\/product\/11571","targetHints":{"allow":["GET"]}}],"collection":[{"href":"https:\/\/palmaequipmentrental.com\/es\/wp-json\/wp\/v2\/product"}],"about":[{"href":"https:\/\/palmaequipmentrental.com\/es\/wp-json\/wp\/v2\/types\/product"}],"wp:featuredmedia":[{"embeddable":true,"href":"https:\/\/palmaequipmentrental.com\/es\/wp-json\/wp\/v2\/media\/11574"}],"wp:attachment":[{"href":"https:\/\/palmaequipmentrental.com\/es\/wp-json\/wp\/v2\/media?parent=11571"}],"wp:term":[{"taxonomy":"product_cat","embeddable":true,"href":"https:\/\/palmaequipmentrental.com\/es\/wp-json\/wp\/v2\/product_cat?post=11571"},{"taxonomy":"product_tag","embeddable":true,"href":"https:\/\/palmaequipmentrental.com\/es\/wp-json\/wp\/v2\/product_tag?post=11571"}],"curies":[{"name":"wp","href":"https:\/\/api.w.org\/{rel}","templated":true}]}}