{"id":11607,"date":"2022-11-17T09:55:38","date_gmt":"2022-11-17T09:55:38","guid":{"rendered":"https:\/\/www.palmaequipmentrental.com\/?post_type=product&#038;p=11607"},"modified":"2023-10-11T15:29:29","modified_gmt":"2023-10-11T15:29:29","slug":"ventana-chimera-daylight-plus-m-copy","status":"publish","type":"product","link":"https:\/\/palmaequipmentrental.com\/es\/photo-video-equipment-mallorca\/ventana-chimera-daylight-plus-m-copy\/","title":{"rendered":"Chimera Ventana Quartz Plus Medium"},"content":{"rendered":"<div class=\"ov-wrapper js-overview-desc\">\n<div class=\"ov-desc\">\n<p><strong>Ventana Chimera Quartz Plus Medium<\/strong> 36&#215;48&#8243; (90x120cm) con<strong> Speedring de chimera<\/strong> incluido.<\/p>\n<p>La profundidad del Quartz Plus es ideal para las luces sin cristal fresnel. Es menos profundo que el Chimera Daylite Plus dise\u00f1ado para luces Fresnel.<\/p>\n<p>Utilice esta ventana para obtener la luz m\u00e1s suave posible. La designaci\u00f3n \u00abPlus\u00bb significa que la cara frontal es desmontable. Se incluyen diferentes materiales de difusi\u00f3n.<br \/>\nSi se utiliza un 1\/2 o un 1\/4 de difusi\u00f3n en lugar de la tela difusora de 1 paso completo, o si se quita tela difusora de 1 paso completo interior, se obtendr\u00e1 m\u00e1s contraste, una transmisi\u00f3n de luz ligeramente mayor y una luz menos suave.<\/p>\n<p><strong>Especificaciones:\u00a0<\/strong><\/p>\n<ul>\n<li>Tama\u00f1o: 36&#215;48&#8243; (90x120cm)<\/li>\n<li>Capacidad de hasta 6.000 vatios<\/li>\n<li>Se adapta a di\u00e1metros de 9 a 21,5 pulgadas.<\/li>\n<\/ul>\n<p><strong>Telas incluidas:<\/strong><\/p>\n<ul>\n<li>Tela interior (tela de 1 f-stop)<\/li>\n<li>Tela de difusi\u00f3n frontal de 1 f-stop<\/li>\n<li>Tela de difusi\u00f3n frontal de 1\/2<\/li>\n<li>Tela de difusi\u00f3n frontal de 1\/4<\/li>\n<\/ul>\n<\/div>\n<\/div>\n","protected":false},"excerpt":{"rendered":"<p>Ventana Chimera Quartz Plus Medium 36&#215;48&#8243; (90x120cm) con Speedring de chimera incluido. La profundidad del Quartz Plus es ideal para las luces sin cristal fresnel. Es menos profundo que el Chimera Daylite Plus dise\u00f1ado para luces Fresnel. Utilice esta ventana para obtener la luz m\u00e1s suave posible. La designaci\u00f3n \u00abPlus\u00bb significa que la cara frontal es desmontable. Se incluyen diferentes [&hellip;]<\/p>\n","protected":false},"featured_media":11610,"template":"","meta":[],"product_cat":[399,440],"product_tag":[],"class_list":{"0":"post-11607","1":"product","2":"type-product","3":"status-publish","4":"has-post-thumbnail","6":"product_cat-ventanas","7":"product_cat-ventanas-es","9":"first","10":"instock","11":"shipping-taxable","12":"purchasable","13":"product-type-simple"},"_links":{"self":[{"href":"https:\/\/palmaequipmentrental.com\/es\/wp-json\/wp\/v2\/product\/11607","targetHints":{"allow":["GET"]}}],"collection":[{"href":"https:\/\/palmaequipmentrental.com\/es\/wp-json\/wp\/v2\/product"}],"about":[{"href":"https:\/\/palmaequipmentrental.com\/es\/wp-json\/wp\/v2\/types\/product"}],"wp:featuredmedia":[{"embeddable":true,"href":"https:\/\/palmaequipmentrental.com\/es\/wp-json\/wp\/v2\/media\/11610"}],"wp:attachment":[{"href":"https:\/\/palmaequipmentrental.com\/es\/wp-json\/wp\/v2\/media?parent=11607"}],"wp:term":[{"taxonomy":"product_cat","embeddable":true,"href":"https:\/\/palmaequipmentrental.com\/es\/wp-json\/wp\/v2\/product_cat?post=11607"},{"taxonomy":"product_tag","embeddable":true,"href":"https:\/\/palmaequipmentrental.com\/es\/wp-json\/wp\/v2\/product_tag?post=11607"}],"curies":[{"name":"wp","href":"https:\/\/api.w.org\/{rel}","templated":true}]}}