{"id":11618,"date":"2022-11-23T10:57:51","date_gmt":"2022-11-23T10:57:52","guid":{"rendered":"https:\/\/www.palmaequipmentrental.com\/?post_type=product&#038;p=11618"},"modified":"2025-06-13T13:15:41","modified_gmt":"2025-06-13T13:15:41","slug":"astera-titan-fp1-kit-2","status":"publish","type":"product","link":"https:\/\/palmaequipmentrental.com\/es\/photo-video-equipment-mallorca\/astera-titan-fp1-kit-2\/","title":{"rendered":"Astera Titan FP1 Kit"},"content":{"rendered":"<p><strong>Kit Astera Titan FP1 <\/strong>con 8 tubos Titan y todos los accesorios esenciales m\u00e1s el iPad para control remoto.<\/p>\n<p>Con PowerBox incluido para cargar los tubos en la maleta y tenerlos listos para su pr\u00f3ximo trabajo.<br \/>\nPara instalaciones m\u00e1s largas, la PowerBox se puede sacar de la maleta para suministrar energ\u00eda y datos.<\/p>\n<p><strong>Incluye:<\/strong><\/p>\n<ul>\n<li>8x Tubos (Titan FP1)<\/li>\n<li>1x PowerBox (FP1-PWB)<\/li>\n<li>16x EyeBolts (FP1-EBLT)<\/li>\n<li>16x Soporte (AX1-H)<\/li>\n<li>16x Babypin (AX1-BLT)<\/li>\n<li>8x Soporte (AX1-STD)<\/li>\n<li>1 cable PowerCON TRUE1<\/li>\n<li>8x cables DC<\/li>\n<li>1x mando a distancia<\/li>\n<li>1x Art7<\/li>\n<li>1x iPad<\/li>\n<\/ul>\n<p><strong>Especificaciones:<\/strong><\/p>\n<ul>\n<li>Potencia total del LED: 72 W<\/li>\n<li>Estroboscopio: 0-25 Hz<\/li>\n<li>Duraci\u00f3n de la bater\u00eda: Hasta 20 horas<\/li>\n<li>Autonom\u00eda de la bater\u00eda con brillo m\u00e1ximo: 1h 45min<\/li>\n<li>Tiempo de carga (nominal): 3 horas<\/li>\n<li>DMX: Con cable<\/li>\n<li>Protocolos inal\u00e1mbricos: CRMX, UHF, Bluetooth, WiFi<\/li>\n<li>Peso del tubo: 1,35 kg \/ 3 lbs<\/li>\n<li>Dimensiones del tubo: \u00d843 mm x 1035 mm\/ \u00d81.7&#8243; x H40.7&#8243;<\/li>\n<\/ul>\n","protected":false},"excerpt":{"rendered":"<p>Kit Astera Titan FP1 con 8 tubos Titan y todos los accesorios esenciales m\u00e1s el iPad para control remoto. Con PowerBox incluido para cargar los tubos en la maleta y tenerlos listos para su pr\u00f3ximo trabajo. Para instalaciones m\u00e1s largas, la PowerBox se puede sacar de la maleta para suministrar energ\u00eda y datos. Incluye: 8x Tubos (Titan FP1) 1x PowerBox [&hellip;]<\/p>\n","protected":false},"featured_media":11621,"template":"","meta":[],"product_cat":[238,239],"product_tag":[],"class_list":{"0":"post-11618","1":"product","2":"type-product","3":"status-publish","4":"has-post-thumbnail","6":"product_cat-led","7":"product_cat-luz-led","9":"first","10":"instock","11":"shipping-taxable","12":"purchasable","13":"product-type-simple"},"_links":{"self":[{"href":"https:\/\/palmaequipmentrental.com\/es\/wp-json\/wp\/v2\/product\/11618","targetHints":{"allow":["GET"]}}],"collection":[{"href":"https:\/\/palmaequipmentrental.com\/es\/wp-json\/wp\/v2\/product"}],"about":[{"href":"https:\/\/palmaequipmentrental.com\/es\/wp-json\/wp\/v2\/types\/product"}],"wp:featuredmedia":[{"embeddable":true,"href":"https:\/\/palmaequipmentrental.com\/es\/wp-json\/wp\/v2\/media\/11621"}],"wp:attachment":[{"href":"https:\/\/palmaequipmentrental.com\/es\/wp-json\/wp\/v2\/media?parent=11618"}],"wp:term":[{"taxonomy":"product_cat","embeddable":true,"href":"https:\/\/palmaequipmentrental.com\/es\/wp-json\/wp\/v2\/product_cat?post=11618"},{"taxonomy":"product_tag","embeddable":true,"href":"https:\/\/palmaequipmentrental.com\/es\/wp-json\/wp\/v2\/product_tag?post=11618"}],"curies":[{"name":"wp","href":"https:\/\/api.w.org\/{rel}","templated":true}]}}