{"id":11627,"date":"2022-11-23T11:30:25","date_gmt":"2022-11-23T11:30:26","guid":{"rendered":"https:\/\/www.palmaequipmentrental.com\/?post_type=product&#038;p=11627"},"modified":"2025-06-13T13:22:13","modified_gmt":"2025-06-13T13:22:13","slug":"astera-titan-fp1-tubo","status":"publish","type":"product","link":"https:\/\/palmaequipmentrental.com\/es\/photo-video-equipment-mallorca\/astera-titan-fp1-tubo\/","title":{"rendered":"Astera Titan FP1 Tubo"},"content":{"rendered":"<p><strong>Tubo Astera Titan FP1<\/strong><br \/>\nEmite blancos potentes y sintonizables con un rendimiento de color ultra alto, as\u00ed como luz de color que puede aplicarse a p\u00edxeles individuales o a todo el tubo.<\/p>\n<p><strong>Incluye:<\/strong><\/p>\n<ul>\n<li>1x Tubo Titan FP1<\/li>\n<li>1x Cargador<\/li>\n<li>2x EyeBolts (FP1-EBLT)<\/li>\n<li>2x Soporte de tubo (AX1-H)<\/li>\n<li>2x Babypin (AX1-BLT)<\/li>\n<li>1x Soporte (AX1-STD)<\/li>\n<\/ul>\n<p><strong>Especificaciones:<\/strong><\/p>\n<ul>\n<li>Potencia total de los LEDs: 72 W (48W de consumo)<\/li>\n<li>Estroboscopio: 0-25 Hz<\/li>\n<li>Duraci\u00f3n de la bater\u00eda: Hasta 20 horas<\/li>\n<li>Autonom\u00eda de la bater\u00eda con brillo m\u00e1ximo: 1h 45min<\/li>\n<li>Tiempo de carga (nominal): 3 horas<\/li>\n<li>DMX: Con cable<\/li>\n<li>Protocolos inal\u00e1mbricos: CRMX, UHF, Bluetooth, WiFi<\/li>\n<li>Peso del tubo: 1,35 kg \/ 3 lbs<\/li>\n<li>Dimensiones del tubo: \u00d843 mm x 1035 mm\/ \u00d81.7&#8243; x H40.7&#8243;<\/li>\n<\/ul>\n","protected":false},"excerpt":{"rendered":"<p>Tubo Astera Titan FP1 Emite blancos potentes y sintonizables con un rendimiento de color ultra alto, as\u00ed como luz de color que puede aplicarse a p\u00edxeles individuales o a todo el tubo. Incluye: 1x Tubo Titan FP1 1x Cargador 2x EyeBolts (FP1-EBLT) 2x Soporte de tubo (AX1-H) 2x Babypin (AX1-BLT) 1x Soporte (AX1-STD) Especificaciones: Potencia total de los LEDs: 72 [&hellip;]<\/p>\n","protected":false},"featured_media":11630,"template":"","meta":[],"product_cat":[239,238],"product_tag":[],"class_list":{"0":"post-11627","1":"product","2":"type-product","3":"status-publish","4":"has-post-thumbnail","6":"product_cat-luz-led","7":"product_cat-led","9":"first","10":"instock","11":"shipping-taxable","12":"purchasable","13":"product-type-simple"},"_links":{"self":[{"href":"https:\/\/palmaequipmentrental.com\/es\/wp-json\/wp\/v2\/product\/11627","targetHints":{"allow":["GET"]}}],"collection":[{"href":"https:\/\/palmaequipmentrental.com\/es\/wp-json\/wp\/v2\/product"}],"about":[{"href":"https:\/\/palmaequipmentrental.com\/es\/wp-json\/wp\/v2\/types\/product"}],"wp:featuredmedia":[{"embeddable":true,"href":"https:\/\/palmaequipmentrental.com\/es\/wp-json\/wp\/v2\/media\/11630"}],"wp:attachment":[{"href":"https:\/\/palmaequipmentrental.com\/es\/wp-json\/wp\/v2\/media?parent=11627"}],"wp:term":[{"taxonomy":"product_cat","embeddable":true,"href":"https:\/\/palmaequipmentrental.com\/es\/wp-json\/wp\/v2\/product_cat?post=11627"},{"taxonomy":"product_tag","embeddable":true,"href":"https:\/\/palmaequipmentrental.com\/es\/wp-json\/wp\/v2\/product_tag?post=11627"}],"curies":[{"name":"wp","href":"https:\/\/api.w.org\/{rel}","templated":true}]}}