{"id":11640,"date":"2022-11-23T13:09:44","date_gmt":"2022-11-23T13:09:44","guid":{"rendered":"https:\/\/www.palmaequipmentrental.com\/?post_type=product&#038;p=11640"},"modified":"2025-06-17T12:48:12","modified_gmt":"2025-06-17T12:48:12","slug":"joker-bug-400w","status":"publish","type":"product","link":"https:\/\/palmaequipmentrental.com\/es\/photo-video-equipment-mallorca\/joker-bug-400w\/","title":{"rendered":"Joker Bug 400w"},"content":{"rendered":"<p>Kit de iluminaci\u00f3n<strong> Joker Bug 400w<\/strong> de K5600.<br \/>\nLuz HMI de alta potencia, equivalente a 4 veces la potencia de luces de tungsteno de potencia similar.<\/p>\n<p><strong>Incluye:<\/strong><\/p>\n<ul>\n<li>Antorcha y balastro Joker Bug 400w<\/li>\n<li>C\u00fapula transparente<\/li>\n<li>C\u00fapula esmerilada<\/li>\n<li>Reflector de cine<\/li>\n<li>Viseras<\/li>\n<li>2x Cables de 10m<\/li>\n<li>Juego de lentes (4 piezas)<\/li>\n<\/ul>\n<p><strong>Especificaciones:<\/strong><\/p>\n<ul>\n<li>Conector (portal\u00e1mparas): GZZ 9.5<\/li>\n<li>Montaje: Soporte de tr\u00edpode de 5\/8&#8243;<\/li>\n<li>Dimensiones: 10.5&#8243; x 7.9&#8243; x 3.3&#8243;<\/li>\n<\/ul>\n","protected":false},"excerpt":{"rendered":"<p>Kit de iluminaci\u00f3n Joker Bug 400w de K5600. Luz HMI de alta potencia, equivalente a 4 veces la potencia de luces de tungsteno de potencia similar. Incluye: Antorcha y balastro Joker Bug 400w C\u00fapula transparente C\u00fapula esmerilada Reflector de cine Viseras 2x Cables de 10m Juego de lentes (4 piezas) Especificaciones: Conector (portal\u00e1mparas): GZZ 9.5 Montaje: Soporte de tr\u00edpode de [&hellip;]<\/p>\n","protected":false},"featured_media":11646,"template":"","meta":[],"product_cat":[232,231],"product_tag":[],"class_list":{"0":"post-11640","1":"product","2":"type-product","3":"status-publish","4":"has-post-thumbnail","6":"product_cat-luz-continua-2","7":"product_cat-luz-dia","9":"first","10":"instock","11":"shipping-taxable","12":"purchasable","13":"product-type-simple"},"_links":{"self":[{"href":"https:\/\/palmaequipmentrental.com\/es\/wp-json\/wp\/v2\/product\/11640","targetHints":{"allow":["GET"]}}],"collection":[{"href":"https:\/\/palmaequipmentrental.com\/es\/wp-json\/wp\/v2\/product"}],"about":[{"href":"https:\/\/palmaequipmentrental.com\/es\/wp-json\/wp\/v2\/types\/product"}],"wp:featuredmedia":[{"embeddable":true,"href":"https:\/\/palmaequipmentrental.com\/es\/wp-json\/wp\/v2\/media\/11646"}],"wp:attachment":[{"href":"https:\/\/palmaequipmentrental.com\/es\/wp-json\/wp\/v2\/media?parent=11640"}],"wp:term":[{"taxonomy":"product_cat","embeddable":true,"href":"https:\/\/palmaequipmentrental.com\/es\/wp-json\/wp\/v2\/product_cat?post=11640"},{"taxonomy":"product_tag","embeddable":true,"href":"https:\/\/palmaequipmentrental.com\/es\/wp-json\/wp\/v2\/product_tag?post=11640"}],"curies":[{"name":"wp","href":"https:\/\/api.w.org\/{rel}","templated":true}]}}