{"id":11660,"date":"2022-11-24T09:35:28","date_gmt":"2022-11-24T09:35:29","guid":{"rendered":"https:\/\/www.palmaequipmentrental.com\/?post_type=product&#038;p=11660"},"modified":"2025-06-18T15:34:40","modified_gmt":"2025-06-18T15:34:40","slug":"lector-tarjetas-cfexpress","status":"publish","type":"product","link":"https:\/\/palmaequipmentrental.com\/es\/photo-video-equipment-mallorca\/lector-tarjetas-cfexpress\/","title":{"rendered":"Lector de Tarjetas CFexpress"},"content":{"rendered":"<p>Este <strong>lector de tarjetas CFexpress Extreme PRO<\/strong> lee\/escribe tarjetas CFexpress de tipo B2 para un flujo de trabajo fluido y eficiente desde la localizaci\u00f3n hasta la posproducci\u00f3n. Tambi\u00e9n tiene conexi\u00f3n USB-C para utilizarlo con los ordenadores m\u00e1s modernos, y viene con un adaptador para utilizarlo en ordenadores USB 2 y 3 m\u00e1s antiguos.<\/p>\n","protected":false},"excerpt":{"rendered":"<p>Este lector de tarjetas CFexpress Extreme PRO lee\/escribe tarjetas CFexpress de tipo B2 para un flujo de trabajo fluido y eficiente desde la localizaci\u00f3n hasta la posproducci\u00f3n. Tambi\u00e9n tiene conexi\u00f3n USB-C para utilizarlo con los ordenadores m\u00e1s modernos, y viene con un adaptador para utilizarlo en ordenadores USB 2 y 3 m\u00e1s antiguos.<\/p>\n","protected":false},"featured_media":11663,"template":"","meta":[],"product_cat":[411,444],"product_tag":[],"class_list":{"0":"post-11660","1":"product","2":"type-product","3":"status-publish","4":"has-post-thumbnail","6":"product_cat-tarjetas","7":"product_cat-tarjetas-lectores","9":"first","10":"instock","11":"shipping-taxable","12":"purchasable","13":"product-type-simple"},"_links":{"self":[{"href":"https:\/\/palmaequipmentrental.com\/es\/wp-json\/wp\/v2\/product\/11660","targetHints":{"allow":["GET"]}}],"collection":[{"href":"https:\/\/palmaequipmentrental.com\/es\/wp-json\/wp\/v2\/product"}],"about":[{"href":"https:\/\/palmaequipmentrental.com\/es\/wp-json\/wp\/v2\/types\/product"}],"wp:featuredmedia":[{"embeddable":true,"href":"https:\/\/palmaequipmentrental.com\/es\/wp-json\/wp\/v2\/media\/11663"}],"wp:attachment":[{"href":"https:\/\/palmaequipmentrental.com\/es\/wp-json\/wp\/v2\/media?parent=11660"}],"wp:term":[{"taxonomy":"product_cat","embeddable":true,"href":"https:\/\/palmaequipmentrental.com\/es\/wp-json\/wp\/v2\/product_cat?post=11660"},{"taxonomy":"product_tag","embeddable":true,"href":"https:\/\/palmaequipmentrental.com\/es\/wp-json\/wp\/v2\/product_tag?post=11660"}],"curies":[{"name":"wp","href":"https:\/\/api.w.org\/{rel}","templated":true}]}}