{"id":11668,"date":"2022-11-24T13:36:57","date_gmt":"2022-11-24T13:36:57","guid":{"rendered":"https:\/\/www.palmaequipmentrental.com\/?post_type=product&#038;p=11668"},"modified":"2025-06-24T15:18:11","modified_gmt":"2025-06-24T15:18:11","slug":"skypanel-adaptador-v-mount","status":"publish","type":"product","link":"https:\/\/palmaequipmentrental.com\/es\/photo-video-equipment-mallorca\/skypanel-adaptador-v-mount\/","title":{"rendered":"Skypanel Adaptador V-Mount"},"content":{"rendered":"<p><strong>Adaptador para bater\u00edas V-Mount para Skypanel S60<\/strong><\/p>\n<p>El adaptador de bater\u00eda V-Mount para SkyPanel permite acoplar dos bater\u00edas estilo V-Mount al SkyPanel. Con un cable corto, el adaptador de bater\u00eda hace que el SkyPanel sea realmente m\u00f3vil.<\/p>\n<p>Ambas bater\u00edas son necesarias para suministrar el voltaje correcto al foco.<\/p>\n<ul>\n<li>Monta dos bater\u00edas V-Mount \/ V-Lock (en serie)<\/li>\n<li>Sistema de liberaci\u00f3n r\u00e1pida del SkyPanel<\/li>\n<li>Interruptor de encendido\/apagado<\/li>\n<li>Salida XLR de 4 pines<\/li>\n<li>Incluye XLR de 4 pines de 0,5 m y 3 m<\/li>\n<li>S\u00f3lo para los SkyPanels S30, S60 o S120<\/li>\n<\/ul>\n","protected":false},"excerpt":{"rendered":"<p>Adaptador para bater\u00edas V-Mount para Skypanel S60 El adaptador de bater\u00eda V-Mount para SkyPanel permite acoplar dos bater\u00edas estilo V-Mount al SkyPanel. Con un cable corto, el adaptador de bater\u00eda hace que el SkyPanel sea realmente m\u00f3vil. Ambas bater\u00edas son necesarias para suministrar el voltaje correcto al foco. Monta dos bater\u00edas V-Mount \/ V-Lock (en serie) Sistema de liberaci\u00f3n r\u00e1pida [&hellip;]<\/p>\n","protected":false},"featured_media":11671,"template":"","meta":[],"product_cat":[764,768],"product_tag":[],"class_list":{"0":"post-11668","1":"product","2":"type-product","3":"status-publish","4":"has-post-thumbnail","6":"product_cat-skypanel-es","7":"product_cat-skypanel-v-es","9":"first","10":"instock","11":"shipping-taxable","12":"purchasable","13":"product-type-simple"},"_links":{"self":[{"href":"https:\/\/palmaequipmentrental.com\/es\/wp-json\/wp\/v2\/product\/11668","targetHints":{"allow":["GET"]}}],"collection":[{"href":"https:\/\/palmaequipmentrental.com\/es\/wp-json\/wp\/v2\/product"}],"about":[{"href":"https:\/\/palmaequipmentrental.com\/es\/wp-json\/wp\/v2\/types\/product"}],"wp:featuredmedia":[{"embeddable":true,"href":"https:\/\/palmaequipmentrental.com\/es\/wp-json\/wp\/v2\/media\/11671"}],"wp:attachment":[{"href":"https:\/\/palmaequipmentrental.com\/es\/wp-json\/wp\/v2\/media?parent=11668"}],"wp:term":[{"taxonomy":"product_cat","embeddable":true,"href":"https:\/\/palmaequipmentrental.com\/es\/wp-json\/wp\/v2\/product_cat?post=11668"},{"taxonomy":"product_tag","embeddable":true,"href":"https:\/\/palmaequipmentrental.com\/es\/wp-json\/wp\/v2\/product_tag?post=11668"}],"curies":[{"name":"wp","href":"https:\/\/api.w.org\/{rel}","templated":true}]}}