{"id":11685,"date":"2022-11-25T10:26:22","date_gmt":"2022-11-25T10:26:22","guid":{"rendered":"https:\/\/www.palmaequipmentrental.com\/?post_type=product&#038;p=11685"},"modified":"2025-06-13T13:40:07","modified_gmt":"2025-06-13T13:40:07","slug":"bateria-canon-lp-e6-nh","status":"publish","type":"product","link":"https:\/\/palmaequipmentrental.com\/es\/photo-video-equipment-mallorca\/bateria-canon-lp-e6-nh\/","title":{"rendered":"Canon Bater\u00eda LP-E6NH"},"content":{"rendered":"<p><strong>Bater\u00eda Canon LP-E6NH<\/strong> para la c\u00e1mara Canon EOS R5.<br \/>\nTambi\u00e9n es compatible con las c\u00e1maras que utilizan bater\u00edas LP-E6N, como EOS 5D Mark IV.<\/p>\n<ul>\n<li>Se adapta al cargador de bater\u00edas LC-E6E<\/li>\n<li>Tecnolog\u00eda de iones de litio<\/li>\n<li>Hasta 2130mAh de capacidad (14 % m\u00e1s que la LP-E6N)<\/li>\n<li>Compatible con c\u00e1maras que utilizan bater\u00edas LP-E6 y LP-E6N<\/li>\n<\/ul>\n<p><strong>Compatible con:<\/strong><\/p>\n<ul>\n<li>EOS R5<\/li>\n<li>EOS R5<\/li>\n<li>EOS R6<\/li>\n<li>EOS R6 Mark II<\/li>\n<li>EOS R7<\/li>\n<li>EOS R10<\/li>\n<li>EOS R<\/li>\n<li>EOS Ra<\/li>\n<\/ul>\n<ul>\n<li>EOS 5D Mark IV<\/li>\n<li>EOS 5D Mark III<\/li>\n<li>EOS 5D Mark II<\/li>\n<li>EOS 6D<\/li>\n<li>EOS 6D Mark II<\/li>\n<li>EOS 5Ds R<\/li>\n<li>EOS 5Ds<\/li>\n<\/ul>\n<ul>\n<li>EOS 90D<\/li>\n<li>EOS 7D<\/li>\n<li>EOS 7D Mark II<\/li>\n<li>EOS 80D<\/li>\n<li>EOS 70D<\/li>\n<li>EOS 60Da<\/li>\n<li>EOS 60D<\/li>\n<\/ul>\n","protected":false},"excerpt":{"rendered":"<p>Bater\u00eda Canon LP-E6NH para la c\u00e1mara Canon EOS R5. Tambi\u00e9n es compatible con las c\u00e1maras que utilizan bater\u00edas LP-E6N, como EOS 5D Mark IV. Se adapta al cargador de bater\u00edas LC-E6E Tecnolog\u00eda de iones de litio Hasta 2130mAh de capacidad (14 % m\u00e1s que la LP-E6N) Compatible con c\u00e1maras que utilizan bater\u00edas LP-E6 y LP-E6N Compatible con: EOS R5 EOS [&hellip;]<\/p>\n","protected":false},"featured_media":11691,"template":"","meta":[],"product_cat":[392,442],"product_tag":[],"class_list":{"0":"post-11685","1":"product","2":"type-product","3":"status-publish","4":"has-post-thumbnail","6":"product_cat-baterias-cargadores-es","7":"product_cat-baterias-cargadores-es-2","9":"first","10":"instock","11":"shipping-taxable","12":"purchasable","13":"product-type-simple"},"_links":{"self":[{"href":"https:\/\/palmaequipmentrental.com\/es\/wp-json\/wp\/v2\/product\/11685","targetHints":{"allow":["GET"]}}],"collection":[{"href":"https:\/\/palmaequipmentrental.com\/es\/wp-json\/wp\/v2\/product"}],"about":[{"href":"https:\/\/palmaequipmentrental.com\/es\/wp-json\/wp\/v2\/types\/product"}],"wp:featuredmedia":[{"embeddable":true,"href":"https:\/\/palmaequipmentrental.com\/es\/wp-json\/wp\/v2\/media\/11691"}],"wp:attachment":[{"href":"https:\/\/palmaequipmentrental.com\/es\/wp-json\/wp\/v2\/media?parent=11685"}],"wp:term":[{"taxonomy":"product_cat","embeddable":true,"href":"https:\/\/palmaequipmentrental.com\/es\/wp-json\/wp\/v2\/product_cat?post=11685"},{"taxonomy":"product_tag","embeddable":true,"href":"https:\/\/palmaequipmentrental.com\/es\/wp-json\/wp\/v2\/product_tag?post=11685"}],"curies":[{"name":"wp","href":"https:\/\/api.w.org\/{rel}","templated":true}]}}