{"id":11703,"date":"2022-11-25T12:23:18","date_gmt":"2022-11-25T12:23:19","guid":{"rendered":"https:\/\/www.palmaequipmentrental.com\/?post_type=product&#038;p=11703"},"modified":"2025-06-12T10:33:23","modified_gmt":"2025-06-12T10:33:23","slug":"adaptador-super-clamp-skypanel-s60","status":"publish","type":"product","link":"https:\/\/palmaequipmentrental.com\/es\/photo-video-equipment-mallorca\/adaptador-super-clamp-skypanel-s60\/","title":{"rendered":"Adaptador Super Clamp SkyPanel S60"},"content":{"rendered":"<p>El <strong>Adaptador Super Clamp para Luces LED SkyPanel S60<\/strong> y S30 PSU de ARRI se acopla a la fuente de alimentaci\u00f3n del SkyPanel sin necesidad de herramientas, permitiendo su montaje en una amplia variedad de objetos, incluyendo secciones de soportes de luz y truss.<\/p>\n<ul>\n<li>Se acopla a la fuente de alimentaci\u00f3n del SkyPanel o a las placas adaptadoras de la bater\u00eda<\/li>\n<li>Viene con Super Clamp para el montaje en una variedad de objetos<\/li>\n<li>El sistema sin herramientas permite una r\u00e1pida fijaci\u00f3n y liberaci\u00f3n de la PSU<\/li>\n<\/ul>\n","protected":false},"excerpt":{"rendered":"<p>El Adaptador Super Clamp para Luces LED SkyPanel S60 y S30 PSU de ARRI se acopla a la fuente de alimentaci\u00f3n del SkyPanel sin necesidad de herramientas, permitiendo su montaje en una amplia variedad de objetos, incluyendo secciones de soportes de luz y truss. Se acopla a la fuente de alimentaci\u00f3n del SkyPanel o a las placas adaptadoras de la [&hellip;]<\/p>\n","protected":false},"featured_media":11706,"template":"","meta":[],"product_cat":[226,764,768],"product_tag":[],"class_list":{"0":"post-11703","1":"product","2":"type-product","3":"status-publish","4":"has-post-thumbnail","6":"product_cat-clamps2012-03-30-09-44-10-es","7":"product_cat-skypanel-es","8":"product_cat-skypanel-v-es","10":"first","11":"instock","12":"shipping-taxable","13":"purchasable","14":"product-type-simple"},"_links":{"self":[{"href":"https:\/\/palmaequipmentrental.com\/es\/wp-json\/wp\/v2\/product\/11703","targetHints":{"allow":["GET"]}}],"collection":[{"href":"https:\/\/palmaequipmentrental.com\/es\/wp-json\/wp\/v2\/product"}],"about":[{"href":"https:\/\/palmaequipmentrental.com\/es\/wp-json\/wp\/v2\/types\/product"}],"wp:featuredmedia":[{"embeddable":true,"href":"https:\/\/palmaequipmentrental.com\/es\/wp-json\/wp\/v2\/media\/11706"}],"wp:attachment":[{"href":"https:\/\/palmaequipmentrental.com\/es\/wp-json\/wp\/v2\/media?parent=11703"}],"wp:term":[{"taxonomy":"product_cat","embeddable":true,"href":"https:\/\/palmaequipmentrental.com\/es\/wp-json\/wp\/v2\/product_cat?post=11703"},{"taxonomy":"product_tag","embeddable":true,"href":"https:\/\/palmaequipmentrental.com\/es\/wp-json\/wp\/v2\/product_tag?post=11703"}],"curies":[{"name":"wp","href":"https:\/\/api.w.org\/{rel}","templated":true}]}}