{"id":11709,"date":"2022-11-25T13:28:39","date_gmt":"2022-11-25T13:28:40","guid":{"rendered":"https:\/\/www.palmaequipmentrental.com\/?post_type=product&#038;p=11709"},"modified":"2025-06-24T15:22:04","modified_gmt":"2025-06-24T15:22:04","slug":"skypanel-difusor-lite-s60","status":"publish","type":"product","link":"https:\/\/palmaequipmentrental.com\/es\/photo-video-equipment-mallorca\/skypanel-difusor-lite-s60\/","title":{"rendered":"SkyPanel Difusor Lite para S60"},"content":{"rendered":"<p>Panel <strong>difusor Lite para el SkyPanel S60<\/strong> de ARRI.<\/p>\n<p>Ayuda a suavizar la salida de luz blanca creando tambi\u00e9n un haz homog\u00e9neo para una distribuci\u00f3n uniforme de la luz. Es r\u00e1pido de implementar, ya que el material de pl\u00e1stico r\u00edgido y el marco met\u00e1lico se deslizan f\u00e1cilmente en la ranura de difusi\u00f3n en la parte frontal de la luz.<\/p>\n<p><strong>Caracter\u00edsticas principales<\/strong><\/p>\n<ul>\n<li>Suaviza la salida de luz<\/li>\n<li>Garantiza una distribuci\u00f3n uniforme de la luz<\/li>\n<li>Material de pl\u00e1stico r\u00edgido con marco met\u00e1lico<\/li>\n<\/ul>\n","protected":false},"excerpt":{"rendered":"<p>Panel difusor Lite para el SkyPanel S60 de ARRI. Ayuda a suavizar la salida de luz blanca creando tambi\u00e9n un haz homog\u00e9neo para una distribuci\u00f3n uniforme de la luz. Es r\u00e1pido de implementar, ya que el material de pl\u00e1stico r\u00edgido y el marco met\u00e1lico se deslizan f\u00e1cilmente en la ranura de difusi\u00f3n en la parte frontal de la luz. Caracter\u00edsticas [&hellip;]<\/p>\n","protected":false},"featured_media":11712,"template":"","meta":[],"product_cat":[768,764],"product_tag":[],"class_list":{"0":"post-11709","1":"product","2":"type-product","3":"status-publish","4":"has-post-thumbnail","6":"product_cat-skypanel-v-es","7":"product_cat-skypanel-es","9":"first","10":"instock","11":"shipping-taxable","12":"purchasable","13":"product-type-simple"},"_links":{"self":[{"href":"https:\/\/palmaequipmentrental.com\/es\/wp-json\/wp\/v2\/product\/11709","targetHints":{"allow":["GET"]}}],"collection":[{"href":"https:\/\/palmaequipmentrental.com\/es\/wp-json\/wp\/v2\/product"}],"about":[{"href":"https:\/\/palmaequipmentrental.com\/es\/wp-json\/wp\/v2\/types\/product"}],"wp:featuredmedia":[{"embeddable":true,"href":"https:\/\/palmaequipmentrental.com\/es\/wp-json\/wp\/v2\/media\/11712"}],"wp:attachment":[{"href":"https:\/\/palmaequipmentrental.com\/es\/wp-json\/wp\/v2\/media?parent=11709"}],"wp:term":[{"taxonomy":"product_cat","embeddable":true,"href":"https:\/\/palmaequipmentrental.com\/es\/wp-json\/wp\/v2\/product_cat?post=11709"},{"taxonomy":"product_tag","embeddable":true,"href":"https:\/\/palmaequipmentrental.com\/es\/wp-json\/wp\/v2\/product_tag?post=11709"}],"curies":[{"name":"wp","href":"https:\/\/api.w.org\/{rel}","templated":true}]}}