{"id":11715,"date":"2022-11-25T13:37:23","date_gmt":"2022-11-25T13:37:23","guid":{"rendered":"https:\/\/www.palmaequipmentrental.com\/?post_type=product&#038;p=11715"},"modified":"2025-06-17T12:23:37","modified_gmt":"2025-06-17T12:23:37","slug":"intensificador-skypanel-s60","status":"publish","type":"product","link":"https:\/\/palmaequipmentrental.com\/es\/photo-video-equipment-mallorca\/intensificador-skypanel-s60\/","title":{"rendered":"Intensificador Skypanel S60"},"content":{"rendered":"<p>Con el <strong>intensificador para Skypanel S60<\/strong> de ARRI, aumente la salida de su Softlight LED S60-C. Este panel aumenta la potencia hasta en un 50% mientras mantiene un haz de luz homog\u00e9neo y suave. Tambi\u00e9n reenfoca parte de la luz hacia una direcci\u00f3n m\u00e1s frontal, dando como resultado un \u00e1ngulo de 74\u00b0.<\/p>\n<p><strong>Caracter\u00edsticas principales<\/strong><\/p>\n<ul>\n<li>Aumenta el rendimiento hasta en un 50%<\/li>\n<li>Mantiene un haz de luz suave y homog\u00e9neo<\/li>\n<li>Crea un \u00e1ngulo de 74\u00b0<\/li>\n<\/ul>\n","protected":false},"excerpt":{"rendered":"<p>Con el intensificador para Skypanel S60 de ARRI, aumente la salida de su Softlight LED S60-C. Este panel aumenta la potencia hasta en un 50% mientras mantiene un haz de luz homog\u00e9neo y suave. Tambi\u00e9n reenfoca parte de la luz hacia una direcci\u00f3n m\u00e1s frontal, dando como resultado un \u00e1ngulo de 74\u00b0. Caracter\u00edsticas principales Aumenta el rendimiento hasta en un [&hellip;]<\/p>\n","protected":false},"featured_media":11721,"template":"","meta":[],"product_cat":[768,764],"product_tag":[],"class_list":{"0":"post-11715","1":"product","2":"type-product","3":"status-publish","4":"has-post-thumbnail","6":"product_cat-skypanel-v-es","7":"product_cat-skypanel-es","9":"first","10":"instock","11":"shipping-taxable","12":"purchasable","13":"product-type-simple"},"_links":{"self":[{"href":"https:\/\/palmaequipmentrental.com\/es\/wp-json\/wp\/v2\/product\/11715","targetHints":{"allow":["GET"]}}],"collection":[{"href":"https:\/\/palmaequipmentrental.com\/es\/wp-json\/wp\/v2\/product"}],"about":[{"href":"https:\/\/palmaequipmentrental.com\/es\/wp-json\/wp\/v2\/types\/product"}],"wp:featuredmedia":[{"embeddable":true,"href":"https:\/\/palmaequipmentrental.com\/es\/wp-json\/wp\/v2\/media\/11721"}],"wp:attachment":[{"href":"https:\/\/palmaequipmentrental.com\/es\/wp-json\/wp\/v2\/media?parent=11715"}],"wp:term":[{"taxonomy":"product_cat","embeddable":true,"href":"https:\/\/palmaequipmentrental.com\/es\/wp-json\/wp\/v2\/product_cat?post=11715"},{"taxonomy":"product_tag","embeddable":true,"href":"https:\/\/palmaequipmentrental.com\/es\/wp-json\/wp\/v2\/product_tag?post=11715"}],"curies":[{"name":"wp","href":"https:\/\/api.w.org\/{rel}","templated":true}]}}