{"id":11751,"date":"2022-12-07T11:15:13","date_gmt":"2022-12-07T11:15:14","guid":{"rendered":"https:\/\/www.palmaequipmentrental.com\/?post_type=product&#038;p=11751"},"modified":"2025-06-13T13:52:32","modified_gmt":"2025-06-13T13:52:32","slug":"canon-eos-r5","status":"publish","type":"product","link":"https:\/\/palmaequipmentrental.com\/es\/photo-video-equipment-mallorca\/canon-eos-r5\/","title":{"rendered":"Canon EOS R5"},"content":{"rendered":"<p>Nuestro kit de c\u00e1mara <strong>Canon EOS R5<\/strong> incluye:<\/p>\n<ul>\n<li>1x Canon EOS R5 mirrorless Full Frame cuerpo de la c\u00e1mara<\/li>\n<li>1x Correa ER-EOSR5<\/li>\n<li>Protector de bloqueo<\/li>\n<li>2x Bater\u00edas E6NH<\/li>\n<li>1x Cargador de Bater\u00eda LC-E6<\/li>\n<li>2x Tarjetas CFexpress 128GB<\/li>\n<li>1x Lector de tarjetas CFexpress<\/li>\n<li>Empu\u00f1adura para bater\u00eda R5 (BG-R10)<\/li>\n<\/ul>\n<p>La c\u00e1mara mirrorless Canon EOS R5 cuenta con un sensor CMOS de 45MP de nuevo desarrollo, que ofrece grabaci\u00f3n de v\u00eddeo RAW 8K, disparo continuo a 12 fps con obturador mec\u00e1nico, y es la primera c\u00e1mara EOS que cuenta con estabilizaci\u00f3n de imagen de 5 ejes con desplazamiento del sensor. Con pantalla t\u00e1ctil vari-Angle para disparar desde \u00e1ngulos creativos y para el disparo frontal.<\/p>\n<p><strong>Especificaciones<\/strong><\/p>\n<ul>\n<li>Sensor de imagen 36 x 24 mm CMOS 45 megap\u00edxeles, relaci\u00f3n de aspecto 3:2<\/li>\n<li>Estabilizaci\u00f3n de imagen: IS de hasta 8 paradas en el cuerpo<\/li>\n<li>V\u00eddeo RAW 8K<\/li>\n<li>Pantalla t\u00e1ctil de \u00e1ngulo variable: 119,98 fps, Clear View LCD II, aprox. 2,1 millones de puntos y 100% de cobertura<\/li>\n<li>Visor: EVF OLED en color de 0,5 pulgadas 5,76 millones de puntos (1600&#215;1200) Cobertura: 100% Ampliaci\u00f3n:\u00a0 0.76x<\/li>\n<li>Montura del objetivo: RF (los objetivos EF y EF-S se pueden acoplar mediante el adaptador de montura EF-EOS R)<\/li>\n<li>Los objetivos EF-M no son compatibles<\/li>\n<li>DIGIC X<\/li>\n<li>Sistema AF: Dual Pixel CMOS AF II<\/li>\n<li>Puntos AF: 100% horizontal y 100% vertical<\/li>\n<li>ISO: ISO nativo 100-51.200 ampliable a 50-102.400<\/li>\n<li>Obturador 30-1\/8000 seg, Bulb<\/li>\n<li>X-Sync Flash: 1\/200seg obturador mec\u00e1nico \/ 1\/250th electr\u00f3nica 1\u00aa cortina<\/li>\n<li>Tama\u00f1o de pel\u00edcula: 8K DCI (17:9) 8192 x 4320 (29,97, 25, 24, 23,98 fps)<\/li>\n<li>Grabaci\u00f3n con doble tarjeta<\/li>\n<li>Micr\u00f3fono mono integrado (48 Khz, 16 bits x 2 canales)<\/li>\n<li>Salida HDMI: grabaci\u00f3n 8K o 5k ProRes RAW recortada a trav\u00e9s de HDMI 15<\/li>\n<li>Entrada MIC de 3,5 mm, salida HEADPHONE de 3,5 mm, USB-C, salida SYNC y HDMI.<\/li>\n<li>Transmisor de archivos inal\u00e1mbrico<\/li>\n<li>Bandas Wi-Fi de 5 GHz y 2,4 GHz<\/li>\n<li>Ranuras para tarjetas de memoria CFexpress Tipo B y SD UHS-II<\/li>\n<li>Dimensiones (ancho x alto x fondo) 138,5 x 97,5 x 88 mm Peso 650 g<\/li>\n<\/ul>\n<p>&nbsp;<\/p>\n","protected":false},"excerpt":{"rendered":"<p>Nuestro kit de c\u00e1mara Canon EOS R5 incluye: 1x Canon EOS R5 mirrorless Full Frame cuerpo de la c\u00e1mara 1x Correa ER-EOSR5 Protector de bloqueo 2x Bater\u00edas E6NH 1x Cargador de Bater\u00eda LC-E6 2x Tarjetas CFexpress 128GB 1x Lector de tarjetas CFexpress Empu\u00f1adura para bater\u00eda R5 (BG-R10) La c\u00e1mara mirrorless Canon EOS R5 cuenta con un sensor CMOS de 45MP [&hellip;]<\/p>\n","protected":false},"featured_media":11758,"template":"","meta":[],"product_cat":[197,203],"product_tag":[],"class_list":{"0":"post-11751","1":"product","2":"type-product","3":"status-publish","4":"has-post-thumbnail","6":"product_cat-cuerpos-camara","7":"product_cat-camara-cuerpos-2","9":"first","10":"instock","11":"shipping-taxable","12":"purchasable","13":"product-type-simple"},"_links":{"self":[{"href":"https:\/\/palmaequipmentrental.com\/es\/wp-json\/wp\/v2\/product\/11751","targetHints":{"allow":["GET"]}}],"collection":[{"href":"https:\/\/palmaequipmentrental.com\/es\/wp-json\/wp\/v2\/product"}],"about":[{"href":"https:\/\/palmaequipmentrental.com\/es\/wp-json\/wp\/v2\/types\/product"}],"wp:featuredmedia":[{"embeddable":true,"href":"https:\/\/palmaequipmentrental.com\/es\/wp-json\/wp\/v2\/media\/11758"}],"wp:attachment":[{"href":"https:\/\/palmaequipmentrental.com\/es\/wp-json\/wp\/v2\/media?parent=11751"}],"wp:term":[{"taxonomy":"product_cat","embeddable":true,"href":"https:\/\/palmaequipmentrental.com\/es\/wp-json\/wp\/v2\/product_cat?post=11751"},{"taxonomy":"product_tag","embeddable":true,"href":"https:\/\/palmaequipmentrental.com\/es\/wp-json\/wp\/v2\/product_tag?post=11751"}],"curies":[{"name":"wp","href":"https:\/\/api.w.org\/{rel}","templated":true}]}}