{"id":11764,"date":"2022-12-20T09:30:39","date_gmt":"2022-12-20T09:30:40","guid":{"rendered":"https:\/\/www.palmaequipmentrental.com\/?post_type=product&#038;p=11764"},"modified":"2025-06-13T13:54:24","modified_gmt":"2025-06-13T13:54:24","slug":"canon-rf-70-200mm-f2-8-l-is-usm","status":"publish","type":"product","link":"https:\/\/palmaequipmentrental.com\/es\/photo-video-equipment-mallorca\/canon-rf-70-200mm-f2-8-l-is-usm\/","title":{"rendered":"Canon RF 70-200mm F2,8 L IS USM"},"content":{"rendered":"<p>Objetivo <strong>Canon RF 70-200 mm F2,8 L IS USM<\/strong><\/p>\n<p>Excelente ingenier\u00eda \u00f3ptica, una r\u00e1pida abertura m\u00e1xima de f\/2,8 y estabilizaci\u00f3n de imagen de 5 pasos.<\/p>\n<p><strong>Especificaciones:<\/strong><\/p>\n<ul>\n<li>F2.8 Para un rendimiento con poca luz y poca profundidad de campo<\/li>\n<li>Estabilizador de imagen. Estabilizaci\u00f3n de 5 pasos para obtener im\u00e1genes sin vibraciones<\/li>\n<li>Elementos asf\u00e9ricos y UD. Para obtener im\u00e1genes excepcionalmente n\u00edtidas<\/li>\n<li>Motor Dual Nano USM. Para un enfoque continuo suave, r\u00e1pido y silencioso<\/li>\n<li>Compacta y ligera. Peque\u00f1o y compacto para una gran portabilidad<\/li>\n<li>Anillo de control del objetivo. Para un mayor control de la sensibilidad ISO, el diafragma y el obturador<\/li>\n<\/ul>\n<p>&nbsp;<\/p>\n","protected":false},"excerpt":{"rendered":"<p>Objetivo Canon RF 70-200 mm F2,8 L IS USM Excelente ingenier\u00eda \u00f3ptica, una r\u00e1pida abertura m\u00e1xima de f\/2,8 y estabilizaci\u00f3n de imagen de 5 pasos. Especificaciones: F2.8 Para un rendimiento con poca luz y poca profundidad de campo Estabilizador de imagen. Estabilizaci\u00f3n de 5 pasos para obtener im\u00e1genes sin vibraciones Elementos asf\u00e9ricos y UD. Para obtener im\u00e1genes excepcionalmente n\u00edtidas Motor [&hellip;]<\/p>\n","protected":false},"featured_media":11767,"template":"","meta":[],"product_cat":[793,799],"product_tag":[],"class_list":{"0":"post-11764","1":"product","2":"type-product","3":"status-publish","4":"has-post-thumbnail","6":"product_cat-objetivos-rf","7":"product_cat-objetivos-rf-v","9":"first","10":"instock","11":"shipping-taxable","12":"purchasable","13":"product-type-simple"},"_links":{"self":[{"href":"https:\/\/palmaequipmentrental.com\/es\/wp-json\/wp\/v2\/product\/11764","targetHints":{"allow":["GET"]}}],"collection":[{"href":"https:\/\/palmaequipmentrental.com\/es\/wp-json\/wp\/v2\/product"}],"about":[{"href":"https:\/\/palmaequipmentrental.com\/es\/wp-json\/wp\/v2\/types\/product"}],"wp:featuredmedia":[{"embeddable":true,"href":"https:\/\/palmaequipmentrental.com\/es\/wp-json\/wp\/v2\/media\/11767"}],"wp:attachment":[{"href":"https:\/\/palmaequipmentrental.com\/es\/wp-json\/wp\/v2\/media?parent=11764"}],"wp:term":[{"taxonomy":"product_cat","embeddable":true,"href":"https:\/\/palmaequipmentrental.com\/es\/wp-json\/wp\/v2\/product_cat?post=11764"},{"taxonomy":"product_tag","embeddable":true,"href":"https:\/\/palmaequipmentrental.com\/es\/wp-json\/wp\/v2\/product_tag?post=11764"}],"curies":[{"name":"wp","href":"https:\/\/api.w.org\/{rel}","templated":true}]}}