{"id":11770,"date":"2022-12-20T11:25:58","date_gmt":"2022-12-20T11:25:58","guid":{"rendered":"https:\/\/www.palmaequipmentrental.com\/?post_type=product&#038;p=11770"},"modified":"2025-06-13T13:49:37","modified_gmt":"2025-06-13T13:49:37","slug":"empunadura-canon-r5-r6","status":"publish","type":"product","link":"https:\/\/palmaequipmentrental.com\/es\/photo-video-equipment-mallorca\/empunadura-canon-r5-r6\/","title":{"rendered":"Canon Empu\u00f1adura R5\/R6"},"content":{"rendered":"<p>Empu\u00f1adura de Bater\u00eda <strong>Canon BG-R10 Grip<\/strong> para la C\u00e1mara Canon EOS R5 y R6<\/p>\n<p>A\u00f1ade una empu\u00f1adura de bater\u00eda a la Canon R5 para ampliar el tiempo de disparo y mejorar el manejo al disparar en vertical.<\/p>\n<p><strong>Compatible con:<\/strong><\/p>\n<ul>\n<li>EOS R5<\/li>\n<li>EOS R5 C<\/li>\n<li>EOS R6<\/li>\n<li>EOS R6 Mark II<\/li>\n<\/ul>\n<p><strong>Lo m\u00e1s destacado:<\/strong><\/p>\n<ul>\n<li>Con capacidad para dos bater\u00edas LP-E6NH, LP-E6N o LP-E6<\/li>\n<li>Carga las bater\u00edas LP-E6NH o LP-E6N sin sacarlas de la empu\u00f1adura.<\/li>\n<li>Los controles duplicados incluyen un joystick de selecci\u00f3n del punto AF<\/li>\n<\/ul>\n","protected":false},"excerpt":{"rendered":"<p>Empu\u00f1adura de Bater\u00eda Canon BG-R10 Grip para la C\u00e1mara Canon EOS R5 y R6 A\u00f1ade una empu\u00f1adura de bater\u00eda a la Canon R5 para ampliar el tiempo de disparo y mejorar el manejo al disparar en vertical. Compatible con: EOS R5 EOS R5 C EOS R6 EOS R6 Mark II Lo m\u00e1s destacado: Con capacidad para dos bater\u00edas LP-E6NH, LP-E6N [&hellip;]<\/p>\n","protected":false},"featured_media":11773,"template":"","meta":[],"product_cat":[392,442],"product_tag":[],"class_list":{"0":"post-11770","1":"product","2":"type-product","3":"status-publish","4":"has-post-thumbnail","6":"product_cat-baterias-cargadores-es","7":"product_cat-baterias-cargadores-es-2","9":"first","10":"instock","11":"shipping-taxable","12":"purchasable","13":"product-type-simple"},"_links":{"self":[{"href":"https:\/\/palmaequipmentrental.com\/es\/wp-json\/wp\/v2\/product\/11770","targetHints":{"allow":["GET"]}}],"collection":[{"href":"https:\/\/palmaequipmentrental.com\/es\/wp-json\/wp\/v2\/product"}],"about":[{"href":"https:\/\/palmaequipmentrental.com\/es\/wp-json\/wp\/v2\/types\/product"}],"wp:featuredmedia":[{"embeddable":true,"href":"https:\/\/palmaequipmentrental.com\/es\/wp-json\/wp\/v2\/media\/11773"}],"wp:attachment":[{"href":"https:\/\/palmaequipmentrental.com\/es\/wp-json\/wp\/v2\/media?parent=11770"}],"wp:term":[{"taxonomy":"product_cat","embeddable":true,"href":"https:\/\/palmaequipmentrental.com\/es\/wp-json\/wp\/v2\/product_cat?post=11770"},{"taxonomy":"product_tag","embeddable":true,"href":"https:\/\/palmaequipmentrental.com\/es\/wp-json\/wp\/v2\/product_tag?post=11770"}],"curies":[{"name":"wp","href":"https:\/\/api.w.org\/{rel}","templated":true}]}}