{"id":11818,"date":"2022-12-21T13:35:59","date_gmt":"2022-12-21T13:36:00","guid":{"rendered":"https:\/\/www.palmaequipmentrental.com\/?post_type=product&#038;p=11818"},"modified":"2025-06-18T15:44:39","modified_gmt":"2025-06-18T15:44:39","slug":"maquina-nespresso-mallorca-rental","status":"publish","type":"product","link":"https:\/\/palmaequipmentrental.com\/es\/photo-video-equipment-mallorca\/maquina-nespresso-mallorca-rental\/","title":{"rendered":"M\u00e1quina Nespresso"},"content":{"rendered":"<p><strong>M\u00e1quina Nespresso Inissia<\/strong><\/p>\n<p>M\u00e1quina de caf\u00e9 espresso compacta y ligera.<\/p>\n<ul>\n<li>Peso: 2,4 Kilogramos<\/li>\n<li>Altura: 32,1 Cent\u00edmetros<\/li>\n<li>Dep\u00f3sito de agua extra\u00edble: 0,7 Litros<\/li>\n<li>Capacidad del dep\u00f3sito de c\u00e1psulas usadas: 11<\/li>\n<li>Dimensiones (AnxPrxAl): 12 cm x 23 cm<\/li>\n<li>Bandeja recogegotas plegable<\/li>\n<li>Tama\u00f1o del caf\u00e9 Espresso y Lungo<\/li>\n<li>Modo OFF despu\u00e9s de 9 min<\/li>\n<\/ul>\n","protected":false},"excerpt":{"rendered":"<p>M\u00e1quina Nespresso Inissia M\u00e1quina de caf\u00e9 espresso compacta y ligera. Peso: 2,4 Kilogramos Altura: 32,1 Cent\u00edmetros Dep\u00f3sito de agua extra\u00edble: 0,7 Litros Capacidad del dep\u00f3sito de c\u00e1psulas usadas: 11 Dimensiones (AnxPrxAl): 12 cm x 23 cm Bandeja recogegotas plegable Tama\u00f1o del caf\u00e9 Espresso y Lungo Modo OFF despu\u00e9s de 9 min<\/p>\n","protected":false},"featured_media":11821,"template":"","meta":[],"product_cat":[186],"product_tag":[],"class_list":{"0":"post-11818","1":"product","2":"type-product","3":"status-publish","4":"has-post-thumbnail","6":"product_cat-on-location-es","8":"first","9":"instock","10":"shipping-taxable","11":"purchasable","12":"product-type-simple"},"_links":{"self":[{"href":"https:\/\/palmaequipmentrental.com\/es\/wp-json\/wp\/v2\/product\/11818","targetHints":{"allow":["GET"]}}],"collection":[{"href":"https:\/\/palmaequipmentrental.com\/es\/wp-json\/wp\/v2\/product"}],"about":[{"href":"https:\/\/palmaequipmentrental.com\/es\/wp-json\/wp\/v2\/types\/product"}],"wp:featuredmedia":[{"embeddable":true,"href":"https:\/\/palmaequipmentrental.com\/es\/wp-json\/wp\/v2\/media\/11821"}],"wp:attachment":[{"href":"https:\/\/palmaequipmentrental.com\/es\/wp-json\/wp\/v2\/media?parent=11818"}],"wp:term":[{"taxonomy":"product_cat","embeddable":true,"href":"https:\/\/palmaequipmentrental.com\/es\/wp-json\/wp\/v2\/product_cat?post=11818"},{"taxonomy":"product_tag","embeddable":true,"href":"https:\/\/palmaequipmentrental.com\/es\/wp-json\/wp\/v2\/product_tag?post=11818"}],"curies":[{"name":"wp","href":"https:\/\/api.w.org\/{rel}","templated":true}]}}