{"id":11907,"date":"2023-01-24T09:33:15","date_gmt":"2023-01-24T09:33:17","guid":{"rendered":"https:\/\/www.palmaequipmentrental.com\/?post_type=product&#038;p=11907"},"modified":"2025-06-13T13:36:33","modified_gmt":"2025-06-13T13:36:33","slug":"calentador-de-aire-caliente","status":"publish","type":"product","link":"https:\/\/palmaequipmentrental.com\/es\/photo-video-equipment-mallorca\/calentador-de-aire-caliente\/","title":{"rendered":"Calentador de aire caliente"},"content":{"rendered":"<p><strong>Calentador el\u00e9ctrico de aire caliente 2000W<\/strong><\/p>\n<p>El aerotermo el\u00e9ctrico Master B2 EPB es un aparato para calentar peque\u00f1as estancias a trav\u00e9s de la conexi\u00f3n el\u00e9ctrica.<\/p>\n<ul>\n<li>Caudal de aire 184 m3\/h<\/li>\n<li>2 potencias de calor 1000\/2000 vatios<\/li>\n<li>Sistema de protecci\u00f3n contra sobrecalentamiento<\/li>\n<li>Cuerpo met\u00e1lico<\/li>\n<li>Control de temperatura regulable<\/li>\n<li>Seguridad IP24<\/li>\n<li>Dimensiones 220 x 200 x 330 mm<\/li>\n<li>Peso: 3,7 kg<\/li>\n<\/ul>\n","protected":false},"excerpt":{"rendered":"<p>Calentador el\u00e9ctrico de aire caliente 2000W El aerotermo el\u00e9ctrico Master B2 EPB es un aparato para calentar peque\u00f1as estancias a trav\u00e9s de la conexi\u00f3n el\u00e9ctrica. Caudal de aire 184 m3\/h 2 potencias de calor 1000\/2000 vatios Sistema de protecci\u00f3n contra sobrecalentamiento Cuerpo met\u00e1lico Control de temperatura regulable Seguridad IP24 Dimensiones 220 x 200 x 330 mm Peso: 3,7 kg<\/p>\n","protected":false},"featured_media":11913,"template":"","meta":[],"product_cat":[186],"product_tag":[],"class_list":{"0":"post-11907","1":"product","2":"type-product","3":"status-publish","4":"has-post-thumbnail","6":"product_cat-on-location-es","8":"first","9":"instock","10":"shipping-taxable","11":"purchasable","12":"product-type-simple"},"_links":{"self":[{"href":"https:\/\/palmaequipmentrental.com\/es\/wp-json\/wp\/v2\/product\/11907","targetHints":{"allow":["GET"]}}],"collection":[{"href":"https:\/\/palmaequipmentrental.com\/es\/wp-json\/wp\/v2\/product"}],"about":[{"href":"https:\/\/palmaequipmentrental.com\/es\/wp-json\/wp\/v2\/types\/product"}],"wp:featuredmedia":[{"embeddable":true,"href":"https:\/\/palmaequipmentrental.com\/es\/wp-json\/wp\/v2\/media\/11913"}],"wp:attachment":[{"href":"https:\/\/palmaequipmentrental.com\/es\/wp-json\/wp\/v2\/media?parent=11907"}],"wp:term":[{"taxonomy":"product_cat","embeddable":true,"href":"https:\/\/palmaequipmentrental.com\/es\/wp-json\/wp\/v2\/product_cat?post=11907"},{"taxonomy":"product_tag","embeddable":true,"href":"https:\/\/palmaequipmentrental.com\/es\/wp-json\/wp\/v2\/product_tag?post=11907"}],"curies":[{"name":"wp","href":"https:\/\/api.w.org\/{rel}","templated":true}]}}