{"id":11910,"date":"2023-01-24T09:33:19","date_gmt":"2023-01-24T09:33:20","guid":{"rendered":"https:\/\/www.palmaequipmentrental.com\/?post_type=product&#038;p=11910"},"modified":"2025-08-05T12:28:11","modified_gmt":"2025-08-05T12:28:11","slug":"calentador-de-gas","status":"publish","type":"product","link":"https:\/\/palmaequipmentrental.com\/es\/photo-video-equipment-mallorca\/calentador-de-gas\/","title":{"rendered":"Calentador de Gas"},"content":{"rendered":"<p><strong>Calentador de gas butano-propano<\/strong> con arranque piezoel\u00e9ctrico.<br \/>\nProduce un gran volumen de calor instant\u00e1neo.<\/p>\n<ul>\n<li>Potencia t\u00e9rmica m\u00e1xima: 33 kW<\/li>\n<li>Caudal de aire: 1000m\u00b3\/h<\/li>\n<li>Peso: 7,5<\/li>\n<li>Consumo: 2,4kg\/h<\/li>\n<\/ul>\n<p><a href=\"https:\/\/youtu.be\/akXwK2myPiE\">Check our video!<\/a><\/p>\n","protected":false},"excerpt":{"rendered":"<p>Calentador de gas butano-propano con arranque piezoel\u00e9ctrico. Produce un gran volumen de calor instant\u00e1neo. Potencia t\u00e9rmica m\u00e1xima: 33 kW Caudal de aire: 1000m\u00b3\/h Peso: 7,5 Consumo: 2,4kg\/h Check our video!<\/p>\n","protected":false},"featured_media":11917,"template":"","meta":[],"product_cat":[186],"product_tag":[],"class_list":{"0":"post-11910","1":"product","2":"type-product","3":"status-publish","4":"has-post-thumbnail","6":"product_cat-on-location-es","8":"first","9":"instock","10":"shipping-taxable","11":"purchasable","12":"product-type-simple"},"_links":{"self":[{"href":"https:\/\/palmaequipmentrental.com\/es\/wp-json\/wp\/v2\/product\/11910","targetHints":{"allow":["GET"]}}],"collection":[{"href":"https:\/\/palmaequipmentrental.com\/es\/wp-json\/wp\/v2\/product"}],"about":[{"href":"https:\/\/palmaequipmentrental.com\/es\/wp-json\/wp\/v2\/types\/product"}],"wp:featuredmedia":[{"embeddable":true,"href":"https:\/\/palmaequipmentrental.com\/es\/wp-json\/wp\/v2\/media\/11917"}],"wp:attachment":[{"href":"https:\/\/palmaequipmentrental.com\/es\/wp-json\/wp\/v2\/media?parent=11910"}],"wp:term":[{"taxonomy":"product_cat","embeddable":true,"href":"https:\/\/palmaequipmentrental.com\/es\/wp-json\/wp\/v2\/product_cat?post=11910"},{"taxonomy":"product_tag","embeddable":true,"href":"https:\/\/palmaequipmentrental.com\/es\/wp-json\/wp\/v2\/product_tag?post=11910"}],"curies":[{"name":"wp","href":"https:\/\/api.w.org\/{rel}","templated":true}]}}