{"id":12640,"date":"2023-02-21T09:04:32","date_gmt":"2023-02-21T09:04:33","guid":{"rendered":"https:\/\/www.palmaequipmentrental.com\/?post_type=product&#038;p=12640"},"modified":"2025-06-27T17:17:46","modified_gmt":"2025-06-27T17:17:46","slug":"tripode-video-sachtler-14-ii","status":"publish","type":"product","link":"https:\/\/palmaequipmentrental.com\/es\/photo-video-equipment-mallorca\/tripode-video-sachtler-14-ii\/","title":{"rendered":"Tr\u00edpode V\u00eddeo Sachtler 14 II"},"content":{"rendered":"<p><strong>Tr\u00edpode Sachtler Video 14 II con rotula y patas incluidos.<\/strong><\/p>\n<p>El tr\u00edpode cuenta con una zapata de c\u00e1mara con tornillos de 0,25 y 0,38 pulgadas y una base plana para que pueda adaptarse a cualquier c\u00e1mara compatible con dichas especificaciones. Tiene un sistema de contrapeso para ayudar a mantener la videoc\u00e1mara equilibrada incluso en una posici\u00f3n inclinada. Las barras de pan de este tr\u00edpode tienen un patr\u00f3n de roseta acanalada con un di\u00e1metro de 1,2 pulgadas (3,0 cm). El rango de inclinaci\u00f3n de este tr\u00edpode Sachtler va de m\u00e1s 60 grados a menos 60 grados y tiene una zapata de equilibrio con un rango de deslizamiento de m\u00e1s de 2 pulgadas (6 cm). Tambi\u00e9n permite el arrastre horizontal y vertical.<\/p>\n<p><strong>Caracter\u00edsticas:<\/strong><\/p>\n<ul>\n<li>Peso: 2,9 kg (6,4 libras)<\/li>\n<li>Carga \u00fatil: 15 kg (33 libras)<\/li>\n<li>Contrapeso: 15,4 &#8211; 33 libras<\/li>\n<li>3 niveles de presi\u00f3n para inclinaci\u00f3n y paneo<\/li>\n<li>Rango de inclinaci\u00f3n +90\u00b0 \/ -75<\/li>\n<\/ul>\n","protected":false},"excerpt":{"rendered":"<p>Tr\u00edpode Sachtler Video 14 II con rotula y patas incluidos. El tr\u00edpode cuenta con una zapata de c\u00e1mara con tornillos de 0,25 y 0,38 pulgadas y una base plana para que pueda adaptarse a cualquier c\u00e1mara compatible con dichas especificaciones. Tiene un sistema de contrapeso para ayudar a mantener la videoc\u00e1mara equilibrada incluso en una posici\u00f3n inclinada. Las barras de [&hellip;]<\/p>\n","protected":false},"featured_media":12643,"template":"","meta":[],"product_cat":[205],"product_tag":[],"class_list":{"0":"post-12640","1":"product","2":"type-product","3":"status-publish","4":"has-post-thumbnail","6":"product_cat-tripods-video-grip-es","8":"first","9":"instock","10":"shipping-taxable","11":"purchasable","12":"product-type-simple"},"_links":{"self":[{"href":"https:\/\/palmaequipmentrental.com\/es\/wp-json\/wp\/v2\/product\/12640","targetHints":{"allow":["GET"]}}],"collection":[{"href":"https:\/\/palmaequipmentrental.com\/es\/wp-json\/wp\/v2\/product"}],"about":[{"href":"https:\/\/palmaequipmentrental.com\/es\/wp-json\/wp\/v2\/types\/product"}],"wp:featuredmedia":[{"embeddable":true,"href":"https:\/\/palmaequipmentrental.com\/es\/wp-json\/wp\/v2\/media\/12643"}],"wp:attachment":[{"href":"https:\/\/palmaequipmentrental.com\/es\/wp-json\/wp\/v2\/media?parent=12640"}],"wp:term":[{"taxonomy":"product_cat","embeddable":true,"href":"https:\/\/palmaequipmentrental.com\/es\/wp-json\/wp\/v2\/product_cat?post=12640"},{"taxonomy":"product_tag","embeddable":true,"href":"https:\/\/palmaequipmentrental.com\/es\/wp-json\/wp\/v2\/product_tag?post=12640"}],"curies":[{"name":"wp","href":"https:\/\/api.w.org\/{rel}","templated":true}]}}