{"id":12728,"date":"2023-02-23T13:23:56","date_gmt":"2023-02-23T13:23:57","guid":{"rendered":"https:\/\/www.palmaequipmentrental.com\/?post_type=product&#038;p=12728"},"modified":"2025-06-13T13:41:55","modified_gmt":"2025-06-13T13:41:55","slug":"canon-ef-100-400mm-f45-56l-l-is-usm","status":"publish","type":"product","link":"https:\/\/palmaequipmentrental.com\/es\/photo-video-equipment-mallorca\/canon-ef-100-400mm-f45-56l-l-is-usm\/","title":{"rendered":"Canon EF 100-400 mm f\/4,5-5,6L IS USM"},"content":{"rendered":"<p><strong>Objetivo Canon 100-400 mm f\/4,5-5,6L IS USM<\/strong><\/p>\n<p>Teleobjetivo zoom profesional de la serie L para c\u00e1maras Canon.<br \/>\nCon estabilizador de imagen de 3 pasos y motor ultras\u00f3nico para un AF r\u00e1pido y silencioso.<\/p>\n<p><strong>Especificaciones principales<\/strong><\/p>\n<ul>\n<li>Apertura m\u00ednima f\/32-f\/38<\/li>\n<li>Apertura m\u00e1xima f\/4,5<\/li>\n<li>Distancia focal 100 &#8211; 400 mm<\/li>\n<li>Distancia m\u00ednima de enfoque 180 cm<\/li>\n<li>Estructura del objetivo (elementos\/grupos) 17\/14<\/li>\n<li>N\u00famero de l\u00e1minas de apertura 5<\/li>\n<li>Di\u00e1metro mm 77 mm<\/li>\n<li>Estabilizador de imagen S\u00ed, 3 stops<\/li>\n<li>Motor de enfoque autom\u00e1tico Motor ultras\u00f3nico (USM)<\/li>\n<li>Peso 1,36 kg<\/li>\n<\/ul>\n","protected":false},"excerpt":{"rendered":"<p>Objetivo Canon 100-400 mm f\/4,5-5,6L IS USM Teleobjetivo zoom profesional de la serie L para c\u00e1maras Canon. Con estabilizador de imagen de 3 pasos y motor ultras\u00f3nico para un AF r\u00e1pido y silencioso. Especificaciones principales Apertura m\u00ednima f\/32-f\/38 Apertura m\u00e1xima f\/4,5 Distancia focal 100 &#8211; 400 mm Distancia m\u00ednima de enfoque 180 cm Estructura del objetivo (elementos\/grupos) 17\/14 N\u00famero de [&hellip;]<\/p>\n","protected":false},"featured_media":12734,"template":"","meta":[],"product_cat":[795,801],"product_tag":[],"class_list":{"0":"post-12728","1":"product","2":"type-product","3":"status-publish","4":"has-post-thumbnail","6":"product_cat-objetivos-ef","7":"product_cat-objetivos-ef-es","9":"first","10":"instock","11":"shipping-taxable","12":"purchasable","13":"product-type-simple"},"_links":{"self":[{"href":"https:\/\/palmaequipmentrental.com\/es\/wp-json\/wp\/v2\/product\/12728","targetHints":{"allow":["GET"]}}],"collection":[{"href":"https:\/\/palmaequipmentrental.com\/es\/wp-json\/wp\/v2\/product"}],"about":[{"href":"https:\/\/palmaequipmentrental.com\/es\/wp-json\/wp\/v2\/types\/product"}],"wp:featuredmedia":[{"embeddable":true,"href":"https:\/\/palmaequipmentrental.com\/es\/wp-json\/wp\/v2\/media\/12734"}],"wp:attachment":[{"href":"https:\/\/palmaequipmentrental.com\/es\/wp-json\/wp\/v2\/media?parent=12728"}],"wp:term":[{"taxonomy":"product_cat","embeddable":true,"href":"https:\/\/palmaequipmentrental.com\/es\/wp-json\/wp\/v2\/product_cat?post=12728"},{"taxonomy":"product_tag","embeddable":true,"href":"https:\/\/palmaequipmentrental.com\/es\/wp-json\/wp\/v2\/product_tag?post=12728"}],"curies":[{"name":"wp","href":"https:\/\/api.w.org\/{rel}","templated":true}]}}