{"id":12744,"date":"2023-03-09T13:23:05","date_gmt":"2023-03-09T13:23:06","guid":{"rendered":"https:\/\/www.palmaequipmentrental.com\/?post_type=product&#038;p=12744"},"modified":"2023-10-11T15:19:47","modified_gmt":"2023-10-11T15:19:47","slug":"soft-grid-2x3-copy","status":"publish","type":"product","link":"https:\/\/palmaequipmentrental.com\/es\/photo-video-equipment-mallorca\/soft-grid-2x3-copy\/","title":{"rendered":"Profoto Soft Grid 1&#215;4&#8242;"},"content":{"rendered":"<p><strong>Softgrid para ventana Profoto 1&#215;4&#8242; <\/strong><\/p>\n<p>El softgrid reduce la difusi\u00f3n de la luz a 50\u00b0. En otras palabras, crea una luz m\u00e1s dirigida y elimina una gran cantidad de luz dispersa, que te permite modelar la luz a\u00fan con mayor precisi\u00f3n.<\/p>\n<ul>\n<li>Limita la difusi\u00f3n de la luz a 50\u00b0.<\/li>\n<li>Las sujeciones de velcro permiten realizar una instalaci\u00f3n r\u00e1pida y sencilla.<\/li>\n<\/ul>\n","protected":false},"excerpt":{"rendered":"<p>Softgrid para ventana Profoto 1&#215;4&#8242; El softgrid reduce la difusi\u00f3n de la luz a 50\u00b0. En otras palabras, crea una luz m\u00e1s dirigida y elimina una gran cantidad de luz dispersa, que te permite modelar la luz a\u00fan con mayor precisi\u00f3n. Limita la difusi\u00f3n de la luz a 50\u00b0. Las sujeciones de velcro permiten realizar una instalaci\u00f3n r\u00e1pida y sencilla.<\/p>\n","protected":false},"featured_media":12747,"template":"","meta":[],"product_cat":[235],"product_tag":[],"class_list":{"0":"post-12744","1":"product","2":"type-product","3":"status-publish","4":"has-post-thumbnail","6":"product_cat-ventanas-softboxes","8":"first","9":"instock","10":"shipping-taxable","11":"purchasable","12":"product-type-simple"},"_links":{"self":[{"href":"https:\/\/palmaequipmentrental.com\/es\/wp-json\/wp\/v2\/product\/12744","targetHints":{"allow":["GET"]}}],"collection":[{"href":"https:\/\/palmaequipmentrental.com\/es\/wp-json\/wp\/v2\/product"}],"about":[{"href":"https:\/\/palmaequipmentrental.com\/es\/wp-json\/wp\/v2\/types\/product"}],"wp:featuredmedia":[{"embeddable":true,"href":"https:\/\/palmaequipmentrental.com\/es\/wp-json\/wp\/v2\/media\/12747"}],"wp:attachment":[{"href":"https:\/\/palmaequipmentrental.com\/es\/wp-json\/wp\/v2\/media?parent=12744"}],"wp:term":[{"taxonomy":"product_cat","embeddable":true,"href":"https:\/\/palmaequipmentrental.com\/es\/wp-json\/wp\/v2\/product_cat?post=12744"},{"taxonomy":"product_tag","embeddable":true,"href":"https:\/\/palmaequipmentrental.com\/es\/wp-json\/wp\/v2\/product_tag?post=12744"}],"curies":[{"name":"wp","href":"https:\/\/api.w.org\/{rel}","templated":true}]}}