{"id":12750,"date":"2023-03-09T13:41:42","date_gmt":"2023-03-09T13:41:43","guid":{"rendered":"https:\/\/www.palmaequipmentrental.com\/?post_type=product&#038;p=12750"},"modified":"2023-10-11T15:19:12","modified_gmt":"2023-10-11T15:19:12","slug":"soft-grid-1x4-copy","status":"publish","type":"product","link":"https:\/\/palmaequipmentrental.com\/es\/photo-video-equipment-mallorca\/soft-grid-1x4-copy\/","title":{"rendered":"Profoto Soft Grid 1&#215;6&#8242;"},"content":{"rendered":"<p><strong>Softgrid para ventana 1&#215;6&#8242;<\/strong><\/p>\n<p>El softgrid reduce la difusi\u00f3n de la luz a 50\u00b0. En otras palabras, crea una luz m\u00e1s dirigida y elimina una gran cantidad de luz dispersa, que te permite modelar la luz a\u00fan con mayor precisi\u00f3n.<\/p>\n<ul>\n<li>Limita la difusi\u00f3n de la luz a 50\u00b0.<\/li>\n<li>Las sujeciones de velcro permiten realizar una instalaci\u00f3n r\u00e1pida y sencilla.<\/li>\n<\/ul>\n","protected":false},"excerpt":{"rendered":"<p>Softgrid para ventana 1&#215;6&#8242; El softgrid reduce la difusi\u00f3n de la luz a 50\u00b0. En otras palabras, crea una luz m\u00e1s dirigida y elimina una gran cantidad de luz dispersa, que te permite modelar la luz a\u00fan con mayor precisi\u00f3n. Limita la difusi\u00f3n de la luz a 50\u00b0. Las sujeciones de velcro permiten realizar una instalaci\u00f3n r\u00e1pida y sencilla.<\/p>\n","protected":false},"featured_media":12753,"template":"","meta":[],"product_cat":[235],"product_tag":[],"class_list":{"0":"post-12750","1":"product","2":"type-product","3":"status-publish","4":"has-post-thumbnail","6":"product_cat-ventanas-softboxes","8":"first","9":"instock","10":"shipping-taxable","11":"purchasable","12":"product-type-simple"},"_links":{"self":[{"href":"https:\/\/palmaequipmentrental.com\/es\/wp-json\/wp\/v2\/product\/12750","targetHints":{"allow":["GET"]}}],"collection":[{"href":"https:\/\/palmaequipmentrental.com\/es\/wp-json\/wp\/v2\/product"}],"about":[{"href":"https:\/\/palmaequipmentrental.com\/es\/wp-json\/wp\/v2\/types\/product"}],"wp:featuredmedia":[{"embeddable":true,"href":"https:\/\/palmaequipmentrental.com\/es\/wp-json\/wp\/v2\/media\/12753"}],"wp:attachment":[{"href":"https:\/\/palmaequipmentrental.com\/es\/wp-json\/wp\/v2\/media?parent=12750"}],"wp:term":[{"taxonomy":"product_cat","embeddable":true,"href":"https:\/\/palmaequipmentrental.com\/es\/wp-json\/wp\/v2\/product_cat?post=12750"},{"taxonomy":"product_tag","embeddable":true,"href":"https:\/\/palmaequipmentrental.com\/es\/wp-json\/wp\/v2\/product_tag?post=12750"}],"curies":[{"name":"wp","href":"https:\/\/api.w.org\/{rel}","templated":true}]}}