{"id":12762,"date":"2023-03-09T14:38:36","date_gmt":"2023-03-09T14:38:36","guid":{"rendered":"https:\/\/www.palmaequipmentrental.com\/?post_type=product&#038;p=12762"},"modified":"2025-06-17T13:20:38","modified_gmt":"2025-06-17T13:20:38","slug":"lastolite-skylite-2x2m-marco","status":"publish","type":"product","link":"https:\/\/palmaequipmentrental.com\/es\/photo-video-equipment-mallorca\/lastolite-skylite-2x2m-marco\/","title":{"rendered":"Lastolite Skylite 2x2m Marco"},"content":{"rendered":"<p><strong>Skylite Rapid Standard Grande 2 x 2m (6&#215;6&#8242;) Marco.<\/strong><\/p>\n<p>El panel rectangular LARGE 2x2m es un tama\u00f1o muy vers\u00e1til, f\u00e1cilmente plegable y capaz de montarse con soportes de luz.<\/p>\n<p><strong>Nuestras telas disponibles para el marco Large 2x2m son:<\/strong><\/p>\n<ul>\n<li>Tela difusora de 0.75 stop<\/li>\n<li>Tela difusora de 1,25 stop<\/li>\n<li>Reflector plateado\/blanco<\/li>\n<li>Reflector negro\/blanco<\/li>\n<li>Reflector blanco\/sunfire<\/li>\n<\/ul>\n<p><strong>Caracter\u00edsticas:<\/strong><\/p>\n<ul>\n<li>Tama\u00f1o: 2x2m (6.6&#8242;)<\/li>\n<li>El cord\u00f3n el\u00e1stico atraviesa la estructura met\u00e1lica manteni\u00e9ndola en una sola pieza<\/li>\n<li>Las cubiertas SkyLite Rapid se enganchan f\u00e1cilmente<\/li>\n<\/ul>\n","protected":false},"excerpt":{"rendered":"<p>Skylite Rapid Standard Grande 2 x 2m (6&#215;6&#8242;) Marco. El panel rectangular LARGE 2x2m es un tama\u00f1o muy vers\u00e1til, f\u00e1cilmente plegable y capaz de montarse con soportes de luz. Nuestras telas disponibles para el marco Large 2x2m son: Tela difusora de 0.75 stop Tela difusora de 1,25 stop Reflector plateado\/blanco Reflector negro\/blanco Reflector blanco\/sunfire Caracter\u00edsticas: Tama\u00f1o: 2x2m (6.6&#8242;) El cord\u00f3n [&hellip;]<\/p>\n","protected":false},"featured_media":12765,"template":"","meta":[],"product_cat":[870,872],"product_tag":[],"class_list":{"0":"post-12762","1":"product","2":"type-product","3":"status-publish","4":"has-post-thumbnail","6":"product_cat-lastolite-es","7":"product_cat-lastolite-v-es","9":"first","10":"instock","11":"shipping-taxable","12":"purchasable","13":"product-type-simple"},"_links":{"self":[{"href":"https:\/\/palmaequipmentrental.com\/es\/wp-json\/wp\/v2\/product\/12762","targetHints":{"allow":["GET"]}}],"collection":[{"href":"https:\/\/palmaequipmentrental.com\/es\/wp-json\/wp\/v2\/product"}],"about":[{"href":"https:\/\/palmaequipmentrental.com\/es\/wp-json\/wp\/v2\/types\/product"}],"wp:featuredmedia":[{"embeddable":true,"href":"https:\/\/palmaequipmentrental.com\/es\/wp-json\/wp\/v2\/media\/12765"}],"wp:attachment":[{"href":"https:\/\/palmaequipmentrental.com\/es\/wp-json\/wp\/v2\/media?parent=12762"}],"wp:term":[{"taxonomy":"product_cat","embeddable":true,"href":"https:\/\/palmaequipmentrental.com\/es\/wp-json\/wp\/v2\/product_cat?post=12762"},{"taxonomy":"product_tag","embeddable":true,"href":"https:\/\/palmaequipmentrental.com\/es\/wp-json\/wp\/v2\/product_tag?post=12762"}],"curies":[{"name":"wp","href":"https:\/\/api.w.org\/{rel}","templated":true}]}}