{"id":12806,"date":"2023-03-09T17:24:16","date_gmt":"2023-03-09T17:24:16","guid":{"rendered":"https:\/\/www.palmaequipmentrental.com\/?post_type=product&#038;p=12806"},"modified":"2025-06-17T12:22:53","modified_gmt":"2025-06-17T12:22:53","slug":"impresora-color-epson-et-2814","status":"publish","type":"product","link":"https:\/\/palmaequipmentrental.com\/es\/photo-video-equipment-mallorca\/impresora-color-epson-et-2814\/","title":{"rendered":"Impresora Color Epson ET-2814"},"content":{"rendered":"<p><strong>Impresora color Epson ET-2814<\/strong><br \/>\nImpresora multifunci\u00f3n A4 Wifi con funciones inal\u00e1mbricas de Impresi\u00f3n, Copia y Escaneado.<\/p>\n<p><strong>Incluye un juego de Tinta<\/strong><\/p>\n<ul>\n<li>Sistema de dep\u00f3sito de tinta sin complicaciones Disfruta de recargas sin complicaciones con botellas con cierre y dep\u00f3sitos frontales.<\/li>\n<li>App Epson Smart Panel Configura, supervisa, imprime, escanea y mucho m\u00e1s, todo desde tu dispositivo inteligente.<\/li>\n<\/ul>\n","protected":false},"excerpt":{"rendered":"<p>Impresora color Epson ET-2814 Impresora multifunci\u00f3n A4 Wifi con funciones inal\u00e1mbricas de Impresi\u00f3n, Copia y Escaneado. Incluye un juego de Tinta Sistema de dep\u00f3sito de tinta sin complicaciones Disfruta de recargas sin complicaciones con botellas con cierre y dep\u00f3sitos frontales. App Epson Smart Panel Configura, supervisa, imprime, escanea y mucho m\u00e1s, todo desde tu dispositivo inteligente.<\/p>\n","protected":false},"featured_media":12809,"template":"","meta":[],"product_cat":[213],"product_tag":[],"class_list":{"0":"post-12806","1":"product","2":"type-product","3":"status-publish","4":"has-post-thumbnail","6":"product_cat-printers-es","8":"first","9":"instock","10":"shipping-taxable","11":"purchasable","12":"product-type-simple"},"_links":{"self":[{"href":"https:\/\/palmaequipmentrental.com\/es\/wp-json\/wp\/v2\/product\/12806","targetHints":{"allow":["GET"]}}],"collection":[{"href":"https:\/\/palmaequipmentrental.com\/es\/wp-json\/wp\/v2\/product"}],"about":[{"href":"https:\/\/palmaequipmentrental.com\/es\/wp-json\/wp\/v2\/types\/product"}],"wp:featuredmedia":[{"embeddable":true,"href":"https:\/\/palmaequipmentrental.com\/es\/wp-json\/wp\/v2\/media\/12809"}],"wp:attachment":[{"href":"https:\/\/palmaequipmentrental.com\/es\/wp-json\/wp\/v2\/media?parent=12806"}],"wp:term":[{"taxonomy":"product_cat","embeddable":true,"href":"https:\/\/palmaequipmentrental.com\/es\/wp-json\/wp\/v2\/product_cat?post=12806"},{"taxonomy":"product_tag","embeddable":true,"href":"https:\/\/palmaequipmentrental.com\/es\/wp-json\/wp\/v2\/product_tag?post=12806"}],"curies":[{"name":"wp","href":"https:\/\/api.w.org\/{rel}","templated":true}]}}