{"id":12812,"date":"2023-03-09T17:42:37","date_gmt":"2023-03-09T17:42:37","guid":{"rendered":"https:\/\/www.palmaequipmentrental.com\/?post_type=product&#038;p=12812"},"modified":"2025-06-12T13:55:04","modified_gmt":"2025-06-12T13:55:04","slug":"anillo-led-smartphone","status":"publish","type":"product","link":"https:\/\/palmaequipmentrental.com\/es\/photo-video-equipment-mallorca\/anillo-led-smartphone\/","title":{"rendered":"Anillo Led Smartphone"},"content":{"rendered":"<p><strong>Anillo Led alimentado por USB con pinza para tel\u00e9fono y tr\u00edpode incluido<\/strong><\/p>\n<ul>\n<li>Potencia: 10W<\/li>\n<li>120 l\u00e1mparas LED avanzadas<\/li>\n<li>3 modos de luz: (blanca, natural y c\u00e1lida)<\/li>\n<li>10 niveles de luminosidad<\/li>\n<li>Tr\u00edpode de 185cm<\/li>\n<\/ul>\n","protected":false},"excerpt":{"rendered":"<p>Anillo Led alimentado por USB con pinza para tel\u00e9fono y tr\u00edpode incluido Potencia: 10W 120 l\u00e1mparas LED avanzadas 3 modos de luz: (blanca, natural y c\u00e1lida) 10 niveles de luminosidad Tr\u00edpode de 185cm<\/p>\n","protected":false},"featured_media":12815,"template":"","meta":[],"product_cat":[239,238],"product_tag":[],"class_list":{"0":"post-12812","1":"product","2":"type-product","3":"status-publish","4":"has-post-thumbnail","6":"product_cat-luz-led","7":"product_cat-led","9":"first","10":"instock","11":"shipping-taxable","12":"purchasable","13":"product-type-simple"},"_links":{"self":[{"href":"https:\/\/palmaequipmentrental.com\/es\/wp-json\/wp\/v2\/product\/12812","targetHints":{"allow":["GET"]}}],"collection":[{"href":"https:\/\/palmaequipmentrental.com\/es\/wp-json\/wp\/v2\/product"}],"about":[{"href":"https:\/\/palmaequipmentrental.com\/es\/wp-json\/wp\/v2\/types\/product"}],"wp:featuredmedia":[{"embeddable":true,"href":"https:\/\/palmaequipmentrental.com\/es\/wp-json\/wp\/v2\/media\/12815"}],"wp:attachment":[{"href":"https:\/\/palmaequipmentrental.com\/es\/wp-json\/wp\/v2\/media?parent=12812"}],"wp:term":[{"taxonomy":"product_cat","embeddable":true,"href":"https:\/\/palmaequipmentrental.com\/es\/wp-json\/wp\/v2\/product_cat?post=12812"},{"taxonomy":"product_tag","embeddable":true,"href":"https:\/\/palmaequipmentrental.com\/es\/wp-json\/wp\/v2\/product_tag?post=12812"}],"curies":[{"name":"wp","href":"https:\/\/api.w.org\/{rel}","templated":true}]}}