{"id":12822,"date":"2023-03-10T14:04:51","date_gmt":"2023-03-10T14:04:51","guid":{"rendered":"https:\/\/www.palmaequipmentrental.com\/?post_type=product&#038;p=12822"},"modified":"2025-06-13T13:27:43","modified_gmt":"2025-06-13T13:27:43","slug":"bateria-v-lock-micro-220wh-144v","status":"publish","type":"product","link":"https:\/\/palmaequipmentrental.com\/es\/photo-video-equipment-mallorca\/bateria-v-lock-micro-220wh-144v\/","title":{"rendered":"Bater\u00eda V-Lock Micro 220Wh 14,4V"},"content":{"rendered":"<p><strong>SWIT PB-S220S<\/strong> Bater\u00eda digital cuadrada de 220Wh con salidas m\u00faltiples.<\/p>\n<p><strong>Especificaciones<\/strong><\/p>\n<ul>\n<li>Dise\u00f1o cuadrado para c\u00e1maras de cine<\/li>\n<li>Al menos 200W, 16A de carga constante<\/li>\n<li>4\u00d7 tomas de salida D-tap<\/li>\n<li>1\u00d7 tomas de salida USB 5V\/2A<\/li>\n<li>Carga superr\u00e1pida de 6 A<\/li>\n<li>Pantalla OLED que muestra el tiempo de funcionamiento restante<\/li>\n<li>Informaci\u00f3n de potencia en SONY y RED<\/li>\n<li>M\u00faltiples protecciones de circuito<\/li>\n<\/ul>\n","protected":false},"excerpt":{"rendered":"<p>SWIT PB-S220S Bater\u00eda digital cuadrada de 220Wh con salidas m\u00faltiples. Especificaciones Dise\u00f1o cuadrado para c\u00e1maras de cine Al menos 200W, 16A de carga constante 4\u00d7 tomas de salida D-tap 1\u00d7 tomas de salida USB 5V\/2A Carga superr\u00e1pida de 6 A Pantalla OLED que muestra el tiempo de funcionamiento restante Informaci\u00f3n de potencia en SONY y RED M\u00faltiples protecciones de circuito<\/p>\n","protected":false},"featured_media":12825,"template":"","meta":[],"product_cat":[212,442,752,749],"product_tag":[],"class_list":{"0":"post-12822","1":"product","2":"type-product","3":"status-publish","4":"has-post-thumbnail","6":"product_cat-baterias","7":"product_cat-baterias-cargadores-es-2","8":"product_cat-baterias-v-lock-v","9":"product_cat-baterias-v-lock","11":"first","12":"instock","13":"shipping-taxable","14":"purchasable","15":"product-type-simple"},"_links":{"self":[{"href":"https:\/\/palmaequipmentrental.com\/es\/wp-json\/wp\/v2\/product\/12822","targetHints":{"allow":["GET"]}}],"collection":[{"href":"https:\/\/palmaequipmentrental.com\/es\/wp-json\/wp\/v2\/product"}],"about":[{"href":"https:\/\/palmaequipmentrental.com\/es\/wp-json\/wp\/v2\/types\/product"}],"wp:featuredmedia":[{"embeddable":true,"href":"https:\/\/palmaequipmentrental.com\/es\/wp-json\/wp\/v2\/media\/12825"}],"wp:attachment":[{"href":"https:\/\/palmaequipmentrental.com\/es\/wp-json\/wp\/v2\/media?parent=12822"}],"wp:term":[{"taxonomy":"product_cat","embeddable":true,"href":"https:\/\/palmaequipmentrental.com\/es\/wp-json\/wp\/v2\/product_cat?post=12822"},{"taxonomy":"product_tag","embeddable":true,"href":"https:\/\/palmaequipmentrental.com\/es\/wp-json\/wp\/v2\/product_tag?post=12822"}],"curies":[{"name":"wp","href":"https:\/\/api.w.org\/{rel}","templated":true}]}}