{"id":12832,"date":"2023-03-10T14:39:29","date_gmt":"2023-03-10T14:39:29","guid":{"rendered":"https:\/\/www.palmaequipmentrental.com\/?post_type=product&#038;p=12832"},"modified":"2025-06-13T13:26:45","modified_gmt":"2025-06-13T13:26:45","slug":"bateria-v-lock-270wh-144v","status":"publish","type":"product","link":"https:\/\/palmaequipmentrental.com\/es\/photo-video-equipment-mallorca\/bateria-v-lock-270wh-144v\/","title":{"rendered":"Bater\u00eda V-Lock 270Wh 14,4V"},"content":{"rendered":"<p><strong>SWIT S-8183S+ 270Wh<\/strong> Bater\u00eda V-lock de alta carga.<\/p>\n<ul>\n<li>C\u00e9lulas Li-ion de alta carga<\/li>\n<li>Al este 250W, 20A de carga constante<\/li>\n<li>14.4V, 270Wh de capacidad<\/li>\n<li>Carga s\u00faper r\u00e1pida de 6A<\/li>\n<li>Toma de salida D-tap<\/li>\n<li>Indicador LED de potencia de 4 niveles<\/li>\n<li>Conexi\u00f3n de montaje en V<\/li>\n<li>M\u00faltiples protecciones de circuito<\/li>\n<\/ul>\n","protected":false},"excerpt":{"rendered":"<p>SWIT S-8183S+ 270Wh Bater\u00eda V-lock de alta carga. C\u00e9lulas Li-ion de alta carga Al este 250W, 20A de carga constante 14.4V, 270Wh de capacidad Carga s\u00faper r\u00e1pida de 6A Toma de salida D-tap Indicador LED de potencia de 4 niveles Conexi\u00f3n de montaje en V M\u00faltiples protecciones de circuito<\/p>\n","protected":false},"featured_media":12835,"template":"","meta":[],"product_cat":[212,442,749,752],"product_tag":[],"class_list":{"0":"post-12832","1":"product","2":"type-product","3":"status-publish","4":"has-post-thumbnail","6":"product_cat-baterias","7":"product_cat-baterias-cargadores-es-2","8":"product_cat-baterias-v-lock","9":"product_cat-baterias-v-lock-v","11":"first","12":"instock","13":"shipping-taxable","14":"purchasable","15":"product-type-simple"},"_links":{"self":[{"href":"https:\/\/palmaequipmentrental.com\/es\/wp-json\/wp\/v2\/product\/12832","targetHints":{"allow":["GET"]}}],"collection":[{"href":"https:\/\/palmaequipmentrental.com\/es\/wp-json\/wp\/v2\/product"}],"about":[{"href":"https:\/\/palmaequipmentrental.com\/es\/wp-json\/wp\/v2\/types\/product"}],"wp:featuredmedia":[{"embeddable":true,"href":"https:\/\/palmaequipmentrental.com\/es\/wp-json\/wp\/v2\/media\/12835"}],"wp:attachment":[{"href":"https:\/\/palmaequipmentrental.com\/es\/wp-json\/wp\/v2\/media?parent=12832"}],"wp:term":[{"taxonomy":"product_cat","embeddable":true,"href":"https:\/\/palmaequipmentrental.com\/es\/wp-json\/wp\/v2\/product_cat?post=12832"},{"taxonomy":"product_tag","embeddable":true,"href":"https:\/\/palmaequipmentrental.com\/es\/wp-json\/wp\/v2\/product_tag?post=12832"}],"curies":[{"name":"wp","href":"https:\/\/api.w.org\/{rel}","templated":true}]}}