{"id":12883,"date":"2023-03-17T15:07:39","date_gmt":"2023-03-17T15:07:39","guid":{"rendered":"https:\/\/www.palmaequipmentrental.com\/?post_type=product&#038;p=12883"},"modified":"2025-06-12T14:09:21","modified_gmt":"2025-06-12T14:09:21","slug":"auputure-mc-4-light-travel-kit-1","status":"publish","type":"product","link":"https:\/\/palmaequipmentrental.com\/es\/photo-video-equipment-mallorca\/auputure-mc-4-light-travel-kit-1\/","title":{"rendered":"Aputure MC-4 Light Travel KIT"},"content":{"rendered":"<p>El <strong>Aputure MC-4 Light Travel KIT<\/strong> incluye:<\/p>\n<ul>\n<li>4x Aputure MC RGBWW Luces LED<\/li>\n<li>1x MC 4-Luces Funda de Carga Inal\u00e1mbrica<\/li>\n<li>2x Difusor de goma de silicona<\/li>\n<li>2x Cabezales de bola Coldshoe<\/li>\n<li>4x Almohadillas adhesivas de montaje<\/li>\n<li>1x Cable de carga USB Tipo-C<\/li>\n<li>1x Fuente de alimentaci\u00f3n de CA<\/li>\n<\/ul>\n<p>Luces LED RGBWW alimentadas por bater\u00eda que pueden crear cualquier tono con un nivel de fidelidad de color de Hollywood con control de color completo de Tono, Saturaci\u00f3n e Intensidad (HSI). Con la capacidad de elegir cualquier temperatura de color en la gama bicolor ampliada del MC entre 3,200K-6,500K y 100 niveles de ajuste de saturaci\u00f3n, tiene la libertad de la iluminaci\u00f3n creativa, todo en la palma de su mano.<\/p>\n<p><strong>Caracter\u00edsticas<\/strong><\/p>\n<ul>\n<li>Estuche de carga con 2 puertos USB 5V\/2A<\/li>\n<li>400 lux a 0,5 metros<\/li>\n<li>3.200K-6.500K CCT con control de color HSI completo<\/li>\n<li>CRI: 96+, TLCI: 97+, SSI(D56): 74, SSI(Tungsteno): 84<\/li>\n<li>Control de brillo de 0-100<\/li>\n<li>9 efectos de iluminaci\u00f3n integrados<\/li>\n<li>Control de la aplicaci\u00f3n m\u00f3vil Sidus Link hasta 400 m de distancia<\/li>\n<li>Hasta 120 minutos de duraci\u00f3n de la bater\u00eda con brillo m\u00e1ximo (2.600 mAh)<\/li>\n<li>Compatible con el protocolo de carga inal\u00e1mbrica Qi<\/li>\n<\/ul>\n","protected":false},"excerpt":{"rendered":"<p>El Aputure MC-4 Light Travel KIT incluye: 4x Aputure MC RGBWW Luces LED 1x MC 4-Luces Funda de Carga Inal\u00e1mbrica 2x Difusor de goma de silicona 2x Cabezales de bola Coldshoe 4x Almohadillas adhesivas de montaje 1x Cable de carga USB Tipo-C 1x Fuente de alimentaci\u00f3n de CA Luces LED RGBWW alimentadas por bater\u00eda que pueden crear cualquier tono con [&hellip;]<\/p>\n","protected":false},"featured_media":12886,"template":"","meta":[],"product_cat":[778,780],"product_tag":[],"class_list":{"0":"post-12883","1":"product","2":"type-product","3":"status-publish","4":"has-post-thumbnail","6":"product_cat-aputure-iluminacion-v","7":"product_cat-aputure-iluminacion","9":"first","10":"instock","11":"shipping-taxable","12":"purchasable","13":"product-type-simple"},"_links":{"self":[{"href":"https:\/\/palmaequipmentrental.com\/es\/wp-json\/wp\/v2\/product\/12883","targetHints":{"allow":["GET"]}}],"collection":[{"href":"https:\/\/palmaequipmentrental.com\/es\/wp-json\/wp\/v2\/product"}],"about":[{"href":"https:\/\/palmaequipmentrental.com\/es\/wp-json\/wp\/v2\/types\/product"}],"wp:featuredmedia":[{"embeddable":true,"href":"https:\/\/palmaequipmentrental.com\/es\/wp-json\/wp\/v2\/media\/12886"}],"wp:attachment":[{"href":"https:\/\/palmaequipmentrental.com\/es\/wp-json\/wp\/v2\/media?parent=12883"}],"wp:term":[{"taxonomy":"product_cat","embeddable":true,"href":"https:\/\/palmaequipmentrental.com\/es\/wp-json\/wp\/v2\/product_cat?post=12883"},{"taxonomy":"product_tag","embeddable":true,"href":"https:\/\/palmaequipmentrental.com\/es\/wp-json\/wp\/v2\/product_tag?post=12883"}],"curies":[{"name":"wp","href":"https:\/\/api.w.org\/{rel}","templated":true}]}}