{"id":12889,"date":"2023-03-17T15:35:22","date_gmt":"2023-03-17T15:35:23","guid":{"rendered":"https:\/\/www.palmaequipmentrental.com\/?post_type=product&#038;p=12889"},"modified":"2025-06-12T10:31:04","modified_gmt":"2025-06-12T10:31:04","slug":"adaptador-d-tap-a-usb-c","status":"publish","type":"product","link":"https:\/\/palmaequipmentrental.com\/es\/photo-video-equipment-mallorca\/adaptador-d-tap-a-usb-c\/","title":{"rendered":"Adaptador D-Tap a USB-C\/AC"},"content":{"rendered":"<p><strong>Adaptador Tether tools\u00a0 ONsite 200W D-tap a USB\/AC<\/strong><br \/>\nCuando se combina con cualquier bater\u00eda V-Lock est\u00e1ndar proporciona cuatro puertos USB de carga r\u00e1pida y dos tomas de CA para cargar dispositivos como ordenadores port\u00e1tiles, bater\u00edas de c\u00e1maras, monitores y luces LED, tabletas, tel\u00e9fonos.<\/p>\n<p><strong>Especificaciones:<\/strong><\/p>\n<ul>\n<li>4x Salidas USB 5V 2.1A x4, 6.2A MAX<\/li>\n<li>2x Salidas CA Potencia: 200W<\/li>\n<li>Voltaje de salida (versi\u00f3n EE.UU.): AC 110V \u00b1 10%<\/li>\n<li>Voltaje de salida (Internacional): AC 220V \u00b1 10%<\/li>\n<li>Peso: .65lbs (.29kg)<\/li>\n<\/ul>\n<p>Recomendado para ordenadores port\u00e1tiles, cargadores de bater\u00edas de c\u00e1maras, tabletas, tel\u00e9fonos, peque\u00f1as luces LED.<br \/>\nNo recomendado para ordenadores de sobremesa, luces estrobosc\u00f3picas y secadores de pelo.<\/p>\n","protected":false},"excerpt":{"rendered":"<p>Adaptador Tether tools\u00a0 ONsite 200W D-tap a USB\/AC Cuando se combina con cualquier bater\u00eda V-Lock est\u00e1ndar proporciona cuatro puertos USB de carga r\u00e1pida y dos tomas de CA para cargar dispositivos como ordenadores port\u00e1tiles, bater\u00edas de c\u00e1maras, monitores y luces LED, tabletas, tel\u00e9fonos. Especificaciones: 4x Salidas USB 5V 2.1A x4, 6.2A MAX 2x Salidas CA Potencia: 200W Voltaje de salida [&hellip;]<\/p>\n","protected":false},"featured_media":12892,"template":"","meta":[],"product_cat":[212],"product_tag":[],"class_list":{"0":"post-12889","1":"product","2":"type-product","3":"status-publish","4":"has-post-thumbnail","6":"product_cat-baterias","8":"first","9":"instock","10":"shipping-taxable","11":"purchasable","12":"product-type-simple"},"_links":{"self":[{"href":"https:\/\/palmaequipmentrental.com\/es\/wp-json\/wp\/v2\/product\/12889","targetHints":{"allow":["GET"]}}],"collection":[{"href":"https:\/\/palmaequipmentrental.com\/es\/wp-json\/wp\/v2\/product"}],"about":[{"href":"https:\/\/palmaequipmentrental.com\/es\/wp-json\/wp\/v2\/types\/product"}],"wp:featuredmedia":[{"embeddable":true,"href":"https:\/\/palmaequipmentrental.com\/es\/wp-json\/wp\/v2\/media\/12892"}],"wp:attachment":[{"href":"https:\/\/palmaequipmentrental.com\/es\/wp-json\/wp\/v2\/media?parent=12889"}],"wp:term":[{"taxonomy":"product_cat","embeddable":true,"href":"https:\/\/palmaequipmentrental.com\/es\/wp-json\/wp\/v2\/product_cat?post=12889"},{"taxonomy":"product_tag","embeddable":true,"href":"https:\/\/palmaequipmentrental.com\/es\/wp-json\/wp\/v2\/product_tag?post=12889"}],"curies":[{"name":"wp","href":"https:\/\/api.w.org\/{rel}","templated":true}]}}