{"id":12905,"date":"2023-03-29T10:22:56","date_gmt":"2023-03-29T10:22:57","guid":{"rendered":"https:\/\/www.palmaequipmentrental.com\/?post_type=product&#038;p=12905"},"modified":"2025-06-19T16:53:11","modified_gmt":"2025-06-19T16:53:11","slug":"pinza-aputure","status":"publish","type":"product","link":"https:\/\/palmaequipmentrental.com\/es\/photo-video-equipment-mallorca\/pinza-aputure\/","title":{"rendered":"Pinza Aputure"},"content":{"rendered":"<p>Fijaci\u00f3n r\u00e1pida de cajas de control Aputure o fuentes de alimentaci\u00f3n mediante el sistema V-Lock.<\/p>\n","protected":false},"excerpt":{"rendered":"<p>Fijaci\u00f3n r\u00e1pida de cajas de control Aputure o fuentes de alimentaci\u00f3n mediante el sistema V-Lock.<\/p>\n","protected":false},"featured_media":12908,"template":"","meta":[],"product_cat":[225,226],"product_tag":[],"class_list":{"0":"post-12905","1":"product","2":"type-product","3":"status-publish","4":"has-post-thumbnail","6":"product_cat-clamps-es","7":"product_cat-clamps2012-03-30-09-44-10-es","9":"first","10":"instock","11":"shipping-taxable","12":"purchasable","13":"product-type-simple"},"_links":{"self":[{"href":"https:\/\/palmaequipmentrental.com\/es\/wp-json\/wp\/v2\/product\/12905","targetHints":{"allow":["GET"]}}],"collection":[{"href":"https:\/\/palmaequipmentrental.com\/es\/wp-json\/wp\/v2\/product"}],"about":[{"href":"https:\/\/palmaequipmentrental.com\/es\/wp-json\/wp\/v2\/types\/product"}],"wp:featuredmedia":[{"embeddable":true,"href":"https:\/\/palmaequipmentrental.com\/es\/wp-json\/wp\/v2\/media\/12908"}],"wp:attachment":[{"href":"https:\/\/palmaequipmentrental.com\/es\/wp-json\/wp\/v2\/media?parent=12905"}],"wp:term":[{"taxonomy":"product_cat","embeddable":true,"href":"https:\/\/palmaequipmentrental.com\/es\/wp-json\/wp\/v2\/product_cat?post=12905"},{"taxonomy":"product_tag","embeddable":true,"href":"https:\/\/palmaequipmentrental.com\/es\/wp-json\/wp\/v2\/product_tag?post=12905"}],"curies":[{"name":"wp","href":"https:\/\/api.w.org\/{rel}","templated":true}]}}