{"id":12918,"date":"2023-04-04T12:14:00","date_gmt":"2023-04-04T12:14:01","guid":{"rendered":"https:\/\/www.palmaequipmentrental.com\/?post_type=product&#038;p=12918"},"modified":"2025-06-13T14:12:44","modified_gmt":"2025-06-13T14:12:44","slug":"dolly-basico-ruedas","status":"publish","type":"product","link":"https:\/\/palmaequipmentrental.com\/es\/photo-video-equipment-mallorca\/dolly-basico-ruedas\/","title":{"rendered":"Dolly B\u00e1sico con Ruedas"},"content":{"rendered":"<p><strong>Manfrotto Dolly b\u00e1sico plegable con ruedas para tr\u00edpode (127)<\/strong><br \/>\nDise\u00f1ado para tr\u00edpodes de peso ligero y medio. Las ruedas de 76 mm tienen una funci\u00f3n de bloqueo seguro que levanta las ruedas del suelo para que el dolly descanse sobre patas separadas.<\/p>\n<p><strong>Especificaciones<\/strong><\/p>\n<ul>\n<li>Peso: 3,15 kg<\/li>\n<li>Peso de carga \u00fatil de seguridad: 10 kg<\/li>\n<li>Dise\u00f1ada para tr\u00edpodes de peso ligero y medio<\/li>\n<li>Bloqueo de seguridad que libera las ruedas del suelo<\/li>\n<li>Sistema de bloqueo de ruedas para tomas est\u00e1ticas estables<\/li>\n<li>Ideal para trabajos de v\u00eddeo en los que un ra\u00edl ser\u00eda poco pr\u00e1ctico<\/li>\n<\/ul>\n<p>&nbsp;<\/p>\n","protected":false},"excerpt":{"rendered":"<p>Manfrotto Dolly b\u00e1sico plegable con ruedas para tr\u00edpode (127) Dise\u00f1ado para tr\u00edpodes de peso ligero y medio. Las ruedas de 76 mm tienen una funci\u00f3n de bloqueo seguro que levanta las ruedas del suelo para que el dolly descanse sobre patas separadas. Especificaciones Peso: 3,15 kg Peso de carga \u00fatil de seguridad: 10 kg Dise\u00f1ada para tr\u00edpodes de peso ligero [&hellip;]<\/p>\n","protected":false},"featured_media":12921,"template":"","meta":[],"product_cat":[204,205],"product_tag":[],"class_list":{"0":"post-12918","1":"product","2":"type-product","3":"status-publish","4":"has-post-thumbnail","6":"product_cat-tripods-es","7":"product_cat-tripods-video-grip-es","9":"first","10":"instock","11":"shipping-taxable","12":"purchasable","13":"product-type-simple"},"_links":{"self":[{"href":"https:\/\/palmaequipmentrental.com\/es\/wp-json\/wp\/v2\/product\/12918","targetHints":{"allow":["GET"]}}],"collection":[{"href":"https:\/\/palmaequipmentrental.com\/es\/wp-json\/wp\/v2\/product"}],"about":[{"href":"https:\/\/palmaequipmentrental.com\/es\/wp-json\/wp\/v2\/types\/product"}],"wp:featuredmedia":[{"embeddable":true,"href":"https:\/\/palmaequipmentrental.com\/es\/wp-json\/wp\/v2\/media\/12921"}],"wp:attachment":[{"href":"https:\/\/palmaequipmentrental.com\/es\/wp-json\/wp\/v2\/media?parent=12918"}],"wp:term":[{"taxonomy":"product_cat","embeddable":true,"href":"https:\/\/palmaequipmentrental.com\/es\/wp-json\/wp\/v2\/product_cat?post=12918"},{"taxonomy":"product_tag","embeddable":true,"href":"https:\/\/palmaequipmentrental.com\/es\/wp-json\/wp\/v2\/product_tag?post=12918"}],"curies":[{"name":"wp","href":"https:\/\/api.w.org\/{rel}","templated":true}]}}