{"id":12975,"date":"2023-04-21T13:49:20","date_gmt":"2023-04-21T13:49:21","guid":{"rendered":"https:\/\/www.palmaequipmentrental.com\/?post_type=product&#038;p=12975"},"modified":"2025-06-12T13:58:51","modified_gmt":"2025-06-12T13:58:51","slug":"aputure-light-dome-150-2","status":"publish","type":"product","link":"https:\/\/palmaequipmentrental.com\/es\/photo-video-equipment-mallorca\/aputure-light-dome-150-2\/","title":{"rendered":"Aputure Light Dome 150"},"content":{"rendered":"<p>El <strong>Aputure Light Dome 150<\/strong> es un modificador de 150cm y 32 lados que es uno de los modificadores m\u00e1s perfectamente redondos del mercado, permitiendo reflejos perfectamente circulares. Este softbox es una gran opci\u00f3n para retratos, head shots, entrevistas, moda y mucho m\u00e1s.\u00a0 El Light Dome 150 transforma las fuentes de luz puntuales con montura Bowens en una enorme fuente de luz suave que ilumina con elegancia grandes espacios.<\/p>\n<p><strong>Aputure Light Dome 150 incluye:<\/strong><\/p>\n<ul>\n<li>2 x Telas difusoras frontales (1,5 y 2,5 paradas)<\/li>\n<li>Speedring con montura Bowens<\/li>\n<li>Rejilla de 45\u00ba<\/li>\n<\/ul>\n<p><strong>Caracter\u00edsticas:<\/strong><\/p>\n<ul>\n<li>150cm\u00a0 de di\u00e1metro<\/li>\n<li class=\"fx-list__item list-item fx-list__item--circle\"><span class=\"fx-text fx-text--plus list-item__text\">Profundidad: 80 cm (31,5&#8243;)<\/span><\/li>\n<li class=\"fx-list__item list-item fx-list__item--circle\"><span class=\"fx-text fx-text--plus list-item__text\">Calidad de luz incre\u00edblemente suave<\/span><\/li>\n<li class=\"fx-list__item list-item fx-list__item--circle\"><span class=\"fx-text fx-text--plus list-item__text\">Dise\u00f1o de 32 cara para reflejos circulares perfectos<\/span><\/li>\n<li class=\"fx-list__item list-item fx-list__item--circle\"><span class=\"fx-text fx-text--plus list-item__text\">Estructura de configuraci\u00f3n r\u00e1pida para flujos de trabajo eficientes<\/span><\/li>\n<li class=\"fx-list__item list-item fx-list__item--circle\"><span class=\"fx-text fx-text--plus list-item__text\">2 tipos de difusi\u00f3n frontal (1,5 Stops y 2,5 Stops)<\/span><\/li>\n<li class=\"fx-list__item list-item fx-list__item--circle\"><span class=\"fx-text fx-text--plus list-item__text\">Rejilla de control de luz de tela a 45\u00ba<\/span><\/li>\n<\/ul>\n","protected":false},"excerpt":{"rendered":"<p>El Aputure Light Dome 150 es un modificador de 150cm y 32 lados que es uno de los modificadores m\u00e1s perfectamente redondos del mercado, permitiendo reflejos perfectamente circulares. Este softbox es una gran opci\u00f3n para retratos, head shots, entrevistas, moda y mucho m\u00e1s.\u00a0 El Light Dome 150 transforma las fuentes de luz puntuales con montura Bowens en una enorme fuente [&hellip;]<\/p>\n","protected":false},"featured_media":13003,"template":"","meta":[],"product_cat":[774,776],"product_tag":[],"class_list":{"0":"post-12975","1":"product","2":"type-product","3":"status-publish","4":"has-post-thumbnail","6":"product_cat-aputure-modificadores-v","7":"product_cat-aputure-modificadores","9":"first","10":"instock","11":"shipping-taxable","12":"purchasable","13":"product-type-simple"},"_links":{"self":[{"href":"https:\/\/palmaequipmentrental.com\/es\/wp-json\/wp\/v2\/product\/12975","targetHints":{"allow":["GET"]}}],"collection":[{"href":"https:\/\/palmaequipmentrental.com\/es\/wp-json\/wp\/v2\/product"}],"about":[{"href":"https:\/\/palmaequipmentrental.com\/es\/wp-json\/wp\/v2\/types\/product"}],"wp:featuredmedia":[{"embeddable":true,"href":"https:\/\/palmaequipmentrental.com\/es\/wp-json\/wp\/v2\/media\/13003"}],"wp:attachment":[{"href":"https:\/\/palmaequipmentrental.com\/es\/wp-json\/wp\/v2\/media?parent=12975"}],"wp:term":[{"taxonomy":"product_cat","embeddable":true,"href":"https:\/\/palmaequipmentrental.com\/es\/wp-json\/wp\/v2\/product_cat?post=12975"},{"taxonomy":"product_tag","embeddable":true,"href":"https:\/\/palmaequipmentrental.com\/es\/wp-json\/wp\/v2\/product_tag?post=12975"}],"curies":[{"name":"wp","href":"https:\/\/api.w.org\/{rel}","templated":true}]}}