{"id":13076,"date":"2023-05-02T15:38:05","date_gmt":"2023-05-02T15:38:06","guid":{"rendered":"https:\/\/www.palmaequipmentrental.com\/?post_type=product&#038;p=13076"},"modified":"2025-06-12T13:41:51","modified_gmt":"2025-06-12T13:41:51","slug":"adicam-max-2","status":"publish","type":"product","link":"https:\/\/palmaequipmentrental.com\/es\/photo-video-equipment-mallorca\/adicam-max-2\/","title":{"rendered":"Adicam MAX"},"content":{"rendered":"<p>El Adicam MAX es un carrito de equipos altamente vers\u00e1til y personalizable que satisface las necesidades de fot\u00f3grafos y equipos de producci\u00f3n. Con sus impresionantes caracter\u00edsticas y dise\u00f1o resistente, este carrito garantiza un transporte suave y eficiente de tu equipo.<\/p>\n<p>Caracter\u00edsticas:<\/p>\n<ul>\n<li>Totalmente personalizable: El Adicam MAX es compatible con todos nuestros accesorios, lo que te permite personalizarlo seg\u00fan tus necesidades.<\/li>\n<li>Movilidad mejorada: Equipado con cuatro ruedas neum\u00e1ticas plegables a mano (9&#8243; &#8211; fi225 mm) y un sistema de freno est\u00e1ndar, este carrito ofrece una f\u00e1cil maniobrabilidad y estabilidad.<\/li>\n<li>Mecanismo de plegado conveniente: El carrito se puede ensamblar y desmontar en solo 2 minutos sin necesidad de herramientas. Se puede plegar a un tama\u00f1o compacto para un transporte sin esfuerzo.<\/li>\n<li>Almacenamiento seguro de equipos: Cada plataforma del carrito est\u00e1 cubierta con un revestimiento para evitar el desplazamiento del equipo durante el transporte.<\/li>\n<li>Construcci\u00f3n robusta: El tubo de acero inoxidable de 2 secciones con un pasador para accesorios de 5\/8 pulgadas proporciona una soluci\u00f3n confiable para montar l\u00e1mparas, monitores y otros equipos de foto\/video.<\/li>\n<\/ul>\n<p>Especificaciones t\u00e9cnicas:<\/p>\n<ul>\n<li>Ruedas: Ruedas neum\u00e1ticas de 9&#8243; con dos frenos (ruedas neum\u00e1ticas de 10&#8243; con dos frenos disponibles como opci\u00f3n adicional).<\/li>\n<li>Tubo de 2 secciones con pasador para accesorios de 5\/8 pulgadas: El tubo de acero inoxidable cuenta con dos elevadores con di\u00e1metros de 35 mm y 30 mm, ofreciendo diversas posibilidades de montaje.<\/li>\n<li>Rango de altura: Altura m\u00ednima de 83 cm y altura m\u00e1xima de 145 cm.<\/li>\n<li>Dimensiones plegado del carrito: Altura de 180 mm, ancho de 630 mm y longitud de 1260 mm.<\/li>\n<li>Dimensiones montado del carrito: Altura de 1035 mm, ancho de 630 mm y longitud de 1260 mm.<\/li>\n<li>Peso: 41,5 kg sin accesorios, 43 kg con montaje integrado junto con la barra transversal entre las patas.<\/li>\n<li>Capacidad: Capacidad m\u00e1xima de carga de 250 kg.<\/li>\n<\/ul>\n<p>Como empresa profesional de alquiler de equipos fotogr\u00e1ficos, nos enorgullece ofrecer equipos y servicios de primera clase a empresas de producci\u00f3n y fot\u00f3grafos. Desde iluminaci\u00f3n est\u00e1ndar de la industria, c\u00e1maras y equipos de agarre hasta accesorios de estilismo y producci\u00f3n, consumibles y servicios de entrega confiables, nos esforzamos por satisfacer tus necesidades. Con nuestro enfoque flexible, eficiente y amigable, respaldado por soporte t\u00e9cnico las 24 horas del d\u00eda, garantizamos una experiencia sin problemas para cada cliente. \u00a1As\u00f3ciate con nosotros y accede a marcas reconocidas como Profoto, Arri, Manfrotto, Aputure y muchas m\u00e1s! \u00a1Cont\u00e1ctanos hoy mismo para elevar tus proyectos de fotograf\u00eda y producci\u00f3n a nuevas alturas!<\/p>\n","protected":false},"excerpt":{"rendered":"<p>El Adicam MAX es un carrito de equipos altamente vers\u00e1til y personalizable que satisface las necesidades de fot\u00f3grafos y equipos de producci\u00f3n. Con sus impresionantes caracter\u00edsticas y dise\u00f1o resistente, este carrito garantiza un transporte suave y eficiente de tu equipo. Caracter\u00edsticas: Totalmente personalizable: El Adicam MAX es compatible con todos nuestros accesorios, lo que te permite personalizarlo seg\u00fan tus necesidades. [&hellip;]<\/p>\n","protected":false},"featured_media":13172,"template":"","meta":[],"product_cat":[198,755],"product_tag":[],"class_list":{"0":"post-13076","1":"product","2":"type-product","3":"status-publish","4":"has-post-thumbnail","6":"product_cat-accesorios-de-camara-2","7":"product_cat-estacion-de-trabajo-digital","9":"first","10":"instock","11":"shipping-taxable","12":"purchasable","13":"product-type-simple"},"_links":{"self":[{"href":"https:\/\/palmaequipmentrental.com\/es\/wp-json\/wp\/v2\/product\/13076","targetHints":{"allow":["GET"]}}],"collection":[{"href":"https:\/\/palmaequipmentrental.com\/es\/wp-json\/wp\/v2\/product"}],"about":[{"href":"https:\/\/palmaequipmentrental.com\/es\/wp-json\/wp\/v2\/types\/product"}],"wp:featuredmedia":[{"embeddable":true,"href":"https:\/\/palmaequipmentrental.com\/es\/wp-json\/wp\/v2\/media\/13172"}],"wp:attachment":[{"href":"https:\/\/palmaequipmentrental.com\/es\/wp-json\/wp\/v2\/media?parent=13076"}],"wp:term":[{"taxonomy":"product_cat","embeddable":true,"href":"https:\/\/palmaequipmentrental.com\/es\/wp-json\/wp\/v2\/product_cat?post=13076"},{"taxonomy":"product_tag","embeddable":true,"href":"https:\/\/palmaequipmentrental.com\/es\/wp-json\/wp\/v2\/product_tag?post=13076"}],"curies":[{"name":"wp","href":"https:\/\/api.w.org\/{rel}","templated":true}]}}