{"id":13082,"date":"2023-05-17T08:49:40","date_gmt":"2023-05-17T08:49:41","guid":{"rendered":"https:\/\/www.palmaequipmentrental.com\/?post_type=product&#038;p=13082"},"modified":"2025-06-24T14:51:04","modified_gmt":"2025-06-24T14:51:04","slug":"profoto-ventana-octa-120cm","status":"publish","type":"product","link":"https:\/\/palmaequipmentrental.com\/es\/photo-video-equipment-mallorca\/profoto-ventana-octa-120cm\/","title":{"rendered":"Profoto Ventana Octa 4&#8242; (120cm)"},"content":{"rendered":"<p>Profoto Ventana Sotbox Octagonal 120 x 50cm (4&#8242;). Incluye adaptador speedring y telas de difusi\u00f3n interior y exterior.<\/p>\n<p>Las softboxes octagonales son las que se utilizan m\u00e1s habitualmente en los sectores de la fotograf\u00eda de moda, belleza y retratos. Una de las razones m\u00e1s importantes de su \u00e9xito es que su forma \u00fanica crea un bonito efecto de luz en el ojo del sujeto con un aspecto muy natural.<\/p>\n<h3 class=\"tab__content-subtitle\">Caracter\u00edsticas<\/h3>\n<ul>\n<li>Crea una luz suave y favorecedora.<\/li>\n<li>Es resistente al calor para su uso con flashes y con focos de luz continua.<\/li>\n<li>Presenta un frontal rebajado para lograr un control preciso.<\/li>\n<li>Difusores de doble capa y una superficie interior plateada altamente reflectante.<\/li>\n<li>Elaborada con tejidos de alta calidad, garantiza que la softbox puede resistir incluso en los entornos de trabajo m\u00e1s dif\u00edciles.<\/li>\n<li>Las sujeciones de Velcro permiten montarla y desmontarla sin problemas.<\/li>\n<li>Se ha dise\u00f1ado para durar muchos a\u00f1os con un uso diario.<\/li>\n<\/ul>\n<p>&nbsp;<\/p>\n","protected":false},"excerpt":{"rendered":"<p>Profoto Ventana Sotbox Octagonal 120 x 50cm (4&#8242;). Incluye adaptador speedring y telas de difusi\u00f3n interior y exterior. Las softboxes octagonales son las que se utilizan m\u00e1s habitualmente en los sectores de la fotograf\u00eda de moda, belleza y retratos. Una de las razones m\u00e1s importantes de su \u00e9xito es que su forma \u00fanica crea un bonito efecto de luz en [&hellip;]<\/p>\n","protected":false},"featured_media":4885,"template":"","meta":[],"product_cat":[235],"product_tag":[],"class_list":{"0":"post-13082","1":"product","2":"type-product","3":"status-publish","4":"has-post-thumbnail","6":"product_cat-ventanas-softboxes","8":"first","9":"instock","10":"shipping-taxable","11":"purchasable","12":"product-type-simple"},"_links":{"self":[{"href":"https:\/\/palmaequipmentrental.com\/es\/wp-json\/wp\/v2\/product\/13082","targetHints":{"allow":["GET"]}}],"collection":[{"href":"https:\/\/palmaequipmentrental.com\/es\/wp-json\/wp\/v2\/product"}],"about":[{"href":"https:\/\/palmaequipmentrental.com\/es\/wp-json\/wp\/v2\/types\/product"}],"wp:featuredmedia":[{"embeddable":true,"href":"https:\/\/palmaequipmentrental.com\/es\/wp-json\/wp\/v2\/media\/4885"}],"wp:attachment":[{"href":"https:\/\/palmaequipmentrental.com\/es\/wp-json\/wp\/v2\/media?parent=13082"}],"wp:term":[{"taxonomy":"product_cat","embeddable":true,"href":"https:\/\/palmaequipmentrental.com\/es\/wp-json\/wp\/v2\/product_cat?post=13082"},{"taxonomy":"product_tag","embeddable":true,"href":"https:\/\/palmaequipmentrental.com\/es\/wp-json\/wp\/v2\/product_tag?post=13082"}],"curies":[{"name":"wp","href":"https:\/\/api.w.org\/{rel}","templated":true}]}}