{"id":13087,"date":"2023-05-25T09:18:21","date_gmt":"2023-05-25T09:18:21","guid":{"rendered":"https:\/\/www.palmaequipmentrental.com\/product\/hollyland-mars-m1-monitor\/"},"modified":"2023-05-25T09:25:59","modified_gmt":"2023-05-25T09:25:59","slug":"hollyland-mars-m1-monitor","status":"publish","type":"product","link":"https:\/\/palmaequipmentrental.com\/es\/photo-video-equipment-mallorca\/hollyland-mars-m1-monitor\/","title":{"rendered":"Hollyland Mars M1 Monitor (SDI\/HDMI)"},"content":{"rendered":"<p>Nuestro monitor Hollyland Mars M1 de 5,5&#8243; incluye un parasol.<\/p>\n<p>El Hollyland Mars M1 es un potente monitor de campo compacto inal\u00e1mbrico que integra las funciones de transmisor, receptor y monitor en una \u00fanica soluci\u00f3n. Con una pantalla LCD t\u00e1ctil de 5,5&#8243; con calibraci\u00f3n de color profesional realizada, 1.000 nits de brillo y gama de color Rec. 709, el Mars M1 ofrece una agradable experiencia de monitorizaci\u00f3n. Tambi\u00e9n puede transmitir se\u00f1ales de c\u00e1mara en un rango LOS de hasta 150 m (450 pies) con una baja latencia de 0,08 s, simplificando eficazmente la implementaci\u00f3n de su dispositivo y mejorando su eficiencia durante la grabaci\u00f3n de v\u00eddeo&#8230;<\/p>\n<p>El monitor de campo Mars M1 funciona como una soluci\u00f3n todo en uno de transmisor, receptor y monitor. Puede alternar entre los modos de transmisor y receptor en la pantalla de monitorizaci\u00f3n. Un transmisor puede funcionar con hasta dos receptores o cuatro aplicaciones m\u00f3viles. La Mars M1 puede utilizarse junto con las series Mars Pro y 4K para reducir el n\u00famero de dispositivos necesarios y disfrutar de una experiencia de grabaci\u00f3n m\u00e1s eficiente.<\/p>\n<p><strong>Features<\/strong><\/p>\n<ul>\n<li>Monitorizaci\u00f3n inal\u00e1mbrica de v\u00eddeo de hasta 450&#8242;<\/li>\n<li>Conmutaci\u00f3n de modo transmisor y receptor<\/li>\n<li>Pantalla t\u00e1ctil de 5,5<\/li>\n<li>Transmisi\u00f3n\/Recepci\u00f3n de v\u00eddeo hasta 4K30.<\/li>\n<li>incluye conexiones de entrada SDI\/HDMI<\/li>\n<\/ul>\n","protected":false},"excerpt":{"rendered":"<p>Nuestro monitor Hollyland Mars M1 de 5,5&#8243; incluye un parasol. El Hollyland Mars M1 es un potente monitor de campo compacto inal\u00e1mbrico que integra las funciones de transmisor, receptor y monitor en una \u00fanica soluci\u00f3n. Con una pantalla LCD t\u00e1ctil de 5,5&#8243; con calibraci\u00f3n de color profesional realizada, 1.000 nits de brillo y gama de color Rec. 709, el Mars [&hellip;]<\/p>\n","protected":false},"featured_media":13181,"template":"","meta":[],"product_cat":[200,462],"product_tag":[],"class_list":{"0":"post-13087","1":"product","2":"type-product","3":"status-publish","4":"has-post-thumbnail","6":"product_cat-monitors-es","7":"product_cat-monitores","9":"first","10":"instock","11":"shipping-taxable","12":"purchasable","13":"product-type-simple"},"_links":{"self":[{"href":"https:\/\/palmaequipmentrental.com\/es\/wp-json\/wp\/v2\/product\/13087","targetHints":{"allow":["GET"]}}],"collection":[{"href":"https:\/\/palmaequipmentrental.com\/es\/wp-json\/wp\/v2\/product"}],"about":[{"href":"https:\/\/palmaequipmentrental.com\/es\/wp-json\/wp\/v2\/types\/product"}],"wp:featuredmedia":[{"embeddable":true,"href":"https:\/\/palmaequipmentrental.com\/es\/wp-json\/wp\/v2\/media\/13181"}],"wp:attachment":[{"href":"https:\/\/palmaequipmentrental.com\/es\/wp-json\/wp\/v2\/media?parent=13087"}],"wp:term":[{"taxonomy":"product_cat","embeddable":true,"href":"https:\/\/palmaequipmentrental.com\/es\/wp-json\/wp\/v2\/product_cat?post=13087"},{"taxonomy":"product_tag","embeddable":true,"href":"https:\/\/palmaequipmentrental.com\/es\/wp-json\/wp\/v2\/product_tag?post=13087"}],"curies":[{"name":"wp","href":"https:\/\/api.w.org\/{rel}","templated":true}]}}