{"id":13092,"date":"2023-05-25T09:36:03","date_gmt":"2023-05-25T09:36:03","guid":{"rendered":"https:\/\/www.palmaequipmentrental.com\/product\/wooden-directors-monitor-cage-v3\/"},"modified":"2023-06-16T16:20:28","modified_gmt":"2023-06-16T16:20:28","slug":"wooden-directors-monitor-cage-v3","status":"publish","type":"product","link":"https:\/\/palmaequipmentrental.com\/es\/photo-video-equipment-mallorca\/wooden-directors-monitor-cage-v3\/","title":{"rendered":"Wooden Director&#8217;s Monitor Cage v3"},"content":{"rendered":"<p>Mejora tus capacidades de monitoreo con la Jaula de Monitor de Director de Madera v3. Esta jaula compatible universalmente soporta monitores de hasta 9 pulgadas, se acopla f\u00e1cilmente a trav\u00e9s de los puntos de montaje superiores, inferiores o traseros de 1\/4-20.<\/p>\n<p>Incluye una sombrilla adaptable que se acopla directamente al marco de la jaula, garantizando una visibilidad \u00f3ptima en cualquier condici\u00f3n de iluminaci\u00f3n. Los agarres de fibra de carbono, con abrazaderas integradas de 15 mm, ofrecen una posici\u00f3n r\u00e1pida y precisa para un manejo c\u00f3modo durante las sesiones fotogr\u00e1ficas.<\/p>\n<p>Con una placa de montaje de bater\u00eda que cuenta con puntos de montaje tipo V-Mount y funcionalidad de giro en ambas direcciones, acceder a la parte trasera del monitor y a los dispositivos inal\u00e1mbricos instalados es sencillo. La jaula tambi\u00e9n incluye una abrazadera de pasador incorporada con rueda de bloqueo para un montaje conveniente en soportes.<\/p>\n<p>Especificaciones t\u00e9cnicas:<\/p>\n<ul>\n<li>Compatibilidad con monitores: Hasta 9 pulgadas (medidas en diagonal)<\/li>\n<li>Ubicaciones de montaje: Superiores, inferiores o traseras de 1\/4-20<\/li>\n<li>Sombrilla: Adaptable a la mayor\u00eda de los monitores<\/li>\n<li>Agarres: Fibra de carbono con abrazaderas integradas de 15 mm<\/li>\n<li>Placa de montaje de bater\u00eda: Puntos de montaje tipo V-Mount, funcionalidad de giro en ambas direcciones<\/li>\n<li>Montaje en soporte: Abrazadera de pasador incorporada con rueda de bloqueo<\/li>\n<\/ul>\n<p>Elige la Jaula de Monitor de Director de Madera v3 para mejorar el rendimiento de monitoreo. Cont\u00e1ctanos para alquilar esta jaula vers\u00e1til y disfrutar de nuestros servicios profesionales en Palma de Mallorca, Menorca, Ibiza, Formentera y Espa\u00f1a peninsular. Ofrecemos equipos de primera calidad de marcas l\u00edderes como Profoto, Arri, Manfrotto y m\u00e1s.<\/p>\n","protected":false},"excerpt":{"rendered":"<p>Mejora tus capacidades de monitoreo con la Jaula de Monitor de Director de Madera v3. Esta jaula compatible universalmente soporta monitores de hasta 9 pulgadas, se acopla f\u00e1cilmente a trav\u00e9s de los puntos de montaje superiores, inferiores o traseros de 1\/4-20. Incluye una sombrilla adaptable que se acopla directamente al marco de la jaula, garantizando una visibilidad \u00f3ptima en cualquier [&hellip;]<\/p>\n","protected":false},"featured_media":13185,"template":"","meta":[],"product_cat":[462],"product_tag":[],"class_list":{"0":"post-13092","1":"product","2":"type-product","3":"status-publish","4":"has-post-thumbnail","6":"product_cat-monitores","8":"first","9":"instock","10":"shipping-taxable","11":"purchasable","12":"product-type-simple"},"_links":{"self":[{"href":"https:\/\/palmaequipmentrental.com\/es\/wp-json\/wp\/v2\/product\/13092","targetHints":{"allow":["GET"]}}],"collection":[{"href":"https:\/\/palmaequipmentrental.com\/es\/wp-json\/wp\/v2\/product"}],"about":[{"href":"https:\/\/palmaequipmentrental.com\/es\/wp-json\/wp\/v2\/types\/product"}],"wp:featuredmedia":[{"embeddable":true,"href":"https:\/\/palmaequipmentrental.com\/es\/wp-json\/wp\/v2\/media\/13185"}],"wp:attachment":[{"href":"https:\/\/palmaequipmentrental.com\/es\/wp-json\/wp\/v2\/media?parent=13092"}],"wp:term":[{"taxonomy":"product_cat","embeddable":true,"href":"https:\/\/palmaequipmentrental.com\/es\/wp-json\/wp\/v2\/product_cat?post=13092"},{"taxonomy":"product_tag","embeddable":true,"href":"https:\/\/palmaequipmentrental.com\/es\/wp-json\/wp\/v2\/product_tag?post=13092"}],"curies":[{"name":"wp","href":"https:\/\/api.w.org\/{rel}","templated":true}]}}