{"id":13098,"date":"2023-05-25T09:47:21","date_gmt":"2023-05-25T09:47:21","guid":{"rendered":"https:\/\/www.palmaequipmentrental.com\/product\/profoto-ocf-ii-grid-gel-kit\/"},"modified":"2023-06-16T15:43:40","modified_gmt":"2023-06-16T15:43:40","slug":"profoto-ocf-ii-grid-gel-kit","status":"publish","type":"product","link":"https:\/\/palmaequipmentrental.com\/es\/photo-video-equipment-mallorca\/profoto-ocf-ii-grid-gel-kit\/","title":{"rendered":"Profoto OCF II Grid &#038; Gel Kit"},"content":{"rendered":"<p>\u00a1Potencia tu iluminaci\u00f3n con el Kit Profoto OCF Clic Grid &amp; Gel! Esta herramienta imprescindible para fot\u00f3grafos de moda y publicidad incluye el Clic Grid 20\u00b0, dise\u00f1ado meticulosamente para reducir la dispersi\u00f3n de la luz, controlar la luz par\u00e1sita y a\u00f1adir contraste y dramatismo a tus im\u00e1genes.<\/p>\n<p>Logra un equilibrio perfecto de colores con el Clic Gel Full CTO y el Clic Gel Half CTO incluidos. Estos geles te permiten integrar de manera fluida la luz artificial con la luz ambiental, lo que te brinda la posibilidad de armonizar la luz dorada del atardecer o la c\u00e1lida iluminaci\u00f3n interior.<\/p>\n<p>Gracias al sistema de montaje magn\u00e9tico del OCF Clic, puedes colocar y quitar el Clic Grid y los geles de forma r\u00e1pida y sencilla, ahorrando tiempo valioso en tus sesiones. Ap\u00edlalos entre s\u00ed o comb\u00ednalos con otras herramientas de modelado de luz compatibles para disfrutar de posibilidades creativas ilimitadas.<\/p>\n<p>Especificaciones t\u00e9cnicas:<\/p>\n<ul>\n<li>El kit incluye: 1x Clic Grid 20\u00b0, 1x Clic Gel Full CTO y 1x Clic Gel Half CTO.<\/li>\n<li>Clic Grid 20\u00b0: reduce la dispersi\u00f3n de la luz, controla la luz par\u00e1sita, a\u00f1ade contraste y dramatismo.<\/li>\n<li>Clic Gel Full CTO y Clic Gel Half CTO: equilibra la luz artificial con la luz ambiental.<\/li>\n<li>Montaje magn\u00e9tico para una colocaci\u00f3n r\u00e1pida y segura.<\/li>\n<li>Apilable con otras herramientas de modelado de luz Clic.<\/li>\n<\/ul>\n<p>Como empresa profesional de alquiler de equipos fotogr\u00e1ficos en Palma de Mallorca, Espa\u00f1a, nos enorgullece ofrecer el Kit Profoto OCF Clic Grid &amp; Gel, junto con una amplia gama de equipos est\u00e1ndar de la industria de marcas reconocidas como Profoto, Arri, Manfrotto y m\u00e1s. Conf\u00eda en nuestro servicio flexible, eficiente y amigable, respaldado por soporte t\u00e9cnico las 24 horas del d\u00eda, para satisfacer tus necesidades de producci\u00f3n en Palma de Mallorca, Menorca, Ibiza, Formentera y el resto de Espa\u00f1a.<\/p>\n","protected":false},"excerpt":{"rendered":"<p>\u00a1Potencia tu iluminaci\u00f3n con el Kit Profoto OCF Clic Grid &amp; Gel! Esta herramienta imprescindible para fot\u00f3grafos de moda y publicidad incluye el Clic Grid 20\u00b0, dise\u00f1ado meticulosamente para reducir la dispersi\u00f3n de la luz, controlar la luz par\u00e1sita y a\u00f1adir contraste y dramatismo a tus im\u00e1genes. Logra un equilibrio perfecto de colores con el Clic Gel Full CTO y [&hellip;]<\/p>\n","protected":false},"featured_media":13188,"template":"","meta":[],"product_cat":[787],"product_tag":[],"class_list":{"0":"post-13098","1":"product","2":"type-product","3":"status-publish","4":"has-post-thumbnail","6":"product_cat-ocf-modeladores-de-luz","8":"first","9":"instock","10":"shipping-taxable","11":"purchasable","12":"product-type-simple"},"_links":{"self":[{"href":"https:\/\/palmaequipmentrental.com\/es\/wp-json\/wp\/v2\/product\/13098","targetHints":{"allow":["GET"]}}],"collection":[{"href":"https:\/\/palmaequipmentrental.com\/es\/wp-json\/wp\/v2\/product"}],"about":[{"href":"https:\/\/palmaequipmentrental.com\/es\/wp-json\/wp\/v2\/types\/product"}],"wp:featuredmedia":[{"embeddable":true,"href":"https:\/\/palmaequipmentrental.com\/es\/wp-json\/wp\/v2\/media\/13188"}],"wp:attachment":[{"href":"https:\/\/palmaequipmentrental.com\/es\/wp-json\/wp\/v2\/media?parent=13098"}],"wp:term":[{"taxonomy":"product_cat","embeddable":true,"href":"https:\/\/palmaequipmentrental.com\/es\/wp-json\/wp\/v2\/product_cat?post=13098"},{"taxonomy":"product_tag","embeddable":true,"href":"https:\/\/palmaequipmentrental.com\/es\/wp-json\/wp\/v2\/product_tag?post=13098"}],"curies":[{"name":"wp","href":"https:\/\/api.w.org\/{rel}","templated":true}]}}