{"id":13105,"date":"2023-05-25T10:01:27","date_gmt":"2023-05-25T10:01:27","guid":{"rendered":"https:\/\/www.palmaequipmentrental.com\/product\/profoto-grid-filterholder\/"},"modified":"2023-06-13T15:40:18","modified_gmt":"2023-06-13T15:40:18","slug":"profoto-grid-filterholder","status":"publish","type":"product","link":"https:\/\/palmaequipmentrental.com\/es\/photo-video-equipment-mallorca\/profoto-grid-filterholder\/","title":{"rendered":"Profoto Grid &#038; Filterholder"},"content":{"rendered":"<p>\u00bfEst\u00e1s buscando un accesorio vers\u00e1til para mejorar tu equipo de iluminaci\u00f3n Profoto? Te presentamos el Soporte de Rejilla y Filtros Profoto 180 mm. Este soporte de alta calidad est\u00e1 dise\u00f1ado para montar un snoot, rejillas y filtros en el Reflector Zoom, brind\u00e1ndote infinitas posibilidades creativas.<\/p>\n<p>Caracter\u00edsticas:<\/p>\n<ul>\n<li>Montaje sencillo: Fija un snoot, rejillas o filtros de forma segura en el Reflector Zoom est\u00e1ndar para un control preciso de la luz.<\/li>\n<li>Dise\u00f1o compacto: El soporte es ligero y compacto, lo que facilita su transporte y almacenamiento.<\/li>\n<li>Calidad excepcional: Fabricado con la m\u00e1xima atenci\u00f3n al detalle, este soporte garantiza un rendimiento confiable y durabilidad.<\/li>\n<\/ul>\n<p>En nuestra empresa profesional de alquiler de equipos fotogr\u00e1ficos con sede en Palma de Mallorca, Espa\u00f1a, nos esforzamos por satisfacer las necesidades de compa\u00f1\u00edas de producci\u00f3n y fot\u00f3grafos que trabajan en campa\u00f1as de moda y publicidad. Adem\u00e1s del Soporte de Rejilla y Filtros Profoto, ofrecemos una amplia gama de equipos de iluminaci\u00f3n, c\u00e1maras, equipo de agarre y mucho m\u00e1s, siguiendo los est\u00e1ndares de la industria. Nuestros servicios flexibles y amigables, que incluyen soporte t\u00e9cnico las 24 horas, garantizan una experiencia de alquiler sin problemas. \u00a1Trabaja con nosotros y accede a marcas reconocidas como Profoto, Arri, Man<\/p>\n","protected":false},"excerpt":{"rendered":"<p>\u00bfEst\u00e1s buscando un accesorio vers\u00e1til para mejorar tu equipo de iluminaci\u00f3n Profoto? Te presentamos el Soporte de Rejilla y Filtros Profoto 180 mm. Este soporte de alta calidad est\u00e1 dise\u00f1ado para montar un snoot, rejillas y filtros en el Reflector Zoom, brind\u00e1ndote infinitas posibilidades creativas. Caracter\u00edsticas: Montaje sencillo: Fija un snoot, rejillas o filtros de forma segura en el Reflector [&hellip;]<\/p>\n","protected":false},"featured_media":13165,"template":"","meta":[],"product_cat":[785],"product_tag":[],"class_list":{"0":"post-13105","1":"product","2":"type-product","3":"status-publish","4":"has-post-thumbnail","6":"product_cat-pro-modeladores-de-luz","8":"first","9":"instock","10":"shipping-taxable","11":"purchasable","12":"product-type-simple"},"_links":{"self":[{"href":"https:\/\/palmaequipmentrental.com\/es\/wp-json\/wp\/v2\/product\/13105","targetHints":{"allow":["GET"]}}],"collection":[{"href":"https:\/\/palmaequipmentrental.com\/es\/wp-json\/wp\/v2\/product"}],"about":[{"href":"https:\/\/palmaequipmentrental.com\/es\/wp-json\/wp\/v2\/types\/product"}],"wp:featuredmedia":[{"embeddable":true,"href":"https:\/\/palmaequipmentrental.com\/es\/wp-json\/wp\/v2\/media\/13165"}],"wp:attachment":[{"href":"https:\/\/palmaequipmentrental.com\/es\/wp-json\/wp\/v2\/media?parent=13105"}],"wp:term":[{"taxonomy":"product_cat","embeddable":true,"href":"https:\/\/palmaequipmentrental.com\/es\/wp-json\/wp\/v2\/product_cat?post=13105"},{"taxonomy":"product_tag","embeddable":true,"href":"https:\/\/palmaequipmentrental.com\/es\/wp-json\/wp\/v2\/product_tag?post=13105"}],"curies":[{"name":"wp","href":"https:\/\/api.w.org\/{rel}","templated":true}]}}