{"id":13111,"date":"2023-05-25T10:23:07","date_gmt":"2023-05-25T10:23:07","guid":{"rendered":"https:\/\/www.palmaequipmentrental.com\/product\/pelican-clamp\/"},"modified":"2023-06-13T15:05:20","modified_gmt":"2023-06-13T15:05:20","slug":"pelican-clamp","status":"publish","type":"product","link":"https:\/\/palmaequipmentrental.com\/es\/photo-video-equipment-mallorca\/pelican-clamp\/","title":{"rendered":"Abrazadera Pel\u00edcano"},"content":{"rendered":"<p>El Avenger C500 Pelican Gaffer Grip es una abrazadera confiable y resistente dise\u00f1ada para diversos lugares de rodaje, sets y estudios. Esta abrazadera vers\u00e1til es una herramienta imprescindible para fot\u00f3grafos y equipos de producci\u00f3n.<\/p>\n<p>Caracter\u00edsticas:<\/p>\n<ul>\n<li>Dise\u00f1o vers\u00e1til: La abrazadera cuenta con 2 pasadores de 16 mm \/ 5\/8\u00bb, con un pasador removible para convertirlo en una toma, lo que proporciona flexibilidad en las opciones de fijaci\u00f3n.<\/li>\n<li>Agarre seguro: Sus mordazas est\u00e1n dise\u00f1adas para sujetar di\u00e1metros que van desde 15 mm hasta 80 mm (0,59 a 3,14 pulgadas), asegurando un agarre firme y seguro.<\/li>\n<li>Impresionante capacidad de carga: Con una capacidad de carga m\u00e1xima de 10 kg (22 lbs), puede soportar de manera segura equipos pesados y accesorios.<\/li>\n<\/ul>\n<p>En nuestra empresa profesional de alquiler de equipos fotogr\u00e1ficos, priorizamos proporcionar equipos y servicios de primera clase a empresas de producci\u00f3n y fot\u00f3grafos. Nuestro amplio inventario incluye iluminaci\u00f3n profesional, c\u00e1maras, equipos de agarre y m\u00e1s, todos cumpliendo con los est\u00e1ndares de la industria. Tambi\u00e9n ofrecemos consumibles, veh\u00edculos de transporte equipados con estanter\u00edas, apoyo de personal y servicios de entrega. Con nuestro enfoque flexible, eficiente y amigable, junto con soporte t\u00e9cnico las 24 horas del d\u00eda, nos esforzamos por brindar una experiencia fluida a cada cliente. \u00a1Colabora con nosotros y accede a marcas reconocidas como Profoto, Arri, Manfrotto, Aputure y muchas otras!<\/p>\n","protected":false},"excerpt":{"rendered":"<p>El Avenger C500 Pelican Gaffer Grip es una abrazadera confiable y resistente dise\u00f1ada para diversos lugares de rodaje, sets y estudios. Esta abrazadera vers\u00e1til es una herramienta imprescindible para fot\u00f3grafos y equipos de producci\u00f3n. Caracter\u00edsticas: Dise\u00f1o vers\u00e1til: La abrazadera cuenta con 2 pasadores de 16 mm \/ 5\/8\u00bb, con un pasador removible para convertirlo en una toma, lo que proporciona [&hellip;]<\/p>\n","protected":false},"featured_media":13161,"template":"","meta":[],"product_cat":[225,226],"product_tag":[],"class_list":{"0":"post-13111","1":"product","2":"type-product","3":"status-publish","4":"has-post-thumbnail","6":"product_cat-clamps-es","7":"product_cat-clamps2012-03-30-09-44-10-es","9":"first","10":"instock","11":"shipping-taxable","12":"purchasable","13":"product-type-simple"},"_links":{"self":[{"href":"https:\/\/palmaequipmentrental.com\/es\/wp-json\/wp\/v2\/product\/13111","targetHints":{"allow":["GET"]}}],"collection":[{"href":"https:\/\/palmaequipmentrental.com\/es\/wp-json\/wp\/v2\/product"}],"about":[{"href":"https:\/\/palmaequipmentrental.com\/es\/wp-json\/wp\/v2\/types\/product"}],"wp:featuredmedia":[{"embeddable":true,"href":"https:\/\/palmaequipmentrental.com\/es\/wp-json\/wp\/v2\/media\/13161"}],"wp:attachment":[{"href":"https:\/\/palmaequipmentrental.com\/es\/wp-json\/wp\/v2\/media?parent=13111"}],"wp:term":[{"taxonomy":"product_cat","embeddable":true,"href":"https:\/\/palmaequipmentrental.com\/es\/wp-json\/wp\/v2\/product_cat?post=13111"},{"taxonomy":"product_tag","embeddable":true,"href":"https:\/\/palmaequipmentrental.com\/es\/wp-json\/wp\/v2\/product_tag?post=13111"}],"curies":[{"name":"wp","href":"https:\/\/api.w.org\/{rel}","templated":true}]}}