{"id":13116,"date":"2023-05-25T10:41:52","date_gmt":"2023-05-25T10:41:52","guid":{"rendered":"https:\/\/www.palmaequipmentrental.com\/product\/8x8-single-net\/"},"modified":"2023-06-09T16:53:57","modified_gmt":"2023-06-09T16:53:57","slug":"8x8-single-net","status":"publish","type":"product","link":"https:\/\/palmaequipmentrental.com\/es\/photo-video-equipment-mallorca\/8x8-single-net\/","title":{"rendered":"8&#215;8 Scrim Single"},"content":{"rendered":"<p>La red individual de 8&#215;8 es una herramienta esencial para controlar y manipular la luz en tus proyectos fotogr\u00e1ficos y de producci\u00f3n. Este scrim deslizable est\u00e1 dise\u00f1ado para reducir la intensidad de la luz sin alterar el patr\u00f3n ni la temperatura de color, lo que te permite lograr efectos de iluminaci\u00f3n precisos. Con un tama\u00f1o conveniente de 8&#215;8 pies, brinda una cobertura amplia para diferentes escenarios de grabaci\u00f3n.<\/p>\n<p>Especificaciones t\u00e9cnicas:<\/p>\n<ul>\n<li>Tipo: Red individual<\/li>\n<li>Tama\u00f1o: 8 pies x 8 pies<\/li>\n<li>Reducci\u00f3n de luz: 0.6 stops<\/li>\n<li>Construcci\u00f3n: Textil de alta calidad con cintas, ojales y lazos en todos los lados<\/li>\n<li>El\u00e1stico en las esquinas: El\u00e1stico cosido en las cuatro esquinas para una conexi\u00f3n r\u00e1pida y segura a los marcos<\/li>\n<li>Almacenamiento: Cada tejido incluye una bolsa de almacenamiento etiquetada, que facilita la organizaci\u00f3n e identificaci\u00f3n del contenido<\/li>\n<\/ul>\n<p>Como empresa profesional de alquiler de equipos fotogr\u00e1ficos, nos comprometemos a ofrecer equipos y servicios de primera categor\u00eda a compa\u00f1\u00edas de producci\u00f3n y fot\u00f3grafos. Nuestro amplio inventario incluye iluminaci\u00f3n profesional, c\u00e1maras, equipos de agarre y mucho m\u00e1s, todos ellos est\u00e1ndares en la industria. Tambi\u00e9n ofrecemos consumibles, veh\u00edculos equipados, servicios de equipo humano y opciones de entrega para satisfacer tus necesidades espec\u00edficas. Con nuestra enfoque flexible, eficiente y amigable, respaldado por soporte t\u00e9cnico las 24 horas del d\u00eda, los 7 d\u00edas de la semana, nos esforzamos por brindar una experiencia sin problemas para cada cliente. \u00a1Colabora con nosotros y accede a marcas reconocidas como Profoto, Arri, Manfrotto y muchas otras!<\/p>\n","protected":false},"excerpt":{"rendered":"<p>La red individual de 8&#215;8 es una herramienta esencial para controlar y manipular la luz en tus proyectos fotogr\u00e1ficos y de producci\u00f3n. Este scrim deslizable est\u00e1 dise\u00f1ado para reducir la intensidad de la luz sin alterar el patr\u00f3n ni la temperatura de color, lo que te permite lograr efectos de iluminaci\u00f3n precisos. Con un tama\u00f1o conveniente de 8&#215;8 pies, brinda [&hellip;]<\/p>\n","protected":false},"featured_media":13158,"template":"","meta":[],"product_cat":[819,826],"product_tag":[],"class_list":{"0":"post-13116","1":"product","2":"type-product","3":"status-publish","4":"has-post-thumbnail","6":"product_cat-8x8-butterfly-v-es","7":"product_cat-8x8-butterfly-es","9":"first","10":"instock","11":"shipping-taxable","12":"purchasable","13":"product-type-simple"},"_links":{"self":[{"href":"https:\/\/palmaequipmentrental.com\/es\/wp-json\/wp\/v2\/product\/13116","targetHints":{"allow":["GET"]}}],"collection":[{"href":"https:\/\/palmaequipmentrental.com\/es\/wp-json\/wp\/v2\/product"}],"about":[{"href":"https:\/\/palmaequipmentrental.com\/es\/wp-json\/wp\/v2\/types\/product"}],"wp:featuredmedia":[{"embeddable":true,"href":"https:\/\/palmaequipmentrental.com\/es\/wp-json\/wp\/v2\/media\/13158"}],"wp:attachment":[{"href":"https:\/\/palmaequipmentrental.com\/es\/wp-json\/wp\/v2\/media?parent=13116"}],"wp:term":[{"taxonomy":"product_cat","embeddable":true,"href":"https:\/\/palmaequipmentrental.com\/es\/wp-json\/wp\/v2\/product_cat?post=13116"},{"taxonomy":"product_tag","embeddable":true,"href":"https:\/\/palmaequipmentrental.com\/es\/wp-json\/wp\/v2\/product_tag?post=13116"}],"curies":[{"name":"wp","href":"https:\/\/api.w.org\/{rel}","templated":true}]}}