{"id":13319,"date":"2023-07-13T12:50:22","date_gmt":"2023-07-13T12:50:23","guid":{"rendered":"https:\/\/www.palmaequipmentrental.com\/?post_type=product&#038;p=13319"},"modified":"2025-06-13T13:47:03","modified_gmt":"2025-06-13T13:47:03","slug":"canon-ef-70-200mm-f-2-8l-is-ii-usm","status":"publish","type":"product","link":"https:\/\/palmaequipmentrental.com\/es\/photo-video-equipment-mallorca\/canon-ef-70-200mm-f-2-8l-is-ii-usm\/","title":{"rendered":"Canon EF 70-200mm f\/2.8L IS II USM"},"content":{"rendered":"<p><strong>Este Canon EF 70-200mm f\/2.8L IS II USM incluye parasol,\u00a0filtro UV y bolsa de protecci\u00f3n.<\/strong><\/p>\n<p>\u00a1Muy buen estado!<\/p>\n<p>El EF 70-200 mm f\/2,8L IS II USM es el teleobjetivo\u00a0esencial para deportes, vida salvaje o retratos.<\/p>\n<ul>\n<li>Estabilizador de imagen de 4 pasos<\/li>\n<li>Apertura circular de 8 hojas<\/li>\n<li>Intervalo de apertura: f \/ 2.8-32. Con una r\u00e1pida apertura de f\/2,8, la fotograf\u00eda en condiciones de escasa iluminaci\u00f3n es posible. Esta apertura de alta velocidad tambi\u00e9n se puede<\/li>\n<li>utilizar para garantizar una profundidad de campo reducida y que el sujeto destaque sobre un fondo recargado.<\/li>\n<li>Fluorita y elemento de lente de ultra baja dispersi\u00f3n (UD) para la mejor calidad de imagen<\/li>\n<li>Motor de enfoque ultras\u00f3nico<\/li>\n<li>Super Spectra Multi Recubrimiento<\/li>\n<li>Anulaci\u00f3n manual del enfoque<\/li>\n<li>Distancia de enfoque m\u00ednima: 3.9 \u00ab<\/li>\n<\/ul>\n","protected":false},"excerpt":{"rendered":"<p>Este Canon EF 70-200mm f\/2.8L IS II USM incluye parasol,\u00a0filtro UV y bolsa de protecci\u00f3n. \u00a1Muy buen estado! El EF 70-200 mm f\/2,8L IS II USM es el teleobjetivo\u00a0esencial para deportes, vida salvaje o retratos. Estabilizador de imagen de 4 pasos Apertura circular de 8 hojas Intervalo de apertura: f \/ 2.8-32. Con una r\u00e1pida apertura de f\/2,8, la fotograf\u00eda [&hellip;]<\/p>\n","protected":false},"featured_media":9568,"template":"","meta":[],"product_cat":[737],"product_tag":[],"class_list":{"0":"post-13319","1":"product","2":"type-product","3":"status-publish","4":"has-post-thumbnail","6":"product_cat-equipos-de-segunda-mano","8":"first","9":"instock","10":"shipping-taxable","11":"purchasable","12":"product-type-simple"},"_links":{"self":[{"href":"https:\/\/palmaequipmentrental.com\/es\/wp-json\/wp\/v2\/product\/13319","targetHints":{"allow":["GET"]}}],"collection":[{"href":"https:\/\/palmaequipmentrental.com\/es\/wp-json\/wp\/v2\/product"}],"about":[{"href":"https:\/\/palmaequipmentrental.com\/es\/wp-json\/wp\/v2\/types\/product"}],"wp:featuredmedia":[{"embeddable":true,"href":"https:\/\/palmaequipmentrental.com\/es\/wp-json\/wp\/v2\/media\/9568"}],"wp:attachment":[{"href":"https:\/\/palmaequipmentrental.com\/es\/wp-json\/wp\/v2\/media?parent=13319"}],"wp:term":[{"taxonomy":"product_cat","embeddable":true,"href":"https:\/\/palmaequipmentrental.com\/es\/wp-json\/wp\/v2\/product_cat?post=13319"},{"taxonomy":"product_tag","embeddable":true,"href":"https:\/\/palmaequipmentrental.com\/es\/wp-json\/wp\/v2\/product_tag?post=13319"}],"curies":[{"name":"wp","href":"https:\/\/api.w.org\/{rel}","templated":true}]}}