{"id":13332,"date":"2023-07-13T13:14:46","date_gmt":"2023-07-13T13:14:46","guid":{"rendered":"https:\/\/www.palmaequipmentrental.com\/?post_type=product&#038;p=13332"},"modified":"2025-06-19T17:00:28","modified_gmt":"2025-06-19T17:00:28","slug":"pro-b1-500-air-ttl-2","status":"publish","type":"product","link":"https:\/\/palmaequipmentrental.com\/es\/photo-video-equipment-mallorca\/pro-b1-500-air-ttl-2\/","title":{"rendered":"Profoto B1 500 Air TTL"},"content":{"rendered":"<div class=\"pos-prodintrotext-wrapper\">\n<div class=\"pos-prodintrotext\">\n<p><strong>Este B1 Off Camera Flash incluye 1x bater\u00eda Pro B1 Li-Ion y 1x cargador Pro B1.<\/strong><\/p>\n<div class=\"col-xs-12 col-sm-6 white text-left column-padding-right\">\n<p>Desde que se lanz\u00f3 en 2013, el B1 ha ca\u00eddo en la comunidad fotogr\u00e1fica como una tormenta.<\/p>\n<p>La caracter\u00edstica que m\u00e1s ha llamado la atenci\u00f3n es que la acci\u00f3n TTL se realiza completamente sin cables, reforzando as\u00ed el hecho que el B1 no es un flash de estudio. Es un flash off-camera dise\u00f1ado para la fotograf\u00eda en el lugar donde se vaya a tomar la fotograf\u00eda.<\/p>\n<\/div>\n<div class=\"col-xs-12 col-sm-6 white text-left column-padding-left\">\n<p>En resumen, para ser port\u00e1til y f\u00e1cil de usar, el B1 es un flash profesional en todo el sentido de la palabra.<\/p>\n<p>Suficientemente r\u00e1pido para cargarlo en tu c\u00e1mara y 10 veces m\u00e1s potente que la media de los speedlight, el B1 te da la mejor luz de manera f\u00e1cil.<\/p>\n<\/div>\n<p><b>Caracter\u00edsticas<\/b><\/p>\n<p>&#8211; Patented AirTTL technology provides perfect exposure in a flash.<\/p>\n<p>&#8211; Cordless design and wireless controls allows you to shoot without any restraints.<\/p>\n<p>&#8211; Interchangeable, integrated battery provides up to 220 full-power flashes and tens of thousands at lowest power.<\/p>\n<p>&#8211; 500 Ws adjustable in 1\/10 f-stop increments over a 9 f-stop power range give you both power and precise control.<\/p>\n<p>&#8211; Fires up to 20 flashes a second with flash durations as short as 1\/19,000 of a second.<\/p>\n<p>&#8211; Patent-pending Profoto HSS is fast enough to keep up with your camera, 10 times as powerful as your average speedlight, and extremely consistent.<\/p>\n<p>&#8211; Designed for used with more than 150 Light Shaping Tools.<\/p>\n<\/div>\n<\/div>\n<p>&nbsp;<\/p>\n<p>&nbsp;<\/p>\n<p>&nbsp;<\/p>\n<p>&nbsp;<\/p>\n<p>&nbsp;<\/p>\n<p>&nbsp;<\/p>\n<p>&nbsp;<\/p>\n<p>&nbsp;<\/p>\n<p>&nbsp;<\/p>\n<p>&nbsp;<\/p>\n<p class=\"MsoNormal\"><span style=\"line-height: normal;\">\u00a0<\/span><\/p>\n<div><\/div>\n<p class=\"MsoNormal\" style=\"mso-margin-top-alt: auto; mso-margin-bottom-alt: auto; line-height: normal;\"><span style=\"font-family: Tahoma, sans-serif; color: #a6a6a6;\">\u00a0<\/span><\/p>\n<p>&nbsp;<\/p>\n","protected":false},"excerpt":{"rendered":"<p>Este B1 Off Camera Flash incluye 1x bater\u00eda Pro B1 Li-Ion y 1x cargador Pro B1. Desde que se lanz\u00f3 en 2013, el B1 ha ca\u00eddo en la comunidad fotogr\u00e1fica como una tormenta. La caracter\u00edstica que m\u00e1s ha llamado la atenci\u00f3n es que la acci\u00f3n TTL se realiza completamente sin cables, reforzando as\u00ed el hecho que el B1 no es [&hellip;]<\/p>\n","protected":false},"featured_media":6556,"template":"","meta":[],"product_cat":[737],"product_tag":[],"class_list":{"0":"post-13332","1":"product","2":"type-product","3":"status-publish","4":"has-post-thumbnail","6":"product_cat-equipos-de-segunda-mano","8":"first","9":"instock","10":"shipping-taxable","11":"purchasable","12":"product-type-simple"},"_links":{"self":[{"href":"https:\/\/palmaequipmentrental.com\/es\/wp-json\/wp\/v2\/product\/13332","targetHints":{"allow":["GET"]}}],"collection":[{"href":"https:\/\/palmaequipmentrental.com\/es\/wp-json\/wp\/v2\/product"}],"about":[{"href":"https:\/\/palmaequipmentrental.com\/es\/wp-json\/wp\/v2\/types\/product"}],"wp:featuredmedia":[{"embeddable":true,"href":"https:\/\/palmaequipmentrental.com\/es\/wp-json\/wp\/v2\/media\/6556"}],"wp:attachment":[{"href":"https:\/\/palmaequipmentrental.com\/es\/wp-json\/wp\/v2\/media?parent=13332"}],"wp:term":[{"taxonomy":"product_cat","embeddable":true,"href":"https:\/\/palmaequipmentrental.com\/es\/wp-json\/wp\/v2\/product_cat?post=13332"},{"taxonomy":"product_tag","embeddable":true,"href":"https:\/\/palmaequipmentrental.com\/es\/wp-json\/wp\/v2\/product_tag?post=13332"}],"curies":[{"name":"wp","href":"https:\/\/api.w.org\/{rel}","templated":true}]}}