{"id":13335,"date":"2023-07-13T13:21:21","date_gmt":"2023-07-13T13:21:22","guid":{"rendered":"https:\/\/www.palmaequipmentrental.com\/?post_type=product&#038;p=13335"},"modified":"2025-06-13T13:51:34","modified_gmt":"2025-06-13T13:51:34","slug":"canon-eos-5d-mk-iii","status":"publish","type":"product","link":"https:\/\/palmaequipmentrental.com\/es\/photo-video-equipment-mallorca\/canon-eos-5d-mk-iii\/","title":{"rendered":"Canon EOS 5D Mk III"},"content":{"rendered":"<p><strong>Esta Canon EOS 5D Mark III incluye 1x bater\u00eda LP-E6, 1x cargador de bater\u00eda LC-E6 y empu\u00f1adura de bater\u00eda BG-E11.<\/strong><\/p>\n<p><strong>Recuento de disparos = 403830<\/strong><\/p>\n<p>La EOS 5D Mark III es una DSLR de fotograma completo de 22,3 MP con enfoque autom\u00e1tico de 61 puntos y disparo continuo a 6 fps. \u00a0Captura v\u00eddeos Full-HD de alta calidad, con control manual sobre todo, desde la velocidad de fotogramas hasta el audio.<\/p>\n<p><strong>Caracter\u00edsticas<\/strong><\/p>\n<ul>\n<li>Sensor de fotograma completo de 22,3 megap\u00edxeles<\/li>\n<li>AF de 61 puntos<\/li>\n<li>Disparo continuo a 6 fps<\/li>\n<li>Sensibilidad ISO 100-25.600, ampliable a ISO 102.400<\/li>\n<li>V\u00eddeo Full-HD con control manual<\/li>\n<li>Procesador DIGIC 5+ de 14 bits<\/li>\n<li>Sellado contra la intemperie<\/li>\n<li>Pantalla de 8,11 cm (3,2 pulgadas) y 1.040.000 puntos<\/li>\n<li>Modo HDR<\/li>\n<\/ul>\n","protected":false},"excerpt":{"rendered":"<p>Esta Canon EOS 5D Mark III incluye 1x bater\u00eda LP-E6, 1x cargador de bater\u00eda LC-E6 y empu\u00f1adura de bater\u00eda BG-E11. Recuento de disparos = 403830 La EOS 5D Mark III es una DSLR de fotograma completo de 22,3 MP con enfoque autom\u00e1tico de 61 puntos y disparo continuo a 6 fps. \u00a0Captura v\u00eddeos Full-HD de alta calidad, con control manual [&hellip;]<\/p>\n","protected":false},"featured_media":9472,"template":"","meta":[],"product_cat":[737],"product_tag":[],"class_list":{"0":"post-13335","1":"product","2":"type-product","3":"status-publish","4":"has-post-thumbnail","6":"product_cat-equipos-de-segunda-mano","8":"first","9":"instock","10":"shipping-taxable","11":"purchasable","12":"product-type-simple"},"_links":{"self":[{"href":"https:\/\/palmaequipmentrental.com\/es\/wp-json\/wp\/v2\/product\/13335","targetHints":{"allow":["GET"]}}],"collection":[{"href":"https:\/\/palmaequipmentrental.com\/es\/wp-json\/wp\/v2\/product"}],"about":[{"href":"https:\/\/palmaequipmentrental.com\/es\/wp-json\/wp\/v2\/types\/product"}],"wp:featuredmedia":[{"embeddable":true,"href":"https:\/\/palmaequipmentrental.com\/es\/wp-json\/wp\/v2\/media\/9472"}],"wp:attachment":[{"href":"https:\/\/palmaequipmentrental.com\/es\/wp-json\/wp\/v2\/media?parent=13335"}],"wp:term":[{"taxonomy":"product_cat","embeddable":true,"href":"https:\/\/palmaequipmentrental.com\/es\/wp-json\/wp\/v2\/product_cat?post=13335"},{"taxonomy":"product_tag","embeddable":true,"href":"https:\/\/palmaequipmentrental.com\/es\/wp-json\/wp\/v2\/product_tag?post=13335"}],"curies":[{"name":"wp","href":"https:\/\/api.w.org\/{rel}","templated":true}]}}