{"id":13414,"date":"2023-09-11T14:34:21","date_gmt":"2023-09-11T14:34:21","guid":{"rendered":"https:\/\/www.palmaequipmentrental.com\/product\/pro-a1x-bounce-card-2\/"},"modified":"2023-10-11T17:40:12","modified_gmt":"2023-10-11T17:40:12","slug":"pro-a1x-bounce-card-2","status":"publish","type":"product","link":"https:\/\/palmaequipmentrental.com\/es\/photo-video-equipment-mallorca\/pro-a1x-bounce-card-2\/","title":{"rendered":"Profoto Bounce Card"},"content":{"rendered":"<p>Similar al Clic Dome, la herramienta Bounce Card para el A10, A1X y A1 te permite reflejar la luz y dirigir parte de ella hacia el sujeto a modo de relleno. Esta opci\u00f3n crear\u00e1 una iluminaci\u00f3n suave pero m\u00e1s direccional.<\/p>\n<p>La herramienta Bounce Card viene en una bolsa de microfibra y puedes acoplarla y desacoplarla f\u00e1cilmente gracias a la montura magn\u00e9tica. Adem\u00e1s, se puede combinar con otras herramientas de modelado de la luz del A10, A1X y A1. En definitiva, podr\u00e1s ser incre\u00edblemente creativo con la iluminaci\u00f3n.<\/p>\n<h3 class=\"tab__content-subtitle\">Caracter\u00edsticas<\/h3>\n<ul>\n<li>Crea una luz m\u00e1s direccional haciendo rebotar la luz del A10, A1X o A1.<\/li>\n<li>Se puede colocar y quitar f\u00e1cilmente de la montura magn\u00e9tica del A10, A1X y A1.<\/li>\n<li>Puede usarse con otros modificadores del A10, A1X y A1.<\/li>\n<li>Ligera y portable.<\/li>\n<\/ul>\n","protected":false},"excerpt":{"rendered":"<p>Similar al Clic Dome, la herramienta Bounce Card para el A10, A1X y A1 te permite reflejar la luz y dirigir parte de ella hacia el sujeto a modo de relleno. Esta opci\u00f3n crear\u00e1 una iluminaci\u00f3n suave pero m\u00e1s direccional. La herramienta Bounce Card viene en una bolsa de microfibra y puedes acoplarla y desacoplarla f\u00e1cilmente gracias a la montura [&hellip;]<\/p>\n","protected":false},"featured_media":9213,"template":"","meta":[],"product_cat":[789],"product_tag":[],"class_list":{"0":"post-13414","1":"product","2":"type-product","3":"status-publish","4":"has-post-thumbnail","6":"product_cat-click-modeladores-de-luz","8":"first","9":"instock","10":"shipping-taxable","11":"purchasable","12":"product-type-simple"},"_links":{"self":[{"href":"https:\/\/palmaequipmentrental.com\/es\/wp-json\/wp\/v2\/product\/13414","targetHints":{"allow":["GET"]}}],"collection":[{"href":"https:\/\/palmaequipmentrental.com\/es\/wp-json\/wp\/v2\/product"}],"about":[{"href":"https:\/\/palmaequipmentrental.com\/es\/wp-json\/wp\/v2\/types\/product"}],"wp:featuredmedia":[{"embeddable":true,"href":"https:\/\/palmaequipmentrental.com\/es\/wp-json\/wp\/v2\/media\/9213"}],"wp:attachment":[{"href":"https:\/\/palmaequipmentrental.com\/es\/wp-json\/wp\/v2\/media?parent=13414"}],"wp:term":[{"taxonomy":"product_cat","embeddable":true,"href":"https:\/\/palmaequipmentrental.com\/es\/wp-json\/wp\/v2\/product_cat?post=13414"},{"taxonomy":"product_tag","embeddable":true,"href":"https:\/\/palmaequipmentrental.com\/es\/wp-json\/wp\/v2\/product_tag?post=13414"}],"curies":[{"name":"wp","href":"https:\/\/api.w.org\/{rel}","templated":true}]}}