{"id":13471,"date":"2023-10-03T14:46:07","date_gmt":"2023-10-03T14:46:07","guid":{"rendered":"https:\/\/www.palmaequipmentrental.com\/product\/the-lightbridge-c-diff-50x50-reflector-kit\/"},"modified":"2023-10-11T14:29:22","modified_gmt":"2023-10-11T14:29:22","slug":"the-lightbridge-c-diff-50x50-reflector-kit","status":"publish","type":"product","link":"https:\/\/palmaequipmentrental.com\/es\/photo-video-equipment-mallorca\/the-lightbridge-c-diff-50x50-reflector-kit\/","title":{"rendered":"LightBridge Kit de Reflector 50\u00d750"},"content":{"rendered":"<p>Alquile el LightBridge CRLS C-DIFF50 Reflector SET (DiFF 1-4) 50x50cm: su soluci\u00f3n imprescindible para lograr un control de iluminaci\u00f3n impecable en el mundo de la fotograf\u00eda y la videograf\u00eda profesional.<\/p>\n<p>Este kit completo incluye:<\/p>\n<ul>\n<li>Tama\u00f1o de superficie reflectante: 50&#215;50 cm<\/li>\n<li>Difusi\u00f3n vers\u00e1til: opciones DiFF 1-4 para efectos de iluminaci\u00f3n personalizados<\/li>\n<li>Calidad premium: fabricado para durabilidad y difusi\u00f3n \u00f3ptima de la luz<\/li>\n<li>Ajuste sencillo: ruedas c y abrazaderas c-spigot incluidas para una colocaci\u00f3n sin esfuerzo<\/li>\n<\/ul>\n<p>Libere su creatividad: logre la iluminaci\u00f3n perfecta para campa\u00f1as de moda y publicidad.<\/p>\n<p>Eleve su narraci\u00f3n visual con el LightBridge CRLS C-DIFF50 Reflector SET, confiado por profesionales de la industria. Alquile este equipo esencial en nuestra base en Palma de Mallorca, que sirve a las Islas Baleares y la Espa\u00f1a peninsular. Benef\u00edciese de nuestros servicios flexibles, amigables y eficientes, que incluyen soporte t\u00e9cnico las 24 horas. Contamos con una amplia gama de marcas est\u00e1ndar de la industria como Profoto, Arri y m\u00e1s para potenciar su visi\u00f3n creativa. Elija nuestro servicio para todas sus necesidades fotogr\u00e1ficas y de producci\u00f3n.<\/p>\n","protected":false},"excerpt":{"rendered":"<p>Alquile el LightBridge CRLS C-DIFF50 Reflector SET (DiFF 1-4) 50x50cm: su soluci\u00f3n imprescindible para lograr un control de iluminaci\u00f3n impecable en el mundo de la fotograf\u00eda y la videograf\u00eda profesional. Este kit completo incluye: Tama\u00f1o de superficie reflectante: 50&#215;50 cm Difusi\u00f3n vers\u00e1til: opciones DiFF 1-4 para efectos de iluminaci\u00f3n personalizados Calidad premium: fabricado para durabilidad y difusi\u00f3n \u00f3ptima de la [&hellip;]<\/p>\n","protected":false},"featured_media":13468,"template":"","meta":[],"product_cat":[211,726],"product_tag":[],"class_list":{"0":"post-13471","1":"product","2":"type-product","3":"status-publish","4":"has-post-thumbnail","6":"product_cat-reflectors-stands-a-grip2012-03-30-09-24-32-es","7":"product_cat-reflectores","9":"first","10":"instock","11":"shipping-taxable","12":"purchasable","13":"product-type-simple"},"_links":{"self":[{"href":"https:\/\/palmaequipmentrental.com\/es\/wp-json\/wp\/v2\/product\/13471","targetHints":{"allow":["GET"]}}],"collection":[{"href":"https:\/\/palmaequipmentrental.com\/es\/wp-json\/wp\/v2\/product"}],"about":[{"href":"https:\/\/palmaequipmentrental.com\/es\/wp-json\/wp\/v2\/types\/product"}],"wp:featuredmedia":[{"embeddable":true,"href":"https:\/\/palmaequipmentrental.com\/es\/wp-json\/wp\/v2\/media\/13468"}],"wp:attachment":[{"href":"https:\/\/palmaequipmentrental.com\/es\/wp-json\/wp\/v2\/media?parent=13471"}],"wp:term":[{"taxonomy":"product_cat","embeddable":true,"href":"https:\/\/palmaequipmentrental.com\/es\/wp-json\/wp\/v2\/product_cat?post=13471"},{"taxonomy":"product_tag","embeddable":true,"href":"https:\/\/palmaequipmentrental.com\/es\/wp-json\/wp\/v2\/product_tag?post=13471"}],"curies":[{"name":"wp","href":"https:\/\/api.w.org\/{rel}","templated":true}]}}