{"id":13489,"date":"2023-10-04T16:17:34","date_gmt":"2023-10-04T16:17:34","guid":{"rendered":"https:\/\/www.palmaequipmentrental.com\/product\/apurture-18-leaf-iris\/"},"modified":"2023-10-25T13:42:30","modified_gmt":"2023-10-25T13:42:30","slug":"apurture-18-leaf-iris","status":"publish","type":"product","link":"https:\/\/palmaequipmentrental.com\/es\/photo-video-equipment-mallorca\/apurture-18-leaf-iris\/","title":{"rendered":"Aputure 18 Leaf Iris"},"content":{"rendered":"<div class=\"group w-full text-token-text-primary border-b border-black\/10 gizmo:border-0 dark:border-gray-900\/50 gizmo:dark:border-0 bg-gray-50 gizmo:bg-transparent dark:bg-[#444654] gizmo:dark:bg-transparent\" data-testid=\"conversation-turn-9\">\n<div class=\"p-4 justify-center text-base md:gap-6 md:py-6 m-auto\">\n<div class=\"flex flex-1 gap-4 text-base mx-auto md:gap-6 gizmo:gap-3 gizmo:md:px-5 gizmo:lg:px-1 gizmo:xl:px-5 md:max-w-2xl lg:max-w-[38rem] gizmo:md:max-w-3xl gizmo:lg:max-w-[40rem] gizmo:xl:max-w-[48rem] xl:max-w-3xl }\">\n<div class=\"relative flex w-[calc(100%-50px)] flex-col gap-1 gizmo:w-full md:gap-3 lg:w-[calc(100%-115px)] agent-turn\">\n<div class=\"flex flex-grow flex-col gap-3 max-w-full\">\n<div class=\"min-h-[20px] flex flex-col items-start gap-3 whitespace-pre-wrap break-words overflow-x-auto\">\n<div class=\"markdown prose w-full break-words dark:prose-invert light\">\n<p>Aputure 18 Leaf Iris, un accesorio revolucionario dise\u00f1ado espec\u00edficamente para el sistema de montaje Aputure Spotlight. Fabricada en aleaci\u00f3n de aluminio ligera pero resistente, esta herramienta vers\u00e1til le brinda un control sin precedentes sobre su configuraci\u00f3n de iluminaci\u00f3n.<\/p>\n<p>Caracter\u00edsticas Clave:<\/p>\n<ul>\n<li>Dise\u00f1ado con precisi\u00f3n para el Montaje Aputure Spotlight.<\/li>\n<li>Dise\u00f1o de 18 hojas para un control preciso del tama\u00f1o y la forma del haz de luz.<\/li>\n<li>Ajustable f\u00e1cilmente dentro del alojamiento del Spotlight.<\/li>\n<li>Adapte el di\u00e1metro del c\u00edrculo de iluminaci\u00f3n del Spotlight a sus necesidades exactas.<\/li>\n<li>Construcci\u00f3n resistente en aleaci\u00f3n de aluminio, ligera pero robusta.<\/li>\n<\/ul>\n<p>En Palma Equipment Rental, estamos comprometidos a ofrecer equipos fotogr\u00e1ficos y de videograf\u00eda de primer nivel, incluyendo el Aputure 18 Leaf Iris, para elevar sus proyectos creativos. Como la principal empresa de alquiler de equipos en Palma de Mallorca, ofrecemos flexibilidad, eficiencia y soporte t\u00e9cnico las 24 horas del d\u00eda, los 7 d\u00edas de la semana, garantizando que sus producciones brillen en las Islas Baleares y m\u00e1s all\u00e1. \u00a1As\u00f3ciese con nosotros y experimente la excelencia profesional.<\/p>\n<\/div>\n<\/div>\n<\/div>\n<\/div>\n<\/div>\n<\/div>\n<\/div>\n","protected":false},"excerpt":{"rendered":"<p>Aputure 18 Leaf Iris, un accesorio revolucionario dise\u00f1ado espec\u00edficamente para el sistema de montaje Aputure Spotlight. Fabricada en aleaci\u00f3n de aluminio ligera pero resistente, esta herramienta vers\u00e1til le brinda un control sin precedentes sobre su configuraci\u00f3n de iluminaci\u00f3n. Caracter\u00edsticas Clave: Dise\u00f1ado con precisi\u00f3n para el Montaje Aputure Spotlight. Dise\u00f1o de 18 hojas para un control preciso del tama\u00f1o y la [&hellip;]<\/p>\n","protected":false},"featured_media":13486,"template":"","meta":[],"product_cat":[776,774],"product_tag":[],"class_list":{"0":"post-13489","1":"product","2":"type-product","3":"status-publish","4":"has-post-thumbnail","6":"product_cat-aputure-modificadores","7":"product_cat-aputure-modificadores-v","9":"first","10":"instock","11":"shipping-taxable","12":"purchasable","13":"product-type-simple"},"_links":{"self":[{"href":"https:\/\/palmaequipmentrental.com\/es\/wp-json\/wp\/v2\/product\/13489","targetHints":{"allow":["GET"]}}],"collection":[{"href":"https:\/\/palmaequipmentrental.com\/es\/wp-json\/wp\/v2\/product"}],"about":[{"href":"https:\/\/palmaequipmentrental.com\/es\/wp-json\/wp\/v2\/types\/product"}],"wp:featuredmedia":[{"embeddable":true,"href":"https:\/\/palmaequipmentrental.com\/es\/wp-json\/wp\/v2\/media\/13486"}],"wp:attachment":[{"href":"https:\/\/palmaequipmentrental.com\/es\/wp-json\/wp\/v2\/media?parent=13489"}],"wp:term":[{"taxonomy":"product_cat","embeddable":true,"href":"https:\/\/palmaequipmentrental.com\/es\/wp-json\/wp\/v2\/product_cat?post=13489"},{"taxonomy":"product_tag","embeddable":true,"href":"https:\/\/palmaequipmentrental.com\/es\/wp-json\/wp\/v2\/product_tag?post=13489"}],"curies":[{"name":"wp","href":"https:\/\/api.w.org\/{rel}","templated":true}]}}