{"id":13496,"date":"2023-10-04T16:40:28","date_gmt":"2023-10-04T16:40:28","guid":{"rendered":"https:\/\/www.palmaequipmentrental.com\/product\/profoto-connect-pro-non-ttl\/"},"modified":"2023-10-04T16:43:12","modified_gmt":"2023-10-04T16:43:12","slug":"profoto-connect-pro-non-ttl","status":"publish","type":"product","link":"https:\/\/palmaequipmentrental.com\/es\/photo-video-equipment-mallorca\/profoto-connect-pro-non-ttl\/","title":{"rendered":"Profoto Connect Pro (Non-TTL)"},"content":{"rendered":"<p>Profoto Connect Pro (No TTL) Remote: Control Preciso de la Iluminaci\u00f3n<\/p>\n<p>Desbloquea el poder del control preciso de la iluminaci\u00f3n con el Profoto Connect Pro (No TTL) Remote. Dise\u00f1ado para una integraci\u00f3n perfecta en la zapata caliente de tu c\u00e1mara, este mando a distancia intuitivo te permite controlar grupos de flashes AirX sin TTL.<\/p>\n<p>Especificaciones T\u00e9cnicas:<\/p>\n<ul>\n<li>Sencilla fijaci\u00f3n en la zapata caliente para una configuraci\u00f3n instant\u00e1nea<\/li>\n<li>Compatible con todas las c\u00e1maras que dispongan de una zapata caliente<\/li>\n<li>Control manual de la configuraci\u00f3n individual de los flashes desde tu posici\u00f3n de disparo<\/li>\n<li>Sincronizaci\u00f3n perfecta de la configuraci\u00f3n del Connect Pro en la aplicaci\u00f3n Profoto Control de tu iPad, iPhone o smartphone Android<\/li>\n<\/ul>\n<p>En Palma Equipment Rental, somos tu socio de confianza para el alquiler de equipos fotogr\u00e1ficos profesionales en Palma de Mallorca y m\u00e1s all\u00e1. Ofrecemos una amplia gama de equipos est\u00e1ndar de la industria, incluido el Profoto Connect Pro (No TTL) Remote, junto con soporte t\u00e9cnico las 24 horas, los 7 d\u00edas de la semana. Experimenta la flexibilidad, la eficiencia y el servicio amigable mientras exploras las infinitas posibilidades de tu creatividad.<\/p>\n","protected":false},"excerpt":{"rendered":"<p>Profoto Connect Pro (No TTL) Remote: Control Preciso de la Iluminaci\u00f3n Desbloquea el poder del control preciso de la iluminaci\u00f3n con el Profoto Connect Pro (No TTL) Remote. Dise\u00f1ado para una integraci\u00f3n perfecta en la zapata caliente de tu c\u00e1mara, este mando a distancia intuitivo te permite controlar grupos de flashes AirX sin TTL. Especificaciones T\u00e9cnicas: Sencilla fijaci\u00f3n en la [&hellip;]<\/p>\n","protected":false},"featured_media":13494,"template":"","meta":[],"product_cat":[190],"product_tag":[],"class_list":{"0":"post-13496","1":"product","2":"type-product","3":"status-publish","4":"has-post-thumbnail","6":"product_cat-sincronizacion-remota","8":"first","9":"instock","10":"shipping-taxable","11":"purchasable","12":"product-type-simple"},"_links":{"self":[{"href":"https:\/\/palmaequipmentrental.com\/es\/wp-json\/wp\/v2\/product\/13496","targetHints":{"allow":["GET"]}}],"collection":[{"href":"https:\/\/palmaequipmentrental.com\/es\/wp-json\/wp\/v2\/product"}],"about":[{"href":"https:\/\/palmaequipmentrental.com\/es\/wp-json\/wp\/v2\/types\/product"}],"wp:featuredmedia":[{"embeddable":true,"href":"https:\/\/palmaequipmentrental.com\/es\/wp-json\/wp\/v2\/media\/13494"}],"wp:attachment":[{"href":"https:\/\/palmaequipmentrental.com\/es\/wp-json\/wp\/v2\/media?parent=13496"}],"wp:term":[{"taxonomy":"product_cat","embeddable":true,"href":"https:\/\/palmaequipmentrental.com\/es\/wp-json\/wp\/v2\/product_cat?post=13496"},{"taxonomy":"product_tag","embeddable":true,"href":"https:\/\/palmaequipmentrental.com\/es\/wp-json\/wp\/v2\/product_tag?post=13496"}],"curies":[{"name":"wp","href":"https:\/\/api.w.org\/{rel}","templated":true}]}}