{"id":13517,"date":"2023-10-06T13:45:08","date_gmt":"2023-10-06T13:50:45","guid":{"rendered":"https:\/\/www.palmaequipmentrental.com\/?post_type=product&#038;p=13517"},"modified":"2023-10-11T15:14:15","modified_gmt":"2023-10-11T15:14:15","slug":"glimmerglass-82mm-1-2","status":"publish","type":"product","link":"https:\/\/palmaequipmentrental.com\/es\/photo-video-equipment-mallorca\/glimmerglass-82mm-1-2\/","title":{"rendered":"Filtro Glimmerglass 82mm 1\/2"},"content":{"rendered":"<p>Potencia tu visi\u00f3n creativa con el filtro Glimmerglass 82mm 1\/2, una herramienta esencial en el arsenal de fot\u00f3grafos y cineastas profesionales.<\/p>\n<p><strong>Especificaciones T\u00e9cnicas:<\/strong><\/p>\n<ul>\n<li>Tama\u00f1o: 82 mm<\/li>\n<li>Tipo de Filtro: Glimmerglass 1\/2<\/li>\n<li>Creado para efectos sutiles pero cautivadores de enfoque suave<\/li>\n<li>Ideal para fotograf\u00eda de moda y publicidad<\/li>\n<li>Dise\u00f1ado con precisi\u00f3n para mejorar la calidad de imagen de manera excepcional<\/li>\n<\/ul>\n<p>En Palma Equipment Rental, somos tu socio de confianza para el alquiler de equipos fotogr\u00e1ficos profesionales. Con sede en Palma de Mallorca, Espa\u00f1a, ofrecemos una amplia gama de equipos est\u00e1ndar de la industria, incluido el filtro Glimmerglass 82mm 1\/2. Con nuestro servicio flexible, eficiente y amigable, adem\u00e1s de soporte t\u00e9cnico las 24 horas del d\u00eda, te brindamos las herramientas para dar vida a tus visiones creativas, ya sea en las Islas Baleares, en la Espa\u00f1a continental o m\u00e1s all\u00e1. Explora las infinitas posibilidades de tu arte con nosotros.<\/p>\n","protected":false},"excerpt":{"rendered":"<p>Potencia tu visi\u00f3n creativa con el filtro Glimmerglass 82mm 1\/2, una herramienta esencial en el arsenal de fot\u00f3grafos y cineastas profesionales. Especificaciones T\u00e9cnicas: Tama\u00f1o: 82 mm Tipo de Filtro: Glimmerglass 1\/2 Creado para efectos sutiles pero cautivadores de enfoque suave Ideal para fotograf\u00eda de moda y publicidad Dise\u00f1ado con precisi\u00f3n para mejorar la calidad de imagen de manera excepcional En [&hellip;]<\/p>\n","protected":false},"featured_media":13514,"template":"","meta":[],"product_cat":[405,446],"product_tag":[],"class_list":{"0":"post-13517","1":"product","2":"type-product","3":"status-publish","4":"has-post-thumbnail","6":"product_cat-filtros-es","7":"product_cat-filtros-anillos-adaptadores","9":"first","10":"instock","11":"shipping-taxable","12":"purchasable","13":"product-type-simple"},"_links":{"self":[{"href":"https:\/\/palmaequipmentrental.com\/es\/wp-json\/wp\/v2\/product\/13517","targetHints":{"allow":["GET"]}}],"collection":[{"href":"https:\/\/palmaequipmentrental.com\/es\/wp-json\/wp\/v2\/product"}],"about":[{"href":"https:\/\/palmaequipmentrental.com\/es\/wp-json\/wp\/v2\/types\/product"}],"wp:featuredmedia":[{"embeddable":true,"href":"https:\/\/palmaequipmentrental.com\/es\/wp-json\/wp\/v2\/media\/13514"}],"wp:attachment":[{"href":"https:\/\/palmaequipmentrental.com\/es\/wp-json\/wp\/v2\/media?parent=13517"}],"wp:term":[{"taxonomy":"product_cat","embeddable":true,"href":"https:\/\/palmaequipmentrental.com\/es\/wp-json\/wp\/v2\/product_cat?post=13517"},{"taxonomy":"product_tag","embeddable":true,"href":"https:\/\/palmaequipmentrental.com\/es\/wp-json\/wp\/v2\/product_tag?post=13517"}],"curies":[{"name":"wp","href":"https:\/\/api.w.org\/{rel}","templated":true}]}}